{"id":39703,"date":"2013-08-05T10:07:52","date_gmt":"2013-08-05T14:07:52","guid":{"rendered":"https:\/\/www.lessence-ciel.com\/?page_id=39703"},"modified":"2020-11-14T13:44:05","modified_gmt":"2020-11-14T18:44:05","slug":"mission","status":"publish","type":"page","link":"https:\/\/www.lessence-ciel.com\/en\/mission\/","title":{"rendered":"About Us"},"content":{"rendered":"<h3 id=\"mission\">Mission<\/h3>\n<p>Fiers d\u2019\u00eatre Gardiens de l\u2019Essence-Ciel,\u00a0nous prenons \u00e0 c\u0153ur la mission de rendre disponible et accessibles les connaissances. Notre but est de favoriser la sant\u00e9 \u00e0 tous les niveaux (physique, \u00e9motionnel, mental et spirituel).<\/p>\n<p>Nous croyons que la cr\u00e9ation d\u2019un monde meilleur se fait un individu \u00e0 la fois.<\/p>\n<p>Nous sommes motiv\u00e9s \u00e0 guider\/conseiller vers le meilleur de soi\u00a0: Autonomie, authenticit\u00e9, v\u00e9rit\u00e9, amour de soi, connaissance de soi, respect de soi et confiance en soi.<\/p>\n<h3 id=\"vision\">Vision<\/h3>\n<p>Par l\u2019entremise d\u2019une Librairie-Boutique, d\u2019un Centre de Formations et de Consultations et d\u2019un Portail (site internet), nous offrons un environnement permettant une ouverture de conscience et le d\u00e9veloppement spirituel de la personne en toute s\u00e9curit\u00e9.<\/p>\n<p>Chacun peut venir partager, \u00e9changer dans un des lieux physiques (la Boutique et le Centre) ou de fa\u00e7on virtuelle \u00e0 travers notre portail (site internet et r\u00e9seaux sociaux).<\/p>\n<h3 id=\"histoire\">Notre histoire<\/h3>\n<p>\u00c0 venir..<\/p>\n","protected":false},"excerpt":{"rendered":"<p>Mission Fiers d\u2019\u00eatre Gardiens de l\u2019Essence-Ciel,\u00a0nous prenons \u00e0 c\u0153ur la mission de rendre disponible et accessibles les connaissances. Notre but est de favoriser la sant\u00e9 \u00e0 tous les niveaux (physique, \u00e9motionnel, mental et spirituel). Nous croyons que la cr\u00e9ation d\u2019un monde meilleur se fait un individu \u00e0 la fois. Nous [&hellip;]<\/p>\n","protected":false},"author":3,"featured_media":69640,"parent":0,"menu_order":0,"comment_status":"open","ping_status":"closed","template":"pages\/notre-mission.php","meta":{"_acf_changed":false,"footnotes":""},"class_list":["post-39703","page","type-page","status-publish","has-post-thumbnail","hentry"],"acf":{"modele_type":"blog","modele_email":"single","acf-general_shortdesc":"","modele_single":{"lead_magnet":"","lead_click":"","post_hasvideo":"no","video_associee":{"post_video":"","description_video":"","thumb_video":null}},"modele_default":{"desc":"","lead_click":"Clique ici pour plus d'information"},"modele_hook":{"image_height":null,"lead_magnet":"","key_phase":"","desc":"","lead_click":"Clique ici pour plus d'information"},"modele_bullets":{"image_height":null,"bullets":null,"lead_click":"Clique ici pour plus d'information"}},"_links":{"self":[{"href":"https:\/\/www.lessence-ciel.com\/en\/wp-json\/wp\/v2\/pages\/39703","targetHints":{"allow":["GET"]}}],"collection":[{"href":"https:\/\/www.lessence-ciel.com\/en\/wp-json\/wp\/v2\/pages"}],"about":[{"href":"https:\/\/www.lessence-ciel.com\/en\/wp-json\/wp\/v2\/types\/page"}],"author":[{"embeddable":true,"href":"https:\/\/www.lessence-ciel.com\/en\/wp-json\/wp\/v2\/users\/3"}],"replies":[{"embeddable":true,"href":"https:\/\/www.lessence-ciel.com\/en\/wp-json\/wp\/v2\/comments?post=39703"}],"version-history":[{"count":0,"href":"https:\/\/www.lessence-ciel.com\/en\/wp-json\/wp\/v2\/pages\/39703\/revisions"}],"wp:featuredmedia":[{"embeddable":true,"href":"https:\/\/www.lessence-ciel.com\/en\/wp-json\/wp\/v2\/media\/69640"}],"wp:attachment":[{"href":"https:\/\/www.lessence-ciel.com\/en\/wp-json\/wp\/v2\/media?parent=39703"}],"curies":[{"name":"wp","href":"https:\/\/api.w.org\/{rel}","templated":true}]}}