{"id":39705,"date":"2012-12-10T21:02:23","date_gmt":"2012-12-11T02:02:23","guid":{"rendered":"https:\/\/www.lessence-ciel.com\/?page_id=39705"},"modified":"2015-03-05T00:05:21","modified_gmt":"2015-03-05T05:05:21","slug":"services","status":"publish","type":"page","link":"https:\/\/www.lessence-ciel.com\/en\/services\/","title":{"rendered":"Services"},"content":{"rendered":"<div class=\"content\" style=\"text-align: left;\"><a title=\"Voir les Ateliers et Formations\" href=\"https:\/\/www.lessence-ciel.com\/services-offerts\/atelier-et-formations\/\" target=\"_blank\"><span class=\"page-titre-parent\"><strong>Ateliers et Formations<\/strong>: <\/span><\/a>Pour ceux qui sont passionn\u00e9es\u00a0 par ce qui a trait \u00e0 l\u2019\u00e9nergie et qui veulent\u00a0 retrouver leurs autonomie \u00a0l\u2019Essence-Ciel propose plusieurs ateliers et formations qui favorise le d\u00e9veloppement psychique et m\u00e9diumnique de l\u2019\u00eatre. Notre mission est de mettre \u00e0 la lumi\u00e8re ce qui fut occult\u00e9, de d\u00e9mystifier le d\u00e9veloppement psychique et m\u00e9diumnique\u00a0 et de naturaliser les processus d\u2019ouverture de la conscience aux autres r\u00e9alit\u00e9s. Nos ateliers et nos formations sont d\u00e9velopp\u00e9 et choisis en fonction des demandes et besoins de notre <a title=\"Voir Consultations et Traitements\" href=\"https:\/\/www.lessence-ciel.com\/services-offerts\/traitements-et-consultations\/\" target=\"_blank\">client\u00e8le.<\/a><\/div>\n<article class=\"post full-width clearfix\"><\/article>\n<div class=\"content\"><strong><a title=\"Voir Consultations et Traitements\" href=\"https:\/\/www.lessence-ciel.com\/services-offerts\/traitements-et-consultations\/\" target=\"_blank\"><span class=\"page-titre-parent\">Consultations et Traitements<\/span><\/a><a title=\"Voir les Consultations et Traitements\" href=\"https:\/\/www.lessence-ciel.com\/services-offerts\/traitements-et-consultations\/\" target=\"_blank\"><span class=\"page-titre-parent\"> : <\/span><\/a><\/strong>Afin de supporter la gu\u00e9rison, le cheminement et l\u2019\u00e9veil spirituel\u00a0 nous offrons des sessions \u00a0de consultations et de traitements priv\u00e9s. \u00a0\u00a0Ceux-ci permettent\u00a0 \u00e0 chacun de recevoir des soins individuelle, des r\u00e9ponses aux questions personnels ainsi qu\u2019une intervention et un \u00a0enseignement sp\u00e9cifique relier aux probl\u00e8mes qui peuvent \u00eatre d\u00e9voil\u00e9s lors d\u2019une session. Pour ceux qui se cherchent et qui sont pr\u00eats \u00e0 retrouver leur source. Tarot, harmonisation, lecture de l&#8217;aura, enseignements individualis\u00e9s et r\u00e9ponses aux questions personnelles. Guidance ici et maintenant par rapport \u00e0 votre cheminement.<\/div>\n<div class=\"content\"><strong><a title=\"Voir les Activit\u00e9s et \u00c9v\u00e8nements\" href=\"https:\/\/www.lessence-ciel.com\/services-offerts\/activites-et-evenements\/\" target=\"_blank\"><span class=\"page-titre-parent\">Activit\u00e9s et \u00c9v\u00e8nements: <\/span><\/a><\/strong>Afin de favoriser le partage et les liens dans notre communaut\u00e9\u00a0 nous sommes fiers d\u2019organiser certaines activit\u00e9s et \u00e9v\u00e8nements. \u00a0Nos activit\u00e9s se d\u00e9veloppent suite aux demandes et aux besoins exprimer par notre communaut\u00e9.<\/div>\n<h3>Rendez-vous et inscriptions<\/h3>\n<p>Pour vous inscrire, pr\u00e9sentez-vous \u00e0 la Librairie &amp; Boutique l&#8217;Essence-Ciel, au <strong>867 Jacques Cartier<\/strong>, Gatineau, Qu\u00e9bec ou appelez au <strong>819-568-ANGE<\/strong>. Le paiement de l&#8217;atelier ou de la formation confirme votre inscription. Il est n\u00e9cesaire d&#8217;annuler 48 heures \u00e0 l&#8217;avance pour \u00eatre rembours\u00e9.<\/p>\n","protected":false},"excerpt":{"rendered":"<p>Ateliers et Formations: Pour ceux qui sont passionn\u00e9es\u00a0 par ce qui a trait \u00e0 l\u2019\u00e9nergie et qui veulent\u00a0 retrouver leurs autonomie \u00a0l\u2019Essence-Ciel propose plusieurs ateliers et formations qui favorise le d\u00e9veloppement psychique et m\u00e9diumnique de l\u2019\u00eatre. Notre mission est de mettre \u00e0 la lumi\u00e8re ce qui fut occult\u00e9, de d\u00e9mystifier [&hellip;]<\/p>\n","protected":false},"author":3,"featured_media":0,"parent":0,"menu_order":0,"comment_status":"open","ping_status":"closed","template":"pages\/_services-offerts.php","meta":{"_acf_changed":false,"footnotes":""},"class_list":["post-39705","page","type-page","status-publish","hentry"],"acf":{"modele_type":"blog","modele_email":"single","acf-general_shortdesc":"","modele_single":{"lead_magnet":"","lead_click":"","post_hasvideo":"no","video_associee":{"post_video":"","description_video":"","thumb_video":null}},"modele_default":{"desc":"","lead_click":"Clique ici pour plus d'information"},"modele_hook":{"image_height":null,"lead_magnet":"","key_phase":"","desc":"","lead_click":"Clique ici pour plus d'information"},"modele_bullets":{"image_height":null,"bullets":null,"lead_click":"Clique ici pour plus d'information"}},"_links":{"self":[{"href":"https:\/\/www.lessence-ciel.com\/en\/wp-json\/wp\/v2\/pages\/39705","targetHints":{"allow":["GET"]}}],"collection":[{"href":"https:\/\/www.lessence-ciel.com\/en\/wp-json\/wp\/v2\/pages"}],"about":[{"href":"https:\/\/www.lessence-ciel.com\/en\/wp-json\/wp\/v2\/types\/page"}],"author":[{"embeddable":true,"href":"https:\/\/www.lessence-ciel.com\/en\/wp-json\/wp\/v2\/users\/3"}],"replies":[{"embeddable":true,"href":"https:\/\/www.lessence-ciel.com\/en\/wp-json\/wp\/v2\/comments?post=39705"}],"version-history":[{"count":0,"href":"https:\/\/www.lessence-ciel.com\/en\/wp-json\/wp\/v2\/pages\/39705\/revisions"}],"wp:attachment":[{"href":"https:\/\/www.lessence-ciel.com\/en\/wp-json\/wp\/v2\/media?parent=39705"}],"curies":[{"name":"wp","href":"https:\/\/api.w.org\/{rel}","templated":true}]}}