{"id":51585,"date":"2017-04-03T13:45:52","date_gmt":"2017-04-03T17:45:52","guid":{"rendered":"https:\/\/www.lessence-ciel.com\/ouvertures-demploi\/"},"modified":"2020-07-25T12:58:18","modified_gmt":"2020-07-25T16:58:18","slug":"ouvertures-demploi","status":"publish","type":"page","link":"https:\/\/www.lessence-ciel.com\/en\/contact-us\/ouvertures-demploi\/","title":{"rendered":"Ouvertures d&#8217;emploi"},"content":{"rendered":"<p class=\"intro\">Pr\u00e9sentement nous avons des ouvertures pour b\u00e9n\u00e9voles avec divers expertises. Pour les d\u00e9tails et la proc\u00e9dure \u00e0 suivre afin de soumettre ta candidature\u00a0 <a href=\"https:\/\/www.lessence-ciel.com\/appel-a-laide-danges-benevoles\/\">Suivre ce lien\u00a0<\/a><\/p>\n<p>Si vous \u00eates int\u00e9ress\u00e9s par une possibilit\u00e9 d&#8217;emploi futur ou de collaboration professionnel\u00a0 transmettez votre CV avec une lettre d&#8217;introduction et les d\u00e9tails de votre motivation au <a href=\"mailto:info@lessence-ciel.com\">info@lessence-ciel.com<\/a> .<\/p>\n<p>Merci.<\/p>\n","protected":false},"excerpt":{"rendered":"<p>Pr\u00e9sentement nous avons des ouvertures pour b\u00e9n\u00e9voles avec divers expertises. Pour les d\u00e9tails et la proc\u00e9dure \u00e0 suivre afin de soumettre ta candidature\u00a0 Suivre ce lien\u00a0 Si vous \u00eates int\u00e9ress\u00e9s par une possibilit\u00e9 d&#8217;emploi futur ou de collaboration professionnel\u00a0 transmettez votre CV avec une lettre d&#8217;introduction et les d\u00e9tails de [&hellip;]<\/p>\n","protected":false},"author":3,"featured_media":63351,"parent":39702,"menu_order":0,"comment_status":"closed","ping_status":"closed","template":"","meta":{"_acf_changed":false,"footnotes":""},"class_list":["post-51585","page","type-page","status-publish","has-post-thumbnail","hentry"],"acf":{"modele_type":"blog","modele_email":"single","acf-general_shortdesc":"","modele_single":{"lead_magnet":"","lead_click":"","post_hasvideo":"no","video_associee":{"post_video":"","description_video":"","thumb_video":null}},"modele_default":{"desc":"","lead_click":"Clique ici pour plus d'information"},"modele_hook":{"image_height":null,"lead_magnet":"","key_phase":"","desc":"","lead_click":"Clique ici pour plus d'information"},"modele_bullets":{"image_height":null,"bullets":null,"lead_click":"Clique ici pour plus d'information"}},"_links":{"self":[{"href":"https:\/\/www.lessence-ciel.com\/en\/wp-json\/wp\/v2\/pages\/51585","targetHints":{"allow":["GET"]}}],"collection":[{"href":"https:\/\/www.lessence-ciel.com\/en\/wp-json\/wp\/v2\/pages"}],"about":[{"href":"https:\/\/www.lessence-ciel.com\/en\/wp-json\/wp\/v2\/types\/page"}],"author":[{"embeddable":true,"href":"https:\/\/www.lessence-ciel.com\/en\/wp-json\/wp\/v2\/users\/3"}],"replies":[{"embeddable":true,"href":"https:\/\/www.lessence-ciel.com\/en\/wp-json\/wp\/v2\/comments?post=51585"}],"version-history":[{"count":0,"href":"https:\/\/www.lessence-ciel.com\/en\/wp-json\/wp\/v2\/pages\/51585\/revisions"}],"up":[{"embeddable":true,"href":"https:\/\/www.lessence-ciel.com\/en\/wp-json\/wp\/v2\/pages\/39702"}],"wp:featuredmedia":[{"embeddable":true,"href":"https:\/\/www.lessence-ciel.com\/en\/wp-json\/wp\/v2\/media\/63351"}],"wp:attachment":[{"href":"https:\/\/www.lessence-ciel.com\/en\/wp-json\/wp\/v2\/media?parent=51585"}],"curies":[{"name":"wp","href":"https:\/\/api.w.org\/{rel}","templated":true}]}}