{"id":51586,"date":"2017-04-03T13:34:44","date_gmt":"2017-04-03T17:34:44","guid":{"rendered":"https:\/\/www.lessence-ciel.com\/benevolat\/"},"modified":"2017-04-11T11:40:56","modified_gmt":"2017-04-11T15:40:56","slug":"benevolat","status":"publish","type":"page","link":"https:\/\/www.lessence-ciel.com\/en\/contact-us\/benevolat\/","title":{"rendered":"Volunteering"},"content":{"rendered":"<p>Pour les \u00e9v\u00e8nements suivant, nous cherchons des b\u00e9n\u00e9voles:<\/p>\n<ul>\n<li>Aucuns pour le moment.<\/li>\n<\/ul>\n<p>Il s&#8217;agira d&#8217;une exp\u00e9rience inoubliable et enrichissante \u00e0 tous les niveaux, et nous serons \u00e9ternellement reconnaissant de votre pr\u00e9sence.<\/p>\n","protected":false},"excerpt":{"rendered":"<p>Pour les \u00e9v\u00e8nements suivant, nous cherchons des b\u00e9n\u00e9voles: Aucuns pour le moment. Il s&#8217;agira d&#8217;une exp\u00e9rience inoubliable et enrichissante \u00e0 tous les niveaux, et nous serons \u00e9ternellement reconnaissant de votre pr\u00e9sence.<\/p>\n","protected":false},"author":3,"featured_media":47955,"parent":39702,"menu_order":0,"comment_status":"closed","ping_status":"closed","template":"","meta":{"_acf_changed":false,"footnotes":""},"class_list":["post-51586","page","type-page","status-publish","has-post-thumbnail","hentry"],"acf":{"modele_type":"blog","modele_email":"single","acf-general_shortdesc":"","modele_single":{"lead_magnet":"","lead_click":"","post_hasvideo":"no","video_associee":{"post_video":"","description_video":"","thumb_video":null}},"modele_default":{"desc":"","lead_click":"Clique ici pour plus d'information"},"modele_hook":{"image_height":null,"lead_magnet":"","key_phase":"","desc":"","lead_click":"Clique ici pour plus d'information"},"modele_bullets":{"image_height":null,"bullets":null,"lead_click":"Clique ici pour plus d'information"}},"_links":{"self":[{"href":"https:\/\/www.lessence-ciel.com\/en\/wp-json\/wp\/v2\/pages\/51586","targetHints":{"allow":["GET"]}}],"collection":[{"href":"https:\/\/www.lessence-ciel.com\/en\/wp-json\/wp\/v2\/pages"}],"about":[{"href":"https:\/\/www.lessence-ciel.com\/en\/wp-json\/wp\/v2\/types\/page"}],"author":[{"embeddable":true,"href":"https:\/\/www.lessence-ciel.com\/en\/wp-json\/wp\/v2\/users\/3"}],"replies":[{"embeddable":true,"href":"https:\/\/www.lessence-ciel.com\/en\/wp-json\/wp\/v2\/comments?post=51586"}],"version-history":[{"count":0,"href":"https:\/\/www.lessence-ciel.com\/en\/wp-json\/wp\/v2\/pages\/51586\/revisions"}],"up":[{"embeddable":true,"href":"https:\/\/www.lessence-ciel.com\/en\/wp-json\/wp\/v2\/pages\/39702"}],"wp:featuredmedia":[{"embeddable":true,"href":"https:\/\/www.lessence-ciel.com\/en\/wp-json\/wp\/v2\/media\/47955"}],"wp:attachment":[{"href":"https:\/\/www.lessence-ciel.com\/en\/wp-json\/wp\/v2\/media?parent=51586"}],"curies":[{"name":"wp","href":"https:\/\/api.w.org\/{rel}","templated":true}]}}