{"id":51590,"date":"2016-04-24T10:58:52","date_gmt":"2016-04-24T14:58:52","guid":{"rendered":"https:\/\/www.lessence-ciel.com\/temoignage\/"},"modified":"2020-07-25T12:58:16","modified_gmt":"2020-07-25T16:58:16","slug":"temoignage","status":"publish","type":"page","link":"https:\/\/www.lessence-ciel.com\/en\/temoignage\/","title":{"rendered":"Laissez-nous un t\u00e9moignage"},"content":{"rendered":"<p>Nous sommes reconnaissants de tous vos commentaires et t\u00e9moignages \u00e0 l&#8217;Essence-ciel.<\/p>\n<p>Votre courriel ne sera utilis\u00e9 qu&#8217;afin de vous contacter en cas de questions par rapport \u00e0 votre t\u00e9moignage. Si vous avez des questions, nous vous invitons plut\u00f4t \u00e0 envoyer un courriel \u00e0 notre adresse <a href=\"mailto:info@lessence-ciel.com\">info@lessence-ciel.com<\/a> .<\/p>\n<p>[ninja_forms id=8]<\/p>\n","protected":false},"excerpt":{"rendered":"<p>Nous sommes reconnaissants de tous vos commentaires et t\u00e9moignages \u00e0 l&#8217;Essence-ciel. Votre courriel ne sera utilis\u00e9 qu&#8217;afin de vous contacter en cas de questions par rapport \u00e0 votre t\u00e9moignage. Si vous avez des questions, nous vous invitons plut\u00f4t \u00e0 envoyer un courriel \u00e0 notre adresse info@lessence-ciel.com . [ninja_forms id=8]<\/p>\n","protected":false},"author":3,"featured_media":0,"parent":0,"menu_order":0,"comment_status":"closed","ping_status":"closed","template":"","meta":{"_acf_changed":false,"footnotes":""},"class_list":["post-51590","page","type-page","status-publish","hentry"],"acf":{"modele_type":"blog","modele_email":"single","acf-general_shortdesc":"","modele_single":{"lead_magnet":"","lead_click":"","post_hasvideo":"no","video_associee":{"post_video":"","description_video":"","thumb_video":null}},"modele_default":{"desc":"","lead_click":"Clique ici pour plus d'information"},"modele_hook":{"image_height":null,"lead_magnet":"","key_phase":"","desc":"","lead_click":"Clique ici pour plus d'information"},"modele_bullets":{"image_height":null,"bullets":null,"lead_click":"Clique ici pour plus d'information"}},"_links":{"self":[{"href":"https:\/\/www.lessence-ciel.com\/en\/wp-json\/wp\/v2\/pages\/51590","targetHints":{"allow":["GET"]}}],"collection":[{"href":"https:\/\/www.lessence-ciel.com\/en\/wp-json\/wp\/v2\/pages"}],"about":[{"href":"https:\/\/www.lessence-ciel.com\/en\/wp-json\/wp\/v2\/types\/page"}],"author":[{"embeddable":true,"href":"https:\/\/www.lessence-ciel.com\/en\/wp-json\/wp\/v2\/users\/3"}],"replies":[{"embeddable":true,"href":"https:\/\/www.lessence-ciel.com\/en\/wp-json\/wp\/v2\/comments?post=51590"}],"version-history":[{"count":0,"href":"https:\/\/www.lessence-ciel.com\/en\/wp-json\/wp\/v2\/pages\/51590\/revisions"}],"wp:attachment":[{"href":"https:\/\/www.lessence-ciel.com\/en\/wp-json\/wp\/v2\/media?parent=51590"}],"curies":[{"name":"wp","href":"https:\/\/api.w.org\/{rel}","templated":true}]}}