{"id":34947,"date":"2015-02-23T00:28:43","date_gmt":"2015-02-23T05:28:43","guid":{"rendered":"https:\/\/www.lessence-ciel.com\/?post_type=product&#038;p=34947"},"modified":"2018-12-23T14:51:40","modified_gmt":"2018-12-23T19:51:40","slug":"coffret-jeu-cercle-messager-des-anges","status":"publish","type":"product","link":"https:\/\/www.lessence-ciel.com\/en\/products-store\/coffret-jeu-cercle-messager-des-anges\/","title":{"rendered":"Coffret jeu- Cercle messager des anges"},"content":{"rendered":"<div><i><b>Doreen Virtue<\/b><\/i><\/div>\n<div><\/div>\n<p>D<span style=\"font-family: Candara; font-size: 15px; font-style: normal;\">oreen Virtue communique avec les anges depuis toujours. Elle a cr\u00e9\u00e9 le Cercle messager des Anges afin que vous puissiez recevoir des r\u00e9ponses sp\u00e9cifiques et pr\u00e9cises (y compris des r\u00e9ponses telles que oui ou non) aux questions que vous vous posez sur votre carri\u00e8re ou vos finances, ou encore sur votre vie amoureuse, votre famille, votre sant\u00e9 ou votre cheminement spirituel. Ce petit livret vous fournit toute l\u2019information n\u00e9cessaire pour faire l\u2019interpr\u00e9tation des messages qui vous sont livr\u00e9s personnellement ou pour une autre personne. Clairvoyante et titulaire d\u2019un doctorat en psychologie, Doreen Virtue, Ph. D., explore les dimensions ang\u00e9lique et \u00e9l\u00e9mentaire ainsi que tout ce qui touche les ma\u00eetres ascensionn\u00e9s. Elle est l\u2019auteure de Archanges et ma\u00eetres ascensionn\u00e9s et de Gu\u00e9rir avec les Anges, entre autres ouvrages. Doreen a particip\u00e9 \u00e0 plusieurs \u00e9missions t\u00e9l\u00e9vis\u00e9es, dont Oprah, The View, Good Morning America, ainsi qu\u2019\u00e0 des \u00e9missions sur le r\u00e9seau CNN et ailleurs. Elle anime des ateliers partout dans le monde.<\/span><\/p>\n","protected":false},"excerpt":{"rendered":"<p>Doreen Virtue Doreen Virtue communique avec les anges depuis toujours. Elle a cr\u00e9\u00e9 le Cercle messager des Anges afin que vous puissiez recevoir des r\u00e9ponses sp\u00e9cifiques et pr\u00e9cises (y compris des r\u00e9ponses telles que oui ou non) aux questions que vous vous posez sur votre carri\u00e8re ou vos finances, ou [&hellip;]<\/p>\n","protected":false},"featured_media":61705,"template":"","meta":{"_acf_changed":false,"wds_primary_classe-produit":0,"wds_primary_categories-produits":0,"wds_primary_thematique":0,"wds_primary_product_brand":0,"wds_primary_product_cat":0},"classe-produit":[377,366],"categories-produits":[],"thematique":[529,747,745,913,533,921],"product_brand":[],"class_list":{"0":"post-34947","1":"product","2":"type-product","3":"status-publish","4":"has-post-thumbnail","6":"classe-produit-positive-thinking-inspiration-cards","7":"classe-produit-visionary-tools","8":"thematique-angels-world","9":"thematique-angels","10":"thematique-angels-archangels","11":"thematique-divination-oracles","12":"thematique-minds-sanctuary","13":"thematique-runes-numerology-oracles","15":"first","16":"instock","17":"taxable","18":"shipping-taxable","19":"purchasable","20":"product-type-simple"},"acf":{"modele_type":"blog","modele_email":"single","acf-general_shortdesc":"","modele_single":{"lead_magnet":"","lead_click":"","post_hasvideo":"no","video_associee":{"post_video":"","description_video":"","thumb_video":null}},"modele_default":{"desc":"","lead_click":"Clique ici pour plus d'information"},"modele_hook":{"image_height":null,"lead_magnet":"","key_phase":"","desc":"","lead_click":"Clique ici pour plus d'information"},"modele_bullets":{"image_height":null,"bullets":null,"lead_click":"Clique ici pour plus d'information"}},"_links":{"self":[{"href":"https:\/\/www.lessence-ciel.com\/en\/wp-json\/wp\/v2\/product\/34947","targetHints":{"allow":["GET"]}}],"collection":[{"href":"https:\/\/www.lessence-ciel.com\/en\/wp-json\/wp\/v2\/product"}],"about":[{"href":"https:\/\/www.lessence-ciel.com\/en\/wp-json\/wp\/v2\/types\/product"}],"wp:featuredmedia":[{"embeddable":true,"href":"https:\/\/www.lessence-ciel.com\/en\/wp-json\/wp\/v2\/media\/61705"}],"wp:attachment":[{"href":"https:\/\/www.lessence-ciel.com\/en\/wp-json\/wp\/v2\/media?parent=34947"}],"wp:term":[{"taxonomy":"classe-produit","embeddable":true,"href":"https:\/\/www.lessence-ciel.com\/en\/wp-json\/wp\/v2\/classe-produit?post=34947"},{"taxonomy":"categories-produits","embeddable":true,"href":"https:\/\/www.lessence-ciel.com\/en\/wp-json\/wp\/v2\/categories-produits?post=34947"},{"taxonomy":"thematique","embeddable":true,"href":"https:\/\/www.lessence-ciel.com\/en\/wp-json\/wp\/v2\/thematique?post=34947"},{"taxonomy":"product_brand","embeddable":true,"href":"https:\/\/www.lessence-ciel.com\/en\/wp-json\/wp\/v2\/product_brand?post=34947"}],"curies":[{"name":"wp","href":"https:\/\/api.w.org\/{rel}","templated":true}]}}