{"id":35030,"date":"2015-02-23T00:28:58","date_gmt":"2015-02-23T05:28:58","guid":{"rendered":"https:\/\/www.lessence-ciel.com\/?post_type=product&#038;p=35030"},"modified":"2018-12-02T12:56:40","modified_gmt":"2018-12-02T17:56:40","slug":"reiki-essentiel-2","status":"publish","type":"product","link":"https:\/\/www.lessence-ciel.com\/en\/products-store\/reiki-essentiel-2\/","title":{"rendered":"Reiki Essentiel"},"content":{"rendered":"<p>Le Reiki est un syst\u00e8me ancien et extr\u00eamement simple de gu\u00e9rison par imposition des mains, d\u00e9riv\u00e9 du Bouddhisme Tantrique. En Occident, le Reiki a \u00e9t\u00e9 tenu secret durant de longues ann\u00e9es. Vous d\u00e9couvrirez dans ce livre, des informations essentielles et in\u00e9dites sur les trois degr\u00e9s du Reiki. Excellent ouvrage qui couvre l\u2019enseignement technique et philosophique de cet art.<\/p>\n","protected":false},"excerpt":{"rendered":"<p>Le Reiki est un syst\u00e8me ancien et extr\u00eamement simple de gu\u00e9rison par imposition des mains, d\u00e9riv\u00e9 du Bouddhisme Tantrique. En Occident, le Reiki a \u00e9t\u00e9 tenu secret durant de longues ann\u00e9es. Vous d\u00e9couvrirez dans ce livre, des informations essentielles et in\u00e9dites sur les trois degr\u00e9s du Reiki. Excellent ouvrage qui [&hellip;]<\/p>\n","protected":false},"featured_media":45517,"template":"","meta":{"_acf_changed":false,"wds_primary_classe-produit":0,"wds_primary_categories-produits":0,"wds_primary_thematique":0,"wds_primary_product_brand":0,"wds_primary_product_cat":0},"classe-produit":[428,431],"categories-produits":[],"thematique":[529,806,800],"product_brand":[],"class_list":{"0":"post-35030","1":"product","2":"type-product","3":"status-publish","4":"has-post-thumbnail","6":"classe-produit-books","7":"classe-produit-library-books","8":"thematique-angels-world","9":"thematique-reiki","10":"thematique-reiki-light-work","12":"first","13":"instock","14":"taxable","15":"shipping-taxable","16":"purchasable","17":"product-type-simple"},"acf":{"modele_type":"blog","modele_email":"single","acf-general_shortdesc":"","modele_single":{"lead_magnet":"","lead_click":"","post_hasvideo":"no","video_associee":{"post_video":"","description_video":"","thumb_video":null}},"modele_default":{"desc":"","lead_click":"Clique ici pour plus d'information"},"modele_hook":{"image_height":null,"lead_magnet":"","key_phase":"","desc":"","lead_click":"Clique ici pour plus d'information"},"modele_bullets":{"image_height":null,"bullets":null,"lead_click":"Clique ici pour plus d'information"}},"_links":{"self":[{"href":"https:\/\/www.lessence-ciel.com\/en\/wp-json\/wp\/v2\/product\/35030","targetHints":{"allow":["GET"]}}],"collection":[{"href":"https:\/\/www.lessence-ciel.com\/en\/wp-json\/wp\/v2\/product"}],"about":[{"href":"https:\/\/www.lessence-ciel.com\/en\/wp-json\/wp\/v2\/types\/product"}],"wp:featuredmedia":[{"embeddable":true,"href":"https:\/\/www.lessence-ciel.com\/en\/wp-json\/wp\/v2\/media\/45517"}],"wp:attachment":[{"href":"https:\/\/www.lessence-ciel.com\/en\/wp-json\/wp\/v2\/media?parent=35030"}],"wp:term":[{"taxonomy":"classe-produit","embeddable":true,"href":"https:\/\/www.lessence-ciel.com\/en\/wp-json\/wp\/v2\/classe-produit?post=35030"},{"taxonomy":"categories-produits","embeddable":true,"href":"https:\/\/www.lessence-ciel.com\/en\/wp-json\/wp\/v2\/categories-produits?post=35030"},{"taxonomy":"thematique","embeddable":true,"href":"https:\/\/www.lessence-ciel.com\/en\/wp-json\/wp\/v2\/thematique?post=35030"},{"taxonomy":"product_brand","embeddable":true,"href":"https:\/\/www.lessence-ciel.com\/en\/wp-json\/wp\/v2\/product_brand?post=35030"}],"curies":[{"name":"wp","href":"https:\/\/api.w.org\/{rel}","templated":true}]}}