{"id":35138,"date":"2015-02-23T00:29:25","date_gmt":"2015-02-23T05:29:25","guid":{"rendered":"https:\/\/www.lessence-ciel.com\/?post_type=product&#038;p=35138"},"modified":"2018-11-25T13:44:07","modified_gmt":"2018-11-25T18:44:07","slug":"conversation-avec-dieu-2","status":"publish","type":"product","link":"https:\/\/www.lessence-ciel.com\/en\/products-store\/conversation-avec-dieu-2\/","title":{"rendered":"Conversation avec Dieu"},"content":{"rendered":"<p>La trilogie compl\u00e8te Conversations avec Dieu, tomes 1, 2 et 3 enfin r\u00e9unie en un seul volume. Il y a dix ans paraissait en librairie le tome 1 de Conversations avec Dieu. Rapidement vendu \u00e0 des centaines de milliers d\u2019exemplaires, ce ph\u00e9nom\u00e8ne de l\u2019\u00e9dition est demeur\u00e9 137 semaines, soit plus de deux ans et demi, sur la liste des succ\u00e8s de vente publi\u00e9e par le New York Times. Les tomes 2 et 3 l\u2019y ont rejoint. [Pour la traduction fran\u00e7aise, le total des ventes de ces trois premiers tomes atteignaient les 700,000 copies en d\u00e9cembre 2008.] Depuis, ces livres ont \u00e9t\u00e9 traduits en 23 langues et sont maintenant sur les rayons des librairies du monde entier ou presque, ce qui les place parmi les ouvrages spirituels contemporains les plus lus des temps modernes, avec des tirages de plusieurs millions. Dans un grand nombre des pays du monde, il est difficile de trouver une seule personne qui n\u2019ait pas au moins entendu parler de ces textes extraordinaires. Voici maintenant l\u2019\u00e9dition du 10e anniversaire, qui rassemble les trois tomes en un seul volume, et elle aussi tombe \u00e0 point.<\/p>\n","protected":false},"excerpt":{"rendered":"<p>La trilogie compl\u00e8te Conversations avec Dieu, tomes 1, 2 et 3 enfin r\u00e9unie en un seul volume. Il y a dix ans paraissait en librairie le tome 1 de Conversations avec Dieu. Rapidement vendu \u00e0 des centaines de milliers d\u2019exemplaires, ce ph\u00e9nom\u00e8ne de l\u2019\u00e9dition est demeur\u00e9 137 semaines, soit plus [&hellip;]<\/p>\n","protected":false},"featured_media":61730,"template":"","meta":{"_acf_changed":false,"wds_primary_classe-produit":0,"wds_primary_categories-produits":0,"wds_primary_thematique":0,"wds_primary_product_brand":0,"wds_primary_product_cat":0},"classe-produit":[428,431],"categories-produits":[],"thematique":[529,759,755],"product_brand":[],"class_list":{"0":"post-35138","1":"product","2":"type-product","3":"status-publish","4":"has-post-thumbnail","6":"classe-produit-books","7":"classe-produit-library-books","8":"thematique-angels-world","9":"thematique-inspired-writing","10":"thematique-spiritual-teaching","12":"first","13":"instock","14":"taxable","15":"shipping-taxable","16":"purchasable","17":"product-type-simple"},"acf":{"modele_type":"blog","modele_email":"single","acf-general_shortdesc":"","modele_single":{"lead_magnet":"","lead_click":"","post_hasvideo":"no","video_associee":{"post_video":"","description_video":"","thumb_video":null}},"modele_default":{"desc":"","lead_click":"Clique ici pour plus d'information"},"modele_hook":{"image_height":null,"lead_magnet":"","key_phase":"","desc":"","lead_click":"Clique ici pour plus d'information"},"modele_bullets":{"image_height":null,"bullets":null,"lead_click":"Clique ici pour plus d'information"}},"_links":{"self":[{"href":"https:\/\/www.lessence-ciel.com\/en\/wp-json\/wp\/v2\/product\/35138","targetHints":{"allow":["GET"]}}],"collection":[{"href":"https:\/\/www.lessence-ciel.com\/en\/wp-json\/wp\/v2\/product"}],"about":[{"href":"https:\/\/www.lessence-ciel.com\/en\/wp-json\/wp\/v2\/types\/product"}],"wp:featuredmedia":[{"embeddable":true,"href":"https:\/\/www.lessence-ciel.com\/en\/wp-json\/wp\/v2\/media\/61730"}],"wp:attachment":[{"href":"https:\/\/www.lessence-ciel.com\/en\/wp-json\/wp\/v2\/media?parent=35138"}],"wp:term":[{"taxonomy":"classe-produit","embeddable":true,"href":"https:\/\/www.lessence-ciel.com\/en\/wp-json\/wp\/v2\/classe-produit?post=35138"},{"taxonomy":"categories-produits","embeddable":true,"href":"https:\/\/www.lessence-ciel.com\/en\/wp-json\/wp\/v2\/categories-produits?post=35138"},{"taxonomy":"thematique","embeddable":true,"href":"https:\/\/www.lessence-ciel.com\/en\/wp-json\/wp\/v2\/thematique?post=35138"},{"taxonomy":"product_brand","embeddable":true,"href":"https:\/\/www.lessence-ciel.com\/en\/wp-json\/wp\/v2\/product_brand?post=35138"}],"curies":[{"name":"wp","href":"https:\/\/api.w.org\/{rel}","templated":true}]}}