{"id":35150,"date":"2015-02-23T00:29:27","date_gmt":"2015-02-23T05:29:27","guid":{"rendered":"https:\/\/www.lessence-ciel.com\/?post_type=product&#038;p=35150"},"modified":"2018-11-25T12:27:11","modified_gmt":"2018-11-25T17:27:11","slug":"anna-grand-mere-de-jesus-2","status":"publish","type":"product","link":"https:\/\/www.lessence-ciel.com\/en\/products-store\/anna-grand-mere-de-jesus-2\/","title":{"rendered":"Anna, Grand-m\u00e8re de J\u00e9sus"},"content":{"rendered":"<p>L\u2019histoire extraordinaire d\u2019une femme qui a chang\u00e9 le mondeen donnant naissance \u00e0 une lign\u00e9e spirituelleCet ouvrage remarquable regorge d\u2019informations concernant les ess\u00e9niens, les initiations, les soci\u00e9t\u00e9s secr\u00e8tes et d\u2019avant-garde qui ont travaill\u00e9 \u00e0 pr\u00e9server les enseignements v\u00e9ritables de J\u00e9sus.Anna r\u00e9v\u00e8le comment elle a utilis\u00e9 la r\u00e9g\u00e9n\u00e9ration cellulaire pour vivre plus de 600 ans. Elle divulgue les pi\u00e8ces manquantes de l\u2019histoire \u2013 sa v\u00e9ritable identit\u00e9 ainsi que celle de Marie Madeleine et de J\u00e9sus, les endroits o\u00f9 ils ont voyag\u00e9, les gens qu\u2019ils ont rencontr\u00e9s, et l\u2019importance du r\u00f4le de la communaut\u00e9 ess\u00e9nienne dans tout le drame de l\u2019\u00e9poque. Elle parle \u00e9galement des initiations requises de sa part et de la part de Marie Anna, de Marie Madeleine et de J\u00e9sus. Elle d\u00e9crit \u00e0 quel point ces initiations \u00e9taient exigeantes physiquement, \u00e9motionnellement et spirituellement pour J\u00e9sus et \u00e0 quel point aussi la communaut\u00e9 d\u2019\u00catres hautement \u00e9volu\u00e9s \u00e0 ses c\u00f4t\u00e9s l\u2019a aid\u00e9 \u00e0 remplir sa destin\u00e9e\u2026 Son message a pour but d\u2019amener le Divin f\u00e9minin dans notre quotidien afin de compl\u00e9ter notre parcours initiatique en tant que disciples d\u2019aujourd\u2019hui.<\/p>\n","protected":false},"excerpt":{"rendered":"<p>L\u2019histoire extraordinaire d\u2019une femme qui a chang\u00e9 le mondeen donnant naissance \u00e0 une lign\u00e9e spirituelleCet ouvrage remarquable regorge d\u2019informations concernant les ess\u00e9niens, les initiations, les soci\u00e9t\u00e9s secr\u00e8tes et d\u2019avant-garde qui ont travaill\u00e9 \u00e0 pr\u00e9server les enseignements v\u00e9ritables de J\u00e9sus.Anna r\u00e9v\u00e8le comment elle a utilis\u00e9 la r\u00e9g\u00e9n\u00e9ration cellulaire pour vivre plus [&hellip;]<\/p>\n","protected":false},"featured_media":61495,"template":"","meta":{"_acf_changed":false,"wds_primary_classe-produit":0,"wds_primary_categories-produits":0,"wds_primary_thematique":0,"wds_primary_product_brand":0,"wds_primary_product_cat":0},"classe-produit":[428,431],"categories-produits":[],"thematique":[529,771,757,533,769,690,524,755,962],"product_brand":[],"class_list":{"0":"post-35150","1":"product","2":"type-product","3":"status-publish","4":"has-post-thumbnail","6":"classe-produit-books","7":"classe-produit-library-books","8":"thematique-angels-world","9":"thematique-beyond-2012","10":"thematique-channeling","11":"thematique-minds-sanctuary","12":"thematique-new-earth","13":"thematique-personal-growth","14":"thematique-souls-garden","15":"thematique-spiritual-teaching","16":"thematique-unlocking-the-unknown","18":"first","19":"instock","20":"taxable","21":"shipping-taxable","22":"purchasable","23":"product-type-simple"},"acf":{"modele_type":"blog","modele_email":"single","acf-general_shortdesc":"","modele_single":{"lead_magnet":"","lead_click":"","post_hasvideo":"no","video_associee":{"post_video":"","description_video":"","thumb_video":null}},"modele_default":{"desc":"","lead_click":"Clique ici pour plus d'information"},"modele_hook":{"image_height":null,"lead_magnet":"","key_phase":"","desc":"","lead_click":"Clique ici pour plus d'information"},"modele_bullets":{"image_height":null,"bullets":null,"lead_click":"Clique ici pour plus d'information"}},"_links":{"self":[{"href":"https:\/\/www.lessence-ciel.com\/en\/wp-json\/wp\/v2\/product\/35150","targetHints":{"allow":["GET"]}}],"collection":[{"href":"https:\/\/www.lessence-ciel.com\/en\/wp-json\/wp\/v2\/product"}],"about":[{"href":"https:\/\/www.lessence-ciel.com\/en\/wp-json\/wp\/v2\/types\/product"}],"wp:featuredmedia":[{"embeddable":true,"href":"https:\/\/www.lessence-ciel.com\/en\/wp-json\/wp\/v2\/media\/61495"}],"wp:attachment":[{"href":"https:\/\/www.lessence-ciel.com\/en\/wp-json\/wp\/v2\/media?parent=35150"}],"wp:term":[{"taxonomy":"classe-produit","embeddable":true,"href":"https:\/\/www.lessence-ciel.com\/en\/wp-json\/wp\/v2\/classe-produit?post=35150"},{"taxonomy":"categories-produits","embeddable":true,"href":"https:\/\/www.lessence-ciel.com\/en\/wp-json\/wp\/v2\/categories-produits?post=35150"},{"taxonomy":"thematique","embeddable":true,"href":"https:\/\/www.lessence-ciel.com\/en\/wp-json\/wp\/v2\/thematique?post=35150"},{"taxonomy":"product_brand","embeddable":true,"href":"https:\/\/www.lessence-ciel.com\/en\/wp-json\/wp\/v2\/product_brand?post=35150"}],"curies":[{"name":"wp","href":"https:\/\/api.w.org\/{rel}","templated":true}]}}