{"id":35225,"date":"2015-02-23T00:30:16","date_gmt":"2015-02-23T05:30:16","guid":{"rendered":"https:\/\/www.lessence-ciel.com\/?post_type=product&#038;p=35225"},"modified":"2018-11-25T14:19:38","modified_gmt":"2018-11-25T19:19:38","slug":"guerir-avec-l-aide-des-anges-2","status":"publish","type":"product","link":"https:\/\/www.lessence-ciel.com\/en\/products-store\/guerir-avec-l-aide-des-anges-2\/","title":{"rendered":"Gu\u00e9rir avec l\u2019aide des anges"},"content":{"rendered":"<p>Vous \u00eates entour\u00e9 d\u2019anges aimants et puissants qui d\u00e9sirent vous assister dans chaque aspect de votre vie. Dans ce livre, Doreen, transmet des m\u00e9thodes \u00e9sot\u00e9riques pratiques pouvant vous aider \u00e0 travailler avec les anges afin d\u2019am\u00e9liorer vos relations, de soulager votre corps, d\u2019avancer dans votre carri\u00e8re et de r\u00e8gler vos probl\u00e8mes familiaux. Vous lirez la transcription de s\u00e9ances de lecture ang\u00e9lique r\u00e9alis\u00e9es par Doreen et apprendrez ce que les anges ont \u00e0 dire de la vie apr\u00e8s la mort, de l\u2019avenir de notre monde et de la prise de conscience de votre destination divine.<\/p>\n<p>D\u00e9couvrez la signification ang\u00e9lique de nombres comme 111, l\u2019incidence que vos vies pass\u00e9es peuvent avoir sur les probl\u00e8mes qui surgissent dans votre vie actuelle et pourquoi les anges s\u2019incarnent parfois sous la forme d\u2019humains. Vous explorerez le monde fascinant des \u00e9l\u00e9mentaux et des anges de la nature, et verrez comment ils peuvent gu\u00e9rir vos animaux de compagnie, les gens de votre entourage et am\u00e9liorer votre sort.<\/p>\n<p>Finalement, l\u2019ouvrage vous offre des affirmations ang\u00e9liques destin\u00e9es \u00e0 d\u00e9velopper votre assurance, ainsi que d\u2019efficaces pri\u00e8res ang\u00e9liques qui vous aideront \u00e0 trouver l\u2019\u00e2me soeur, \u00e0 r\u00e9gler des probl\u00e8mes de comportements li\u00e9s \u00e0 l\u2019enfance et \u00e0 soulager la souffrance.<\/p>\n","protected":false},"excerpt":{"rendered":"<p>Vous \u00eates entour\u00e9 d\u2019anges aimants et puissants qui d\u00e9sirent vous assister dans chaque aspect de votre vie. Dans ce livre, Doreen, transmet des m\u00e9thodes \u00e9sot\u00e9riques pratiques pouvant vous aider \u00e0 travailler avec les anges afin d\u2019am\u00e9liorer vos relations, de soulager votre corps, d\u2019avancer dans votre carri\u00e8re et de r\u00e8gler vos [&hellip;]<\/p>\n","protected":false},"featured_media":61871,"template":"","meta":{"_acf_changed":false,"wds_primary_classe-produit":0,"wds_primary_categories-produits":0,"wds_primary_thematique":0,"wds_primary_product_brand":0,"wds_primary_product_cat":0},"classe-produit":[428,431],"categories-produits":[],"thematique":[529,747,745],"product_brand":[],"class_list":{"0":"post-35225","1":"product","2":"type-product","3":"status-publish","4":"has-post-thumbnail","6":"classe-produit-books","7":"classe-produit-library-books","8":"thematique-angels-world","9":"thematique-angels","10":"thematique-angels-archangels","12":"first","13":"instock","14":"taxable","15":"shipping-taxable","16":"purchasable","17":"product-type-simple"},"acf":{"modele_type":"blog","modele_email":"single","acf-general_shortdesc":"","modele_single":{"lead_magnet":"","lead_click":"","post_hasvideo":"no","video_associee":{"post_video":"","description_video":"","thumb_video":null}},"modele_default":{"desc":"","lead_click":"Clique ici pour plus d'information"},"modele_hook":{"image_height":null,"lead_magnet":"","key_phase":"","desc":"","lead_click":"Clique ici pour plus d'information"},"modele_bullets":{"image_height":null,"bullets":null,"lead_click":"Clique ici pour plus d'information"}},"_links":{"self":[{"href":"https:\/\/www.lessence-ciel.com\/en\/wp-json\/wp\/v2\/product\/35225","targetHints":{"allow":["GET"]}}],"collection":[{"href":"https:\/\/www.lessence-ciel.com\/en\/wp-json\/wp\/v2\/product"}],"about":[{"href":"https:\/\/www.lessence-ciel.com\/en\/wp-json\/wp\/v2\/types\/product"}],"wp:featuredmedia":[{"embeddable":true,"href":"https:\/\/www.lessence-ciel.com\/en\/wp-json\/wp\/v2\/media\/61871"}],"wp:attachment":[{"href":"https:\/\/www.lessence-ciel.com\/en\/wp-json\/wp\/v2\/media?parent=35225"}],"wp:term":[{"taxonomy":"classe-produit","embeddable":true,"href":"https:\/\/www.lessence-ciel.com\/en\/wp-json\/wp\/v2\/classe-produit?post=35225"},{"taxonomy":"categories-produits","embeddable":true,"href":"https:\/\/www.lessence-ciel.com\/en\/wp-json\/wp\/v2\/categories-produits?post=35225"},{"taxonomy":"thematique","embeddable":true,"href":"https:\/\/www.lessence-ciel.com\/en\/wp-json\/wp\/v2\/thematique?post=35225"},{"taxonomy":"product_brand","embeddable":true,"href":"https:\/\/www.lessence-ciel.com\/en\/wp-json\/wp\/v2\/product_brand?post=35225"}],"curies":[{"name":"wp","href":"https:\/\/api.w.org\/{rel}","templated":true}]}}