{"id":35246,"date":"2015-02-23T00:30:19","date_gmt":"2015-02-23T05:30:19","guid":{"rendered":"https:\/\/www.lessence-ciel.com\/?post_type=product&#038;p=35246"},"modified":"2020-08-12T00:16:28","modified_gmt":"2020-08-12T04:16:28","slug":"murmures-d-anges","status":"publish","type":"product","link":"https:\/\/www.lessence-ciel.com\/en\/products-store\/murmures-d-anges\/","title":{"rendered":"Murmures d\u2019Anges"},"content":{"rendered":"<p>Jenny Smedley r\u00e9dige pour le magazine Chat ? It\u2019s Fate. Et lors de nombreuses \u00e9missions t\u00e9l\u00e9vis\u00e9es, elle a d\u00e9montr\u00e9 le pouvoir magique des anges et la r\u00e9alit\u00e9 de la vie apr\u00e8s la mort. Elle habite dans le magnifique comt\u00e9 de Somerset, avec son mari Tony, qu\u2019elle a \u00e9pous\u00e9 il y a 39 ans, et avec leur chien r\u00e9incarn\u00e9, KC.<\/p>\n","protected":false},"excerpt":{"rendered":"<p>Jenny Smedley r\u00e9dige pour le magazine Chat ? It\u2019s Fate. Et lors de nombreuses \u00e9missions t\u00e9l\u00e9vis\u00e9es, elle a d\u00e9montr\u00e9 le pouvoir magique des anges et la r\u00e9alit\u00e9 de la vie apr\u00e8s la mort. Elle habite dans le magnifique comt\u00e9 de Somerset, avec son mari Tony, qu\u2019elle a \u00e9pous\u00e9 il y [&hellip;]<\/p>\n","protected":false},"featured_media":62365,"template":"","meta":{"_acf_changed":false,"wds_primary_classe-produit":0,"wds_primary_categories-produits":0,"wds_primary_thematique":0,"wds_primary_product_brand":0,"wds_primary_product_cat":0},"classe-produit":[428,431],"categories-produits":[],"thematique":[658,529,747,745,686,524],"product_brand":[],"class_list":{"0":"post-35246","1":"product","2":"type-product","3":"status-publish","4":"has-post-thumbnail","6":"classe-produit-books","7":"classe-produit-library-books","8":"thematique-afterworld","9":"thematique-angels-world","10":"thematique-angels","11":"thematique-angels-archangels","12":"thematique-messages-from-beyond","13":"thematique-souls-garden","15":"first","16":"instock","17":"taxable","18":"shipping-taxable","19":"purchasable","20":"product-type-simple"},"acf":{"modele_type":"blog","modele_email":"single","acf-general_shortdesc":"","modele_single":{"lead_magnet":"","lead_click":"","post_hasvideo":"no","video_associee":{"post_video":"","description_video":"","thumb_video":null}},"modele_default":{"desc":"","lead_click":"Clique ici pour plus d'information"},"modele_hook":{"image_height":null,"lead_magnet":"","key_phase":"","desc":"","lead_click":"Clique ici pour plus d'information"},"modele_bullets":{"image_height":null,"bullets":null,"lead_click":"Clique ici pour plus d'information"}},"_links":{"self":[{"href":"https:\/\/www.lessence-ciel.com\/en\/wp-json\/wp\/v2\/product\/35246","targetHints":{"allow":["GET"]}}],"collection":[{"href":"https:\/\/www.lessence-ciel.com\/en\/wp-json\/wp\/v2\/product"}],"about":[{"href":"https:\/\/www.lessence-ciel.com\/en\/wp-json\/wp\/v2\/types\/product"}],"wp:featuredmedia":[{"embeddable":true,"href":"https:\/\/www.lessence-ciel.com\/en\/wp-json\/wp\/v2\/media\/62365"}],"wp:attachment":[{"href":"https:\/\/www.lessence-ciel.com\/en\/wp-json\/wp\/v2\/media?parent=35246"}],"wp:term":[{"taxonomy":"classe-produit","embeddable":true,"href":"https:\/\/www.lessence-ciel.com\/en\/wp-json\/wp\/v2\/classe-produit?post=35246"},{"taxonomy":"categories-produits","embeddable":true,"href":"https:\/\/www.lessence-ciel.com\/en\/wp-json\/wp\/v2\/categories-produits?post=35246"},{"taxonomy":"thematique","embeddable":true,"href":"https:\/\/www.lessence-ciel.com\/en\/wp-json\/wp\/v2\/thematique?post=35246"},{"taxonomy":"product_brand","embeddable":true,"href":"https:\/\/www.lessence-ciel.com\/en\/wp-json\/wp\/v2\/product_brand?post=35246"}],"curies":[{"name":"wp","href":"https:\/\/api.w.org\/{rel}","templated":true}]}}