{"id":35273,"date":"2015-02-23T00:30:24","date_gmt":"2015-02-23T05:30:24","guid":{"rendered":"https:\/\/www.lessence-ciel.com\/?post_type=product&#038;p=35273"},"modified":"2018-11-25T15:09:07","modified_gmt":"2018-11-25T20:09:07","slug":"l-eau-memoire-de-nos-emotions-2","status":"publish","type":"product","link":"https:\/\/www.lessence-ciel.com\/en\/products-store\/l-eau-memoire-de-nos-emotions-2\/","title":{"rendered":"L\u2019eau, m\u00e9moire de nos \u00e9motions"},"content":{"rendered":"<p>Dans ce nouvel ouvrage, Masaru Emoto poursuit ses recherches r\u00e9volutionnaires sur le pouvoir de l\u2019eau, sur sa capacit\u00e9 \u00e0 \u00ab imprimer \u00bb toute information qu\u2019elle re\u00e7oit \u00e9crite, orale ou musicale (ce qui n\u2019est pas sans rappeler les travaux de Benveniste sur la \u00ab m\u00e9moire de l\u2019eau \u00bb). Apr\u00e8s avoir congel\u00e9 l\u2019eau, il photographie par microscope le cristal que peut former l\u2019eau: il sera magnifique si l\u2019information est un message d\u2019amour ou hideux s\u2019il s\u2019agit d\u2019une manifestation de haine ou de col\u00e8re. Le livre comprend 54 pages de photos en couleurs, qui sont autant de preuves \u00e9tayant sa d\u00e9monstration. L\u2019auteur d\u00e9veloppe sa th\u00e9orie en offrant de nombreuses applications, \u00e9thiques, m\u00e9dicales ou m\u00eame alimentaires. En effet, comme le corps humain est compos\u00e9 de 70% d\u2019eau, il r\u00e9agit de fa\u00e7on similaire aux informations qu\u2019il re\u00e7oit de l\u2019ext\u00e9rieur. En retour, l\u2019eau du corps humain peut renvoyer des informations dans le cadre du diagnostic propre \u00e0 la m\u00e9decine japonaise du hado, que pr\u00e9sente l\u2019auteur, et qui \u00e9chappe totalement \u00e0 la m\u00e9decine occidentale conventionnelle. Dans le m\u00eame ordre d\u2019id\u00e9es, ce professeur japonais de renomm\u00e9e mondiale explique comment nous pouvons, avec des exercices tr\u00e8s simples, tirer parti de ses d\u00e9couvertes pour avoir une approche toute nouvelle de l\u2019eau et b\u00e9n\u00e9ficier de ses immenses bienfaits: il suffit simplement de parler \u00e0 l\u2019eau pour qu\u2019elle apporte son aide !<\/p>\n","protected":false},"excerpt":{"rendered":"<p>Dans ce nouvel ouvrage, Masaru Emoto poursuit ses recherches r\u00e9volutionnaires sur le pouvoir de l\u2019eau, sur sa capacit\u00e9 \u00e0 \u00ab imprimer \u00bb toute information qu\u2019elle re\u00e7oit \u00e9crite, orale ou musicale (ce qui n\u2019est pas sans rappeler les travaux de Benveniste sur la \u00ab m\u00e9moire de l\u2019eau \u00bb). Apr\u00e8s avoir congel\u00e9 [&hellip;]<\/p>\n","protected":false},"featured_media":61970,"template":"","meta":{"_acf_changed":false,"wds_primary_classe-produit":0,"wds_primary_categories-produits":0,"wds_primary_thematique":0,"wds_primary_product_brand":0,"wds_primary_product_cat":0},"classe-produit":[428,431],"categories-produits":[],"thematique":[832,858,531],"product_brand":[],"class_list":{"0":"post-35273","1":"product","2":"type-product","3":"status-publish","4":"has-post-thumbnail","6":"classe-produit-books","7":"classe-produit-library-books","8":"thematique-earth-medicine","9":"thematique-messages-from-water","10":"thematique-natures-realm","12":"first","13":"instock","14":"taxable","15":"shipping-taxable","16":"purchasable","17":"product-type-simple"},"acf":{"modele_type":"blog","modele_email":"single","acf-general_shortdesc":"","modele_single":{"lead_magnet":"","lead_click":"","post_hasvideo":"no","video_associee":{"post_video":"","description_video":"","thumb_video":null}},"modele_default":{"desc":"","lead_click":"Clique ici pour plus d'information"},"modele_hook":{"image_height":null,"lead_magnet":"","key_phase":"","desc":"","lead_click":"Clique ici pour plus d'information"},"modele_bullets":{"image_height":null,"bullets":null,"lead_click":"Clique ici pour plus d'information"}},"_links":{"self":[{"href":"https:\/\/www.lessence-ciel.com\/en\/wp-json\/wp\/v2\/product\/35273","targetHints":{"allow":["GET"]}}],"collection":[{"href":"https:\/\/www.lessence-ciel.com\/en\/wp-json\/wp\/v2\/product"}],"about":[{"href":"https:\/\/www.lessence-ciel.com\/en\/wp-json\/wp\/v2\/types\/product"}],"wp:featuredmedia":[{"embeddable":true,"href":"https:\/\/www.lessence-ciel.com\/en\/wp-json\/wp\/v2\/media\/61970"}],"wp:attachment":[{"href":"https:\/\/www.lessence-ciel.com\/en\/wp-json\/wp\/v2\/media?parent=35273"}],"wp:term":[{"taxonomy":"classe-produit","embeddable":true,"href":"https:\/\/www.lessence-ciel.com\/en\/wp-json\/wp\/v2\/classe-produit?post=35273"},{"taxonomy":"categories-produits","embeddable":true,"href":"https:\/\/www.lessence-ciel.com\/en\/wp-json\/wp\/v2\/categories-produits?post=35273"},{"taxonomy":"thematique","embeddable":true,"href":"https:\/\/www.lessence-ciel.com\/en\/wp-json\/wp\/v2\/thematique?post=35273"},{"taxonomy":"product_brand","embeddable":true,"href":"https:\/\/www.lessence-ciel.com\/en\/wp-json\/wp\/v2\/product_brand?post=35273"}],"curies":[{"name":"wp","href":"https:\/\/api.w.org\/{rel}","templated":true}]}}