{"id":35285,"date":"2015-02-23T00:30:27","date_gmt":"2015-02-23T05:30:27","guid":{"rendered":"https:\/\/www.lessence-ciel.com\/?post_type=product&#038;p=35285"},"modified":"2018-11-25T16:14:12","modified_gmt":"2018-11-25T21:14:12","slug":"le-serpent-de-lumiere-2-2","status":"publish","type":"product","link":"https:\/\/www.lessence-ciel.com\/en\/products-store\/le-serpent-de-lumiere-2-2\/","title":{"rendered":"Le serpent de lumi\u00e8re"},"content":{"rendered":"<p>\u00c0 la fois aventure et trait\u00e9 spirituel, le nouveau livre de Drunvalo Melchiz\u00e9deck est le r\u00e9cit de premi\u00e8re main d\u2019un processus unique en 13 000 ans au cours duquel la kundalini de la Terre M\u00e8re \u00e9merge du noyau de la plan\u00e8te et monte tel un serpent vers son nouveau nid.Jadis chez elle dans la L\u00e9murie ancienne, la kundalini de la Terre est pass\u00e9e \u00e0 l\u2019Atlantide, puis dans l\u2019Himalaya. Chaque fois qu\u2019elle a chang\u00e9 d\u2019emplacement, elle a transform\u00e9 le sens, pour nous, de la spiritualit\u00e9. Et de l\u2019identit\u00e9 sexuelle. Et du c\u0153ur. Cette fois, avec grande difficult\u00e9, le serpent de lumi\u00e8re est pass\u00e9 dans les Andes.Dans Serpent de lumi\u00e8re, Drunvalo raconte des r\u00e9cits de ses trente-cinq ans pass\u00e9s au service de la Terre M\u00e8re.Voyagez avec lui autour du monde alors qu\u2019il suit son guide et ses propres connaissances en expansion. Son histoire est une vivante s\u00e9rie de c\u00e9r\u00e9monies visant \u00e0 gu\u00e9rir les c\u0153urs, \u00e0 aligner les \u00e9nergies, \u00e0 corriger les d\u00e9s\u00e9quilibres anciens \u2013 bref, \u00e0 augmenter notre conscience de l\u2019indivisibilit\u00e9 de la vie dans l\u2019univers.<\/p>\n","protected":false},"excerpt":{"rendered":"<p>\u00c0 la fois aventure et trait\u00e9 spirituel, le nouveau livre de Drunvalo Melchiz\u00e9deck est le r\u00e9cit de premi\u00e8re main d\u2019un processus unique en 13 000 ans au cours duquel la kundalini de la Terre M\u00e8re \u00e9merge du noyau de la plan\u00e8te et monte tel un serpent vers son nouveau nid.Jadis [&hellip;]<\/p>\n","protected":false},"featured_media":62159,"template":"","meta":{"_acf_changed":false,"wds_primary_classe-produit":0,"wds_primary_categories-produits":0,"wds_primary_thematique":0,"wds_primary_product_brand":0,"wds_primary_product_cat":0},"classe-produit":[428,431],"categories-produits":[],"thematique":[529,771,533,769,690,524,962],"product_brand":[],"class_list":{"0":"post-35285","1":"product","2":"type-product","3":"status-publish","4":"has-post-thumbnail","6":"classe-produit-books","7":"classe-produit-library-books","8":"thematique-angels-world","9":"thematique-beyond-2012","10":"thematique-minds-sanctuary","11":"thematique-new-earth","12":"thematique-personal-growth","13":"thematique-souls-garden","14":"thematique-unlocking-the-unknown","16":"first","17":"instock","18":"taxable","19":"shipping-taxable","20":"purchasable","21":"product-type-simple"},"acf":{"modele_type":"blog","modele_email":"single","acf-general_shortdesc":"","modele_single":{"lead_magnet":"","lead_click":"","post_hasvideo":"no","video_associee":{"post_video":"","description_video":"","thumb_video":null}},"modele_default":{"desc":"","lead_click":"Clique ici pour plus d'information"},"modele_hook":{"image_height":null,"lead_magnet":"","key_phase":"","desc":"","lead_click":"Clique ici pour plus d'information"},"modele_bullets":{"image_height":null,"bullets":null,"lead_click":"Clique ici pour plus d'information"}},"_links":{"self":[{"href":"https:\/\/www.lessence-ciel.com\/en\/wp-json\/wp\/v2\/product\/35285","targetHints":{"allow":["GET"]}}],"collection":[{"href":"https:\/\/www.lessence-ciel.com\/en\/wp-json\/wp\/v2\/product"}],"about":[{"href":"https:\/\/www.lessence-ciel.com\/en\/wp-json\/wp\/v2\/types\/product"}],"wp:featuredmedia":[{"embeddable":true,"href":"https:\/\/www.lessence-ciel.com\/en\/wp-json\/wp\/v2\/media\/62159"}],"wp:attachment":[{"href":"https:\/\/www.lessence-ciel.com\/en\/wp-json\/wp\/v2\/media?parent=35285"}],"wp:term":[{"taxonomy":"classe-produit","embeddable":true,"href":"https:\/\/www.lessence-ciel.com\/en\/wp-json\/wp\/v2\/classe-produit?post=35285"},{"taxonomy":"categories-produits","embeddable":true,"href":"https:\/\/www.lessence-ciel.com\/en\/wp-json\/wp\/v2\/categories-produits?post=35285"},{"taxonomy":"thematique","embeddable":true,"href":"https:\/\/www.lessence-ciel.com\/en\/wp-json\/wp\/v2\/thematique?post=35285"},{"taxonomy":"product_brand","embeddable":true,"href":"https:\/\/www.lessence-ciel.com\/en\/wp-json\/wp\/v2\/product_brand?post=35285"}],"curies":[{"name":"wp","href":"https:\/\/api.w.org\/{rel}","templated":true}]}}