{"id":35288,"date":"2015-02-23T00:30:28","date_gmt":"2015-02-23T05:30:28","guid":{"rendered":"https:\/\/www.lessence-ciel.com\/?post_type=product&#038;p=35288"},"modified":"2020-08-12T00:08:48","modified_gmt":"2020-08-12T04:08:48","slug":"le-code-de-moise","status":"publish","type":"product","link":"https:\/\/www.lessence-ciel.com\/en\/products-store\/le-code-de-moise\/","title":{"rendered":"Le code de moise"},"content":{"rendered":"<p>Il y a 3 500 ans environ, Moise re\u00e7ut le secret qui permet d\u2019attirer \u00e0 soi tout ce que l\u2019on d\u00e9sire. Le Code de Moise a d\u2019abord \u00e9t\u00e9 utilis\u00e9 pour cr\u00e9er quelques uns des plus grands miracles de l\u2019histoire, mais il fut ensuite d\u00e9rob\u00e9 aux hommes et seuls les plus grands initi\u00e9s furent autoris\u00e9s \u00e0 l\u2019invoquer.Dans ce livre James Twyman r\u00e9v\u00e8le ce code pour la premi\u00e8re fois, indiquant comment il peut \u00eatre utilis\u00e9 pour changer votre vie.. et m\u00eame le monde. Par l\u2019utilisation des techniques pr\u00e9sent\u00e9es dans cet ouvrage, vous d\u00e9couvrirez comment int\u00e9grer l\u2019outil de manifestation le plus puissant de l\u2019histoire du monde au sein de votre propre vie.Au coeur du Code de Moise se trouve les v\u00e9ritables fonctions et pratiques de la Loi de l\u2019Attraction.Vous savez probablement que c\u2019est cette Loi qui permet d\u2019obtenir ce que vous d\u00e9sirez dans votre vie. Mais il semblerait que celle ci ne soit que la premi\u00e8re \u00e9tape et que la compr\u00e9hension du Code de Moise d\u00e9pendrait davantage de ce que vous \u00eates pr\u00eat \u00e0 donner plut\u00f4t qu\u2019\u00e0 recevoir\u2026Cela signifie que vous avez d\u00e9j\u00e0 toutes les aptitudes n\u00e9cessaires \u00e0 faire advenir tout ce dont vous r\u00eavez maintenant. Vous \u00eates ici pour utiliser cette Energie Divine et surtout, il est de votre devoir de le faire pour cr\u00e9er un monde fond\u00e9 sur la compassion et l\u2019amour.<\/p>\n","protected":false},"excerpt":{"rendered":"<p>Il y a 3 500 ans environ, Moise re\u00e7ut le secret qui permet d\u2019attirer \u00e0 soi tout ce que l\u2019on d\u00e9sire. Le Code de Moise a d\u2019abord \u00e9t\u00e9 utilis\u00e9 pour cr\u00e9er quelques uns des plus grands miracles de l\u2019histoire, mais il fut ensuite d\u00e9rob\u00e9 aux hommes et seuls les plus [&hellip;]<\/p>\n","protected":false},"featured_media":62112,"template":"","meta":{"_acf_changed":false,"wds_primary_classe-produit":0,"wds_primary_categories-produits":0,"wds_primary_thematique":0,"wds_primary_product_brand":0,"wds_primary_product_cat":0},"classe-produit":[428,431],"categories-produits":[],"thematique":[533,962],"product_brand":[],"class_list":{"0":"post-35288","1":"product","2":"type-product","3":"status-publish","4":"has-post-thumbnail","6":"classe-produit-books","7":"classe-produit-library-books","8":"thematique-minds-sanctuary","9":"thematique-unlocking-the-unknown","11":"first","12":"instock","13":"taxable","14":"shipping-taxable","15":"purchasable","16":"product-type-simple"},"acf":{"modele_type":"blog","modele_email":"single","acf-general_shortdesc":"","modele_single":{"lead_magnet":"","lead_click":"","post_hasvideo":"no","video_associee":{"post_video":"","description_video":"","thumb_video":null}},"modele_default":{"desc":"","lead_click":"Clique ici pour plus d'information"},"modele_hook":{"image_height":null,"lead_magnet":"","key_phase":"","desc":"","lead_click":"Clique ici pour plus d'information"},"modele_bullets":{"image_height":null,"bullets":null,"lead_click":"Clique ici pour plus d'information"}},"_links":{"self":[{"href":"https:\/\/www.lessence-ciel.com\/en\/wp-json\/wp\/v2\/product\/35288","targetHints":{"allow":["GET"]}}],"collection":[{"href":"https:\/\/www.lessence-ciel.com\/en\/wp-json\/wp\/v2\/product"}],"about":[{"href":"https:\/\/www.lessence-ciel.com\/en\/wp-json\/wp\/v2\/types\/product"}],"wp:featuredmedia":[{"embeddable":true,"href":"https:\/\/www.lessence-ciel.com\/en\/wp-json\/wp\/v2\/media\/62112"}],"wp:attachment":[{"href":"https:\/\/www.lessence-ciel.com\/en\/wp-json\/wp\/v2\/media?parent=35288"}],"wp:term":[{"taxonomy":"classe-produit","embeddable":true,"href":"https:\/\/www.lessence-ciel.com\/en\/wp-json\/wp\/v2\/classe-produit?post=35288"},{"taxonomy":"categories-produits","embeddable":true,"href":"https:\/\/www.lessence-ciel.com\/en\/wp-json\/wp\/v2\/categories-produits?post=35288"},{"taxonomy":"thematique","embeddable":true,"href":"https:\/\/www.lessence-ciel.com\/en\/wp-json\/wp\/v2\/thematique?post=35288"},{"taxonomy":"product_brand","embeddable":true,"href":"https:\/\/www.lessence-ciel.com\/en\/wp-json\/wp\/v2\/product_brand?post=35288"}],"curies":[{"name":"wp","href":"https:\/\/api.w.org\/{rel}","templated":true}]}}