{"id":35336,"date":"2015-02-23T00:30:39","date_gmt":"2015-02-23T05:30:39","guid":{"rendered":"https:\/\/www.lessence-ciel.com\/?post_type=product&#038;p=35336"},"modified":"2018-12-02T14:26:39","modified_gmt":"2018-12-02T19:26:39","slug":"une-annee-avec-marie-2","status":"publish","type":"product","link":"https:\/\/www.lessence-ciel.com\/en\/products-store\/une-annee-avec-marie-2\/","title":{"rendered":"Une ann\u00e9e avec Marie"},"content":{"rendered":"<p>Ces m\u00e9ditations quotidiennes ont une port\u00e9e universelle et rejoignent le lecteur dans son v\u00e9cu quotidien et dans sa philosophie personnelle. V\u00e9ritable livre de chevet sur la vie spirituelle mais \u00e9galement sur la vie de tous les jours, avec ses difficult\u00e9s et ses joies. Livre par excellence pour d\u00e9buter la journ\u00e9e sur une note m\u00e9ditative, pour puiser une inspiration au gr\u00e9 des \u00e9v\u00e9nements ou pour clore le jour par une introspection et une r\u00e9flexion.<\/p>\n","protected":false},"excerpt":{"rendered":"<p>Ces m\u00e9ditations quotidiennes ont une port\u00e9e universelle et rejoignent le lecteur dans son v\u00e9cu quotidien et dans sa philosophie personnelle. V\u00e9ritable livre de chevet sur la vie spirituelle mais \u00e9galement sur la vie de tous les jours, avec ses difficult\u00e9s et ses joies. Livre par excellence pour d\u00e9buter la journ\u00e9e [&hellip;]<\/p>\n","protected":false},"featured_media":62727,"template":"","meta":{"_acf_changed":false,"wds_primary_classe-produit":0,"wds_primary_categories-produits":0,"wds_primary_thematique":0,"wds_primary_product_brand":0,"wds_primary_product_cat":0},"classe-produit":[428,431],"categories-produits":[],"thematique":[529,745,751,759,533,755,968],"product_brand":[],"class_list":{"0":"post-35336","1":"product","2":"type-product","3":"status-publish","4":"has-post-thumbnail","6":"classe-produit-books","7":"classe-produit-library-books","8":"thematique-angels-world","9":"thematique-angels-archangels","10":"thematique-archangels","11":"thematique-inspired-writing","12":"thematique-minds-sanctuary","13":"thematique-spiritual-teaching","14":"thematique-uplifting-the-mind","16":"first","17":"instock","18":"taxable","19":"shipping-taxable","20":"purchasable","21":"product-type-simple"},"acf":{"modele_type":"blog","modele_email":"single","acf-general_shortdesc":"","modele_single":{"lead_magnet":"","lead_click":"","post_hasvideo":"no","video_associee":{"post_video":"","description_video":"","thumb_video":null}},"modele_default":{"desc":"","lead_click":"Clique ici pour plus d'information"},"modele_hook":{"image_height":null,"lead_magnet":"","key_phase":"","desc":"","lead_click":"Clique ici pour plus d'information"},"modele_bullets":{"image_height":null,"bullets":null,"lead_click":"Clique ici pour plus d'information"}},"_links":{"self":[{"href":"https:\/\/www.lessence-ciel.com\/en\/wp-json\/wp\/v2\/product\/35336","targetHints":{"allow":["GET"]}}],"collection":[{"href":"https:\/\/www.lessence-ciel.com\/en\/wp-json\/wp\/v2\/product"}],"about":[{"href":"https:\/\/www.lessence-ciel.com\/en\/wp-json\/wp\/v2\/types\/product"}],"wp:featuredmedia":[{"embeddable":true,"href":"https:\/\/www.lessence-ciel.com\/en\/wp-json\/wp\/v2\/media\/62727"}],"wp:attachment":[{"href":"https:\/\/www.lessence-ciel.com\/en\/wp-json\/wp\/v2\/media?parent=35336"}],"wp:term":[{"taxonomy":"classe-produit","embeddable":true,"href":"https:\/\/www.lessence-ciel.com\/en\/wp-json\/wp\/v2\/classe-produit?post=35336"},{"taxonomy":"categories-produits","embeddable":true,"href":"https:\/\/www.lessence-ciel.com\/en\/wp-json\/wp\/v2\/categories-produits?post=35336"},{"taxonomy":"thematique","embeddable":true,"href":"https:\/\/www.lessence-ciel.com\/en\/wp-json\/wp\/v2\/thematique?post=35336"},{"taxonomy":"product_brand","embeddable":true,"href":"https:\/\/www.lessence-ciel.com\/en\/wp-json\/wp\/v2\/product_brand?post=35336"}],"curies":[{"name":"wp","href":"https:\/\/api.w.org\/{rel}","templated":true}]}}