{"id":35574,"date":"2015-02-23T00:35:55","date_gmt":"2015-02-23T05:35:55","guid":{"rendered":"https:\/\/www.lessence-ciel.com\/?post_type=product&#038;p=35574"},"modified":"2018-11-25T15:57:32","modified_gmt":"2018-11-25T20:57:32","slug":"le-couloir-des-elus-2","status":"publish","type":"product","link":"https:\/\/www.lessence-ciel.com\/en\/products-store\/le-couloir-des-elus-2\/","title":{"rendered":"Le couloir des \u00e9lus"},"content":{"rendered":"<p>D\u00e9c\u00e9d\u00e9e au printemps de sa vie, une jeune fille raconte, par l\u2019interm\u00e9diaire de sa tante m\u00e9dium, les \u00e9tapes de son d\u00e9part et de son ascension. Elle lui d\u00e9crit le monde c\u00e9leste, les \u00e2mes qui l\u2019entourent et les l\u00e9gions d\u2019anges, artisans de ce plan. Elle invite \u00e0 soulever le voile de l\u2019illusion afin d\u2019aider l\u2019humanit\u00e9 \u00e0 se lib\u00e9rer de \u00ab l\u2019angoisse du tombeau \u00bb.D\u00e9couvrez le processus du pasage de la vie \u00e0 la mort ainsi que les diff\u00e9rents plans et les \u00e9tapes que l&#8217;\u00e2me franchit \u00e0 son d\u00e9c\u00e8s. Un succ\u00e8s remarquable! Plus de 13,000 copies vendues! Maintenant un classique sur les r\u00e9v\u00e9lations de la vie apr\u00e8s la vie. Ce livre a aid\u00e9 des milliers de personnes \u00e0 comprendre et accepter la mort d&#8217;une personne ch\u00e8re. Il peut le faire pour vous aussi.<\/p>\n","protected":false},"excerpt":{"rendered":"<p>D\u00e9c\u00e9d\u00e9e au printemps de sa vie, une jeune fille raconte, par l\u2019interm\u00e9diaire de sa tante m\u00e9dium, les \u00e9tapes de son d\u00e9part et de son ascension. Elle lui d\u00e9crit le monde c\u00e9leste, les \u00e2mes qui l\u2019entourent et les l\u00e9gions d\u2019anges, artisans de ce plan. Elle invite \u00e0 soulever le voile de [&hellip;]<\/p>\n","protected":false},"featured_media":62114,"template":"","meta":{"_acf_changed":false,"wds_primary_classe-produit":0,"wds_primary_categories-produits":0,"wds_primary_thematique":0,"wds_primary_product_brand":0,"wds_primary_product_cat":0},"classe-produit":[428,431],"categories-produits":[],"thematique":[658,686,524],"product_brand":[],"class_list":{"0":"post-35574","1":"product","2":"type-product","3":"status-publish","4":"has-post-thumbnail","6":"classe-produit-books","7":"classe-produit-library-books","8":"thematique-afterworld","9":"thematique-messages-from-beyond","10":"thematique-souls-garden","12":"first","13":"instock","14":"taxable","15":"shipping-taxable","16":"purchasable","17":"product-type-simple"},"acf":{"modele_type":"blog","modele_email":"single","acf-general_shortdesc":"","modele_single":{"lead_magnet":"","lead_click":"","post_hasvideo":"no","video_associee":{"post_video":"","description_video":"","thumb_video":null}},"modele_default":{"desc":"","lead_click":"Clique ici pour plus d'information"},"modele_hook":{"image_height":null,"lead_magnet":"","key_phase":"","desc":"","lead_click":"Clique ici pour plus d'information"},"modele_bullets":{"image_height":null,"bullets":null,"lead_click":"Clique ici pour plus d'information"}},"_links":{"self":[{"href":"https:\/\/www.lessence-ciel.com\/en\/wp-json\/wp\/v2\/product\/35574","targetHints":{"allow":["GET"]}}],"collection":[{"href":"https:\/\/www.lessence-ciel.com\/en\/wp-json\/wp\/v2\/product"}],"about":[{"href":"https:\/\/www.lessence-ciel.com\/en\/wp-json\/wp\/v2\/types\/product"}],"wp:featuredmedia":[{"embeddable":true,"href":"https:\/\/www.lessence-ciel.com\/en\/wp-json\/wp\/v2\/media\/62114"}],"wp:attachment":[{"href":"https:\/\/www.lessence-ciel.com\/en\/wp-json\/wp\/v2\/media?parent=35574"}],"wp:term":[{"taxonomy":"classe-produit","embeddable":true,"href":"https:\/\/www.lessence-ciel.com\/en\/wp-json\/wp\/v2\/classe-produit?post=35574"},{"taxonomy":"categories-produits","embeddable":true,"href":"https:\/\/www.lessence-ciel.com\/en\/wp-json\/wp\/v2\/categories-produits?post=35574"},{"taxonomy":"thematique","embeddable":true,"href":"https:\/\/www.lessence-ciel.com\/en\/wp-json\/wp\/v2\/thematique?post=35574"},{"taxonomy":"product_brand","embeddable":true,"href":"https:\/\/www.lessence-ciel.com\/en\/wp-json\/wp\/v2\/product_brand?post=35574"}],"curies":[{"name":"wp","href":"https:\/\/api.w.org\/{rel}","templated":true}]}}