{"id":35580,"date":"2015-02-23T00:35:56","date_gmt":"2015-02-23T05:35:56","guid":{"rendered":"https:\/\/www.lessence-ciel.com\/?post_type=product&#038;p=35580"},"modified":"2018-11-25T16:01:12","modified_gmt":"2018-11-25T21:01:12","slug":"le-petit-livre-de-joshua-2","status":"publish","type":"product","link":"https:\/\/www.lessence-ciel.com\/en\/products-store\/le-petit-livre-de-joshua-2\/","title":{"rendered":"Le petit livre de Joshua"},"content":{"rendered":"<p>Le petit livre de Joshua \u00e9voque l\u2019enfance et la vie de jeune adulte de Joshua, un \u00eatre pr\u00e9destin\u00e9, dou\u00e9 de capacit\u00e9s m\u00e9diumniques exceptionnelles. La premi\u00e8re partie ou premier cycle, \u00abLa manifestation\u00bb, relate la rencontre du jeune gar\u00e7on de huit ans avec sa m\u00e8re adoptive, Mathilde, \u00e0 la suite d\u2019un drame \u00e9pouvantable, le meurtre de sa m\u00e8re, une c\u00e9l\u00e8bre chanteuse rock narcomane. Joshua entre en relation avec l\u2019esprit de sa m\u00e8re, puis avec d\u2019autres personnes d\u00e9c\u00e9d\u00e9es, et il transcrit ces messages de l\u2019au-del\u00e0 dans son journal, \u00ab le petit livre \u00bb. Dans le deuxi\u00e8me cycle, \u00abL\u2019envol\u00bb, Joshua est devenu un t\u00e9nor de r\u00e9putation internationale. Au terme d\u2019une crise de r\u00e9volte, v\u00e9cue au cours de l\u2019ascension d\u2019une montagne, il re\u00e7oit une initiation de la part de douze Ma\u00eetres, douze pr\u00e9sences \u00e9nerg\u00e9tiques, qui pr\u00e9sident \u00e0 sa destin\u00e9e et lui r\u00e9v\u00e8lent le sens de sa mission. Marqu\u00e9 de rebondissements, de synchronicit\u00e9 et de troublantes r\u00e9v\u00e9lations, ce r\u00e9cit \u00e9mouvant montre, de fa\u00e7on lumineuse, que nous sommes soutenus et guid\u00e9s de l\u2019au-del\u00e0, que la gr\u00e2ce est omnipr\u00e9sente, et que la mort n\u2019existe pas mais n\u2019est qu\u2019une \u00e9tape de transition vers une autre forme de vie. Dans cette \u00e9poque angoiss\u00e9e et tourment\u00e9e qui est la n\u00f4tre, Marjolaine Caron nous offre ici un \u00e9loquent et vibrant message d\u2019espoir. Par le crayon de Joshua s\u2019expriment des \u00e2mes pass\u00e9es vers l\u2019au-del\u00e0 qui nous aideront \u00e0 mieux comprendre\u2026 la vie. Th\u00e9rapeute, conf\u00e9renci\u00e8re estim\u00e9e, et auteure notamment du best-seller Je vous donne signe de vie, publi\u00e9 en 2002, Marjolaine Caron met depuis une douzaine d\u2019ann\u00e9es son talent de m\u00e9dium au service de la gu\u00e9rison des \u00e2mes incarn\u00e9es et d\u00e9sincarn\u00e9es. C\u2019est sous forme de roman que cette \u00abmessag\u00e8re de l\u2019au-del\u00e0\u00bb livre ici son enseignement de mani\u00e8re particuli\u00e8rement forte et vivante.<\/p>\n","protected":false},"excerpt":{"rendered":"<p>Le petit livre de Joshua \u00e9voque l\u2019enfance et la vie de jeune adulte de Joshua, un \u00eatre pr\u00e9destin\u00e9, dou\u00e9 de capacit\u00e9s m\u00e9diumniques exceptionnelles. La premi\u00e8re partie ou premier cycle, \u00abLa manifestation\u00bb, relate la rencontre du jeune gar\u00e7on de huit ans avec sa m\u00e8re adoptive, Mathilde, \u00e0 la suite d\u2019un drame [&hellip;]<\/p>\n","protected":false},"featured_media":62148,"template":"","meta":{"_acf_changed":false,"wds_primary_classe-produit":0,"wds_primary_categories-produits":0,"wds_primary_thematique":0,"wds_primary_product_brand":0,"wds_primary_product_cat":0},"classe-produit":[428,431],"categories-produits":[],"thematique":[658,529,682,759,686,524,755],"product_brand":[],"class_list":{"0":"post-35580","1":"product","2":"type-product","3":"status-publish","4":"has-post-thumbnail","6":"classe-produit-books","7":"classe-produit-library-books","8":"thematique-afterworld","9":"thematique-angels-world","10":"thematique-grief","11":"thematique-inspired-writing","12":"thematique-messages-from-beyond","13":"thematique-souls-garden","14":"thematique-spiritual-teaching","16":"first","17":"instock","18":"taxable","19":"shipping-taxable","20":"purchasable","21":"product-type-simple"},"acf":{"modele_type":"blog","modele_email":"single","acf-general_shortdesc":"","modele_single":{"lead_magnet":"","lead_click":"","post_hasvideo":"no","video_associee":{"post_video":"","description_video":"","thumb_video":null}},"modele_default":{"desc":"","lead_click":"Clique ici pour plus d'information"},"modele_hook":{"image_height":null,"lead_magnet":"","key_phase":"","desc":"","lead_click":"Clique ici pour plus d'information"},"modele_bullets":{"image_height":null,"bullets":null,"lead_click":"Clique ici pour plus d'information"}},"_links":{"self":[{"href":"https:\/\/www.lessence-ciel.com\/en\/wp-json\/wp\/v2\/product\/35580","targetHints":{"allow":["GET"]}}],"collection":[{"href":"https:\/\/www.lessence-ciel.com\/en\/wp-json\/wp\/v2\/product"}],"about":[{"href":"https:\/\/www.lessence-ciel.com\/en\/wp-json\/wp\/v2\/types\/product"}],"wp:featuredmedia":[{"embeddable":true,"href":"https:\/\/www.lessence-ciel.com\/en\/wp-json\/wp\/v2\/media\/62148"}],"wp:attachment":[{"href":"https:\/\/www.lessence-ciel.com\/en\/wp-json\/wp\/v2\/media?parent=35580"}],"wp:term":[{"taxonomy":"classe-produit","embeddable":true,"href":"https:\/\/www.lessence-ciel.com\/en\/wp-json\/wp\/v2\/classe-produit?post=35580"},{"taxonomy":"categories-produits","embeddable":true,"href":"https:\/\/www.lessence-ciel.com\/en\/wp-json\/wp\/v2\/categories-produits?post=35580"},{"taxonomy":"thematique","embeddable":true,"href":"https:\/\/www.lessence-ciel.com\/en\/wp-json\/wp\/v2\/thematique?post=35580"},{"taxonomy":"product_brand","embeddable":true,"href":"https:\/\/www.lessence-ciel.com\/en\/wp-json\/wp\/v2\/product_brand?post=35580"}],"curies":[{"name":"wp","href":"https:\/\/api.w.org\/{rel}","templated":true}]}}