{"id":35855,"date":"2015-02-23T00:37:02","date_gmt":"2015-02-23T05:37:02","guid":{"rendered":"https:\/\/www.lessence-ciel.com\/?post_type=product&#038;p=35855"},"modified":"2018-12-02T14:38:44","modified_gmt":"2018-12-02T19:38:44","slug":"rose-sauvage-2","status":"publish","type":"product","link":"https:\/\/www.lessence-ciel.com\/en\/products-store\/rose-sauvage-2\/","title":{"rendered":"Rose Sauvage"},"content":{"rendered":"<p>Douce et \u00e9pic\u00e9e. Un soup\u00e7on de miel avec nuances subtiles de bois. Parfum calmant qui cr\u00e9e \u00e9quilibre et harmonie.<\/p>\n","protected":false},"excerpt":{"rendered":"<p>Douce et \u00e9pic\u00e9e. Un soup\u00e7on de miel avec nuances subtiles de bois. Parfum calmant qui cr\u00e9e \u00e9quilibre et harmonie.<\/p>\n","protected":false},"featured_media":62772,"template":"","meta":{"_acf_changed":false,"wds_primary_classe-produit":0,"wds_primary_categories-produits":0,"wds_primary_thematique":0,"wds_primary_product_brand":0,"wds_primary_product_cat":0},"classe-produit":[461,482],"categories-produits":[],"thematique":[],"product_brand":[],"class_list":{"0":"post-35855","1":"product","2":"type-product","3":"status-publish","4":"has-post-thumbnail","6":"classe-produit-ceremony-ritual-supplies","7":"classe-produit-incense","9":"first","10":"instock","11":"taxable","12":"shipping-taxable","13":"purchasable","14":"product-type-simple"},"acf":{"modele_type":"blog","modele_email":"single","acf-general_shortdesc":"Douce et \u00e9pic\u00e9e. Un soup\u00e7on de miel avec nuances subtiles de bois. Parfum calmant qui cr\u00e9e \u00e9quilibre et harmonie.","modele_single":{"lead_magnet":"","lead_click":"","post_hasvideo":"no","video_associee":{"post_video":"","description_video":"","thumb_video":null}},"modele_default":{"desc":"","lead_click":"Clique ici pour plus d'information"},"modele_hook":{"image_height":null,"lead_magnet":"","key_phase":"","desc":"","lead_click":"Clique ici pour plus d'information"},"modele_bullets":{"image_height":null,"bullets":null,"lead_click":"Clique ici pour plus d'information"}},"_links":{"self":[{"href":"https:\/\/www.lessence-ciel.com\/en\/wp-json\/wp\/v2\/product\/35855","targetHints":{"allow":["GET"]}}],"collection":[{"href":"https:\/\/www.lessence-ciel.com\/en\/wp-json\/wp\/v2\/product"}],"about":[{"href":"https:\/\/www.lessence-ciel.com\/en\/wp-json\/wp\/v2\/types\/product"}],"wp:featuredmedia":[{"embeddable":true,"href":"https:\/\/www.lessence-ciel.com\/en\/wp-json\/wp\/v2\/media\/62772"}],"wp:attachment":[{"href":"https:\/\/www.lessence-ciel.com\/en\/wp-json\/wp\/v2\/media?parent=35855"}],"wp:term":[{"taxonomy":"classe-produit","embeddable":true,"href":"https:\/\/www.lessence-ciel.com\/en\/wp-json\/wp\/v2\/classe-produit?post=35855"},{"taxonomy":"categories-produits","embeddable":true,"href":"https:\/\/www.lessence-ciel.com\/en\/wp-json\/wp\/v2\/categories-produits?post=35855"},{"taxonomy":"thematique","embeddable":true,"href":"https:\/\/www.lessence-ciel.com\/en\/wp-json\/wp\/v2\/thematique?post=35855"},{"taxonomy":"product_brand","embeddable":true,"href":"https:\/\/www.lessence-ciel.com\/en\/wp-json\/wp\/v2\/product_brand?post=35855"}],"curies":[{"name":"wp","href":"https:\/\/api.w.org\/{rel}","templated":true}]}}