{"id":36065,"date":"2015-02-23T00:37:44","date_gmt":"2015-02-23T05:37:44","guid":{"rendered":"https:\/\/www.lessence-ciel.com\/?post_type=product&#038;p=36065"},"modified":"2019-07-06T15:21:34","modified_gmt":"2019-07-06T19:21:34","slug":"sauge-blanche-de-californie","status":"publish","type":"product","link":"https:\/\/www.lessence-ciel.com\/en\/products-store\/sauge-blanche-de-californie\/","title":{"rendered":"Sauge blanche de Californie"},"content":{"rendered":"<p>La sauge blanche a un effet purificateur tr\u00e8s puissant. Nous offrons diff\u00e9rents formats de sauge blanche:<\/p>\n<p><strong>En b\u00e2ton <\/strong>:<br \/>\nFormats vari\u00e9s de 6.99$ \u00e0 19.99$<\/p>\n<p><strong>En feuillles<\/strong>:<br \/>\nPlusieurs formats disponibles<\/p>\n<p class=\"emphase\">Vous cherchez \u00e0 apprendre comment utiliser la sauge, rapidement? <a href=\"https:\/\/www.lessence-ciel.com\/enseignement\/produits-purification-avec-la-sauge\/\">Inscrivez-vous ici pour acc\u00e9der rapidement \u00e0 notre guide gratuit<\/a><\/p>\n","protected":false},"excerpt":{"rendered":"<p>La sauge blanche a un effet purificateur tr\u00e8s puissant. Nous offrons diff\u00e9rents formats de sauge blanche: En b\u00e2ton : Formats vari\u00e9s de 6.99$ \u00e0 19.99$ En feuillles: Plusieurs formats disponibles Vous cherchez \u00e0 apprendre comment utiliser la sauge, rapidement? Inscrivez-vous ici pour acc\u00e9der rapidement \u00e0 notre guide gratuit<\/p>\n","protected":false},"featured_media":50861,"template":"","meta":{"_acf_changed":false,"wds_primary_classe-produit":0,"wds_primary_categories-produits":0,"wds_primary_thematique":0,"wds_primary_product_brand":0,"wds_primary_product_cat":0},"classe-produit":[461],"categories-produits":[],"thematique":[658,529,832,808,816,810,820,822,531,862,798,800,868,854,524],"product_brand":[],"class_list":{"0":"post-36065","1":"product","2":"type-product","3":"status-publish","4":"has-post-thumbnail","6":"classe-produit-ceremony-ritual-supplies","7":"thematique-afterworld","8":"thematique-angels-world","9":"thematique-earth-medicine","10":"thematique-energy-work","11":"thematique-feng-shui-geobiology","12":"thematique-harmonisation","13":"thematique-healing-harmonization-tools","14":"thematique-magic-ceremonies-rituals","15":"thematique-natures-realm","16":"thematique-plants-trees-aromatherapy","17":"thematique-protection","18":"thematique-reiki-light-work","19":"thematique-sage-purification","20":"thematique-shamanism-native-traditions","21":"thematique-souls-garden","23":"first","24":"outofstock","25":"taxable","26":"shipping-taxable","27":"purchasable","28":"product-type-simple"},"acf":{"modele_type":"blog","modele_email":"single","acf-general_shortdesc":"","modele_single":{"lead_magnet":"","lead_click":"","post_hasvideo":"no","video_associee":{"post_video":"","description_video":"","thumb_video":null}},"modele_default":{"desc":"","lead_click":"Clique ici pour plus d'information"},"modele_hook":{"image_height":null,"lead_magnet":"","key_phase":"","desc":"","lead_click":"Clique ici pour plus d'information"},"modele_bullets":{"image_height":null,"bullets":null,"lead_click":"Clique ici pour plus d'information"}},"_links":{"self":[{"href":"https:\/\/www.lessence-ciel.com\/en\/wp-json\/wp\/v2\/product\/36065","targetHints":{"allow":["GET"]}}],"collection":[{"href":"https:\/\/www.lessence-ciel.com\/en\/wp-json\/wp\/v2\/product"}],"about":[{"href":"https:\/\/www.lessence-ciel.com\/en\/wp-json\/wp\/v2\/types\/product"}],"wp:featuredmedia":[{"embeddable":true,"href":"https:\/\/www.lessence-ciel.com\/en\/wp-json\/wp\/v2\/media\/50861"}],"wp:attachment":[{"href":"https:\/\/www.lessence-ciel.com\/en\/wp-json\/wp\/v2\/media?parent=36065"}],"wp:term":[{"taxonomy":"classe-produit","embeddable":true,"href":"https:\/\/www.lessence-ciel.com\/en\/wp-json\/wp\/v2\/classe-produit?post=36065"},{"taxonomy":"categories-produits","embeddable":true,"href":"https:\/\/www.lessence-ciel.com\/en\/wp-json\/wp\/v2\/categories-produits?post=36065"},{"taxonomy":"thematique","embeddable":true,"href":"https:\/\/www.lessence-ciel.com\/en\/wp-json\/wp\/v2\/thematique?post=36065"},{"taxonomy":"product_brand","embeddable":true,"href":"https:\/\/www.lessence-ciel.com\/en\/wp-json\/wp\/v2\/product_brand?post=36065"}],"curies":[{"name":"wp","href":"https:\/\/api.w.org\/{rel}","templated":true}]}}