{"id":36185,"date":"2015-02-23T00:38:28","date_gmt":"2015-02-23T05:38:28","guid":{"rendered":"https:\/\/www.lessence-ciel.com\/?post_type=product&#038;p=36185"},"modified":"2018-11-25T14:35:23","modified_gmt":"2018-11-25T19:35:23","slug":"harmoni-soleil-2","status":"publish","type":"product","link":"https:\/\/www.lessence-ciel.com\/en\/products-store\/harmoni-soleil-2\/","title":{"rendered":"Harmoni Soleil"},"content":{"rendered":"<p>Ce deuxi\u00e8me album de ailia vous offre une ambiance musicale impr\u00e9gn\u00e9e de calme et de douceur. Quelques pi\u00e8ces sont li\u00e9es \u00e0 l&#8217;oeuvre de Nathalie Chintanovich, inspir\u00e9es des fr\u00e8res stellaires, Chandra, Flex et Hildon et des cit\u00e9s d&#8217;or du peuple Inca. En plus des musiques inspir\u00e9es par La d\u00e9livrance par le soleil, L&#8217;envol\u00e9e humaine et Initiation aux lettres de feu, vous pourrez entendre Hommage \u00e0 Ga\u00efa et D\u00e9livrance sp\u00e9cialement compos\u00e9es pour l&#8217;\u00e9dition 2010 Transition publi\u00e9e aux \u00c9ditions Ariane. Dans ce livre dont la premi\u00e8re impression fut de 25,000 copies, on retrouve une page d\u00e9di\u00e9e aux musiques de ailia. Toutes les pi\u00e8ces d&#8217;Harmoni soleil ont \u00e9t\u00e9 soigneusement remix\u00e9es et rehauss\u00e9es pour offrir \u00e0 l&#8217;auditeur un son et de nouvelles harmonies d&#8217;une beaut\u00e9 et d&#8217;une finesse remarquable.<\/p>\n","protected":false},"excerpt":{"rendered":"<p>Ce deuxi\u00e8me album de ailia vous offre une ambiance musicale impr\u00e9gn\u00e9e de calme et de douceur. Quelques pi\u00e8ces sont li\u00e9es \u00e0 l&#8217;oeuvre de Nathalie Chintanovich, inspir\u00e9es des fr\u00e8res stellaires, Chandra, Flex et Hildon et des cit\u00e9s d&#8217;or du peuple Inca. En plus des musiques inspir\u00e9es par La d\u00e9livrance par le [&hellip;]<\/p>\n","protected":false},"featured_media":45781,"template":"","meta":{"_acf_changed":false,"wds_primary_classe-produit":0,"wds_primary_categories-produits":0,"wds_primary_thematique":0,"wds_primary_product_brand":0,"wds_primary_product_cat":0},"classe-produit":[351,1135,1132,357],"categories-produits":[],"thematique":[529,757,810,818,531,755],"product_brand":[],"class_list":{"0":"post-36185","1":"product","2":"type-product","3":"status-publish","4":"has-post-thumbnail","6":"classe-produit-cd-en","7":"classe-produit-cd-elevation-en","8":"classe-produit-cd-musique-pour-le-reiki-en","9":"classe-produit-music-cd","10":"thematique-angels-world","11":"thematique-channeling","12":"thematique-harmonisation","13":"thematique-music","14":"thematique-natures-realm","15":"thematique-spiritual-teaching","17":"first","18":"instock","19":"taxable","20":"shipping-taxable","21":"purchasable","22":"product-type-simple"},"acf":{"modele_type":"blog","modele_email":"single","acf-general_shortdesc":"","modele_single":{"lead_magnet":"","lead_click":"","post_hasvideo":"no","video_associee":{"post_video":"","description_video":"","thumb_video":null}},"modele_default":{"desc":"","lead_click":"Clique ici pour plus d'information"},"modele_hook":{"image_height":null,"lead_magnet":"","key_phase":"","desc":"","lead_click":"Clique ici pour plus d'information"},"modele_bullets":{"image_height":null,"bullets":null,"lead_click":"Clique ici pour plus d'information"}},"_links":{"self":[{"href":"https:\/\/www.lessence-ciel.com\/en\/wp-json\/wp\/v2\/product\/36185","targetHints":{"allow":["GET"]}}],"collection":[{"href":"https:\/\/www.lessence-ciel.com\/en\/wp-json\/wp\/v2\/product"}],"about":[{"href":"https:\/\/www.lessence-ciel.com\/en\/wp-json\/wp\/v2\/types\/product"}],"wp:featuredmedia":[{"embeddable":true,"href":"https:\/\/www.lessence-ciel.com\/en\/wp-json\/wp\/v2\/media\/45781"}],"wp:attachment":[{"href":"https:\/\/www.lessence-ciel.com\/en\/wp-json\/wp\/v2\/media?parent=36185"}],"wp:term":[{"taxonomy":"classe-produit","embeddable":true,"href":"https:\/\/www.lessence-ciel.com\/en\/wp-json\/wp\/v2\/classe-produit?post=36185"},{"taxonomy":"categories-produits","embeddable":true,"href":"https:\/\/www.lessence-ciel.com\/en\/wp-json\/wp\/v2\/categories-produits?post=36185"},{"taxonomy":"thematique","embeddable":true,"href":"https:\/\/www.lessence-ciel.com\/en\/wp-json\/wp\/v2\/thematique?post=36185"},{"taxonomy":"product_brand","embeddable":true,"href":"https:\/\/www.lessence-ciel.com\/en\/wp-json\/wp\/v2\/product_brand?post=36185"}],"curies":[{"name":"wp","href":"https:\/\/api.w.org\/{rel}","templated":true}]}}