{"id":37031,"date":"2015-02-23T00:45:45","date_gmt":"2015-02-23T05:45:45","guid":{"rendered":"https:\/\/www.lessence-ciel.com\/?post_type=product&#038;p=37031"},"modified":"2019-05-24T19:09:14","modified_gmt":"2019-05-24T23:09:14","slug":"la-science-des-chakras","status":"publish","type":"product","link":"https:\/\/www.lessence-ciel.com\/en\/products-store\/la-science-des-chakras\/","title":{"rendered":"La Science des Chakras"},"content":{"rendered":"<p>Con\u00e7ues, compos\u00e9es et r\u00e9alis\u00e9es par Daniel Briez pour les textes et Jean-Marc Staehle pour la musique, ces m\u00e9ditations sont destin\u00e9es \u00e0 permettre une harmonisation \u00e9nerg\u00e9tique des Chakras.<br \/>\nLes textes induisent des images vibrant sur la fr\u00e9quence de chaque Chakra. Les musiques, bas\u00e9es sur sept tonalit\u00e9s diff\u00e9rentes, utilisent des timbres instrumentaux et des ambiances sonores propres \u00e0 chaque Chakra. Le tout produit un \u00ab outil sonore \u00bb cr\u00e9ant une m\u00e9thode simple, pratique, efficace et \u00e0 la port\u00e9e de tous permettant une \u00e9volution globale de notre \u00eatre vers la sant\u00e9 et l&#8217;harmonie, tant sur le plan physique que psychologique et spirituel.<\/p>\n","protected":false},"excerpt":{"rendered":"<p>Con\u00e7ues, compos\u00e9es et r\u00e9alis\u00e9es par Daniel Briez pour les textes et Jean-Marc Staehle pour la musique, ces m\u00e9ditations sont destin\u00e9es \u00e0 permettre une harmonisation \u00e9nerg\u00e9tique des Chakras. Les textes induisent des images vibrant sur la fr\u00e9quence de chaque Chakra. Les musiques, bas\u00e9es sur sept tonalit\u00e9s diff\u00e9rentes, utilisent des timbres instrumentaux [&hellip;]<\/p>\n","protected":false},"featured_media":62074,"template":"","meta":{"_acf_changed":false,"wds_primary_classe-produit":0,"wds_primary_categories-produits":0,"wds_primary_thematique":0,"wds_primary_product_brand":0,"wds_primary_product_cat":0},"classe-produit":[351,354],"categories-produits":[],"thematique":[529,1206,800],"product_brand":[],"class_list":{"0":"post-37031","1":"product","2":"type-product","3":"status-publish","4":"has-post-thumbnail","6":"classe-produit-cd-en","7":"classe-produit-guided-meditation","8":"thematique-angels-world","9":"thematique-the-chakras","10":"thematique-reiki-light-work","12":"first","13":"instock","14":"taxable","15":"shipping-taxable","16":"purchasable","17":"product-type-simple"},"acf":{"modele_type":"blog","modele_email":"single","acf-general_shortdesc":"","modele_single":{"lead_magnet":"","lead_click":"","post_hasvideo":"no","video_associee":{"post_video":"","description_video":"","thumb_video":null}},"modele_default":{"desc":"","lead_click":"Clique ici pour plus d'information"},"modele_hook":{"image_height":null,"lead_magnet":"","key_phase":"","desc":"","lead_click":"Clique ici pour plus d'information"},"modele_bullets":{"image_height":null,"bullets":null,"lead_click":"Clique ici pour plus d'information"}},"_links":{"self":[{"href":"https:\/\/www.lessence-ciel.com\/en\/wp-json\/wp\/v2\/product\/37031","targetHints":{"allow":["GET"]}}],"collection":[{"href":"https:\/\/www.lessence-ciel.com\/en\/wp-json\/wp\/v2\/product"}],"about":[{"href":"https:\/\/www.lessence-ciel.com\/en\/wp-json\/wp\/v2\/types\/product"}],"wp:featuredmedia":[{"embeddable":true,"href":"https:\/\/www.lessence-ciel.com\/en\/wp-json\/wp\/v2\/media\/62074"}],"wp:attachment":[{"href":"https:\/\/www.lessence-ciel.com\/en\/wp-json\/wp\/v2\/media?parent=37031"}],"wp:term":[{"taxonomy":"classe-produit","embeddable":true,"href":"https:\/\/www.lessence-ciel.com\/en\/wp-json\/wp\/v2\/classe-produit?post=37031"},{"taxonomy":"categories-produits","embeddable":true,"href":"https:\/\/www.lessence-ciel.com\/en\/wp-json\/wp\/v2\/categories-produits?post=37031"},{"taxonomy":"thematique","embeddable":true,"href":"https:\/\/www.lessence-ciel.com\/en\/wp-json\/wp\/v2\/thematique?post=37031"},{"taxonomy":"product_brand","embeddable":true,"href":"https:\/\/www.lessence-ciel.com\/en\/wp-json\/wp\/v2\/product_brand?post=37031"}],"curies":[{"name":"wp","href":"https:\/\/api.w.org\/{rel}","templated":true}]}}