{"id":37034,"date":"2015-02-23T00:45:45","date_gmt":"2015-02-23T05:45:45","guid":{"rendered":"https:\/\/www.lessence-ciel.com\/?post_type=product&#038;p=37034"},"modified":"2019-05-24T16:44:04","modified_gmt":"2019-05-24T20:44:04","slug":"meditations-guidees-avec-les-dauphins-ces-anges-de-la-mer","status":"publish","type":"product","link":"https:\/\/www.lessence-ciel.com\/en\/products-store\/meditations-guidees-avec-les-dauphins-ces-anges-de-la-mer\/","title":{"rendered":"M\u00e9ditations guid\u00e9es avec les dauphins, ces anges de la mer"},"content":{"rendered":"<p>Ce CD de M\u00e9ditations guid\u00e9es s\u2019adresse \u00e0 toutes les personnes int\u00e9ress\u00e9es \u00e0 communiquer avec les Dauphins en Libert\u00e9, soit physiquement, dans leur habitat naturel, en nageant avec eux et en les observant, soit \u00e9nerg\u00e9tiquement, par la pens\u00e9e et la conscience, sans les contraintes et les limites de l\u2019espace-temps. Des M\u00e9ditations guid\u00e9es pour d\u00e9couvrir comment les Dauphins, ces Ma\u00eetres de la Sagesse Initiatique Oc\u00e9ane, nous aident \u00e0 ouvrir notre C\u0153ur afin d\u2019acc\u00e9l\u00e9rer notre Gu\u00e9rison et celle de notre Plan\u00e8te.<\/p>\n","protected":false},"excerpt":{"rendered":"<p>Ce CD de M\u00e9ditations guid\u00e9es s\u2019adresse \u00e0 toutes les personnes int\u00e9ress\u00e9es \u00e0 communiquer avec les Dauphins en Libert\u00e9, soit physiquement, dans leur habitat naturel, en nageant avec eux et en les observant, soit \u00e9nerg\u00e9tiquement, par la pens\u00e9e et la conscience, sans les contraintes et les limites de l\u2019espace-temps. Des M\u00e9ditations [&hellip;]<\/p>\n","protected":false},"featured_media":62328,"template":"","meta":{"_acf_changed":false,"wds_primary_classe-produit":0,"wds_primary_categories-produits":0,"wds_primary_thematique":0,"wds_primary_product_brand":0,"wds_primary_product_cat":0},"classe-produit":[351,354],"categories-produits":[],"thematique":[529,775,769],"product_brand":[],"class_list":{"0":"post-37034","1":"product","2":"type-product","3":"status-publish","4":"has-post-thumbnail","6":"classe-produit-cd-en","7":"classe-produit-guided-meditation","8":"thematique-angels-world","9":"thematique-dolphins","10":"thematique-new-earth","12":"first","13":"instock","14":"taxable","15":"shipping-taxable","16":"purchasable","17":"product-type-simple"},"acf":{"modele_type":"blog","modele_email":"single","acf-general_shortdesc":"","modele_single":{"lead_magnet":"","lead_click":"","post_hasvideo":"no","video_associee":{"post_video":"","description_video":"","thumb_video":null}},"modele_default":{"desc":"","lead_click":"Clique ici pour plus d'information"},"modele_hook":{"image_height":null,"lead_magnet":"","key_phase":"","desc":"","lead_click":"Clique ici pour plus d'information"},"modele_bullets":{"image_height":null,"bullets":null,"lead_click":"Clique ici pour plus d'information"}},"_links":{"self":[{"href":"https:\/\/www.lessence-ciel.com\/en\/wp-json\/wp\/v2\/product\/37034","targetHints":{"allow":["GET"]}}],"collection":[{"href":"https:\/\/www.lessence-ciel.com\/en\/wp-json\/wp\/v2\/product"}],"about":[{"href":"https:\/\/www.lessence-ciel.com\/en\/wp-json\/wp\/v2\/types\/product"}],"wp:featuredmedia":[{"embeddable":true,"href":"https:\/\/www.lessence-ciel.com\/en\/wp-json\/wp\/v2\/media\/62328"}],"wp:attachment":[{"href":"https:\/\/www.lessence-ciel.com\/en\/wp-json\/wp\/v2\/media?parent=37034"}],"wp:term":[{"taxonomy":"classe-produit","embeddable":true,"href":"https:\/\/www.lessence-ciel.com\/en\/wp-json\/wp\/v2\/classe-produit?post=37034"},{"taxonomy":"categories-produits","embeddable":true,"href":"https:\/\/www.lessence-ciel.com\/en\/wp-json\/wp\/v2\/categories-produits?post=37034"},{"taxonomy":"thematique","embeddable":true,"href":"https:\/\/www.lessence-ciel.com\/en\/wp-json\/wp\/v2\/thematique?post=37034"},{"taxonomy":"product_brand","embeddable":true,"href":"https:\/\/www.lessence-ciel.com\/en\/wp-json\/wp\/v2\/product_brand?post=37034"}],"curies":[{"name":"wp","href":"https:\/\/api.w.org\/{rel}","templated":true}]}}