{"id":37043,"date":"2015-02-23T00:45:47","date_gmt":"2015-02-23T05:45:47","guid":{"rendered":"https:\/\/www.lessence-ciel.com\/?post_type=product&#038;p=37043"},"modified":"2018-12-02T11:40:53","modified_gmt":"2018-12-02T16:40:53","slug":"messages-de-vie-2","status":"publish","type":"product","link":"https:\/\/www.lessence-ciel.com\/en\/products-store\/messages-de-vie-2\/","title":{"rendered":"Messages de vie"},"content":{"rendered":"<p>La Magie se continue!\u2026 54 nouvelles images et pens\u00e9es! Toujours aussi simple. Il suffit de demander \u00e0 l\u2019univers le message id\u00e9al pour vous dans l\u2019instant pr\u00e9sent. Votre partie divine vous guidera vers la carte parfaite pour vous aider \u00e0 travers de nouvelles prises de conscience selon votre rythme \u00e9volutif personnel.<\/p>\n","protected":false},"excerpt":{"rendered":"<p>La Magie se continue!\u2026 54 nouvelles images et pens\u00e9es! Toujours aussi simple. Il suffit de demander \u00e0 l\u2019univers le message id\u00e9al pour vous dans l\u2019instant pr\u00e9sent. Votre partie divine vous guidera vers la carte parfaite pour vous aider \u00e0 travers de nouvelles prises de conscience selon votre rythme \u00e9volutif personnel.<\/p>\n","protected":false},"featured_media":0,"template":"","meta":{"_acf_changed":false,"wds_primary_classe-produit":0,"wds_primary_categories-produits":0,"wds_primary_thematique":0,"wds_primary_product_brand":0,"wds_primary_product_cat":0},"classe-produit":[377,366],"categories-produits":[],"thematique":[529,745,533,968],"product_brand":[],"class_list":{"0":"post-37043","1":"product","2":"type-product","3":"status-publish","5":"classe-produit-positive-thinking-inspiration-cards","6":"classe-produit-visionary-tools","7":"thematique-angels-world","8":"thematique-angels-archangels","9":"thematique-minds-sanctuary","10":"thematique-uplifting-the-mind","12":"first","13":"outofstock","14":"taxable","15":"shipping-taxable","16":"purchasable","17":"product-type-simple"},"acf":{"modele_type":"blog","modele_email":"single","acf-general_shortdesc":"","modele_single":{"lead_magnet":"","lead_click":"","post_hasvideo":"no","video_associee":{"post_video":"","description_video":"","thumb_video":null}},"modele_default":{"desc":"","lead_click":"Clique ici pour plus d'information"},"modele_hook":{"image_height":null,"lead_magnet":"","key_phase":"","desc":"","lead_click":"Clique ici pour plus d'information"},"modele_bullets":{"image_height":null,"bullets":null,"lead_click":"Clique ici pour plus d'information"}},"_links":{"self":[{"href":"https:\/\/www.lessence-ciel.com\/en\/wp-json\/wp\/v2\/product\/37043","targetHints":{"allow":["GET"]}}],"collection":[{"href":"https:\/\/www.lessence-ciel.com\/en\/wp-json\/wp\/v2\/product"}],"about":[{"href":"https:\/\/www.lessence-ciel.com\/en\/wp-json\/wp\/v2\/types\/product"}],"wp:attachment":[{"href":"https:\/\/www.lessence-ciel.com\/en\/wp-json\/wp\/v2\/media?parent=37043"}],"wp:term":[{"taxonomy":"classe-produit","embeddable":true,"href":"https:\/\/www.lessence-ciel.com\/en\/wp-json\/wp\/v2\/classe-produit?post=37043"},{"taxonomy":"categories-produits","embeddable":true,"href":"https:\/\/www.lessence-ciel.com\/en\/wp-json\/wp\/v2\/categories-produits?post=37043"},{"taxonomy":"thematique","embeddable":true,"href":"https:\/\/www.lessence-ciel.com\/en\/wp-json\/wp\/v2\/thematique?post=37043"},{"taxonomy":"product_brand","embeddable":true,"href":"https:\/\/www.lessence-ciel.com\/en\/wp-json\/wp\/v2\/product_brand?post=37043"}],"curies":[{"name":"wp","href":"https:\/\/api.w.org\/{rel}","templated":true}]}}