{"id":37053,"date":"2015-02-23T00:45:49","date_gmt":"2015-02-23T05:45:49","guid":{"rendered":"https:\/\/www.lessence-ciel.com\/?post_type=product&#038;p=37053"},"modified":"2019-05-24T19:27:13","modified_gmt":"2019-05-24T23:27:13","slug":"guerir-avec-les-anges","status":"publish","type":"product","link":"https:\/\/www.lessence-ciel.com\/en\/products-store\/guerir-avec-les-anges\/","title":{"rendered":"Gu\u00e9rir avec les anges"},"content":{"rendered":"<p><span style=\"font-family: Candara; font-size: 15px; font-style: normal;\">Vos anges gardiens d\u00e9tiennent des messages qui vous permettront de gu\u00e9rir chaque facette de votre vie. Ce jeu de 44 cartes oracles vous mettra en contact avec eux; il vous apportera r\u00e9ponses et guidance sur votre vie amoureuse, votre carri\u00e8re, votre sant\u00e9, votre famille, et bien davantage. Gr\u00e2ce \u00e0 un petit livret d\u2019interpr\u00e9tation, vous apprendrez comment lire le tarot ang\u00e9lique pour vous-m\u00eame et vos proches.<\/span><br style=\"font-size: 15px;\"\/><span style=\"font-family: Candara; font-size: 15px; font-style: normal;\">Chaque carte repr\u00e9sente un ange merveilleux et porte un message positif. Les anges offrent toujours leurs conseils avec amour<\/span><\/p>\n","protected":false},"excerpt":{"rendered":"<p>Vos anges gardiens d\u00e9tiennent des messages qui vous permettront de gu\u00e9rir chaque facette de votre vie. Ce jeu de 44 cartes oracles vous mettra en contact avec eux; il vous apportera r\u00e9ponses et guidance sur votre vie amoureuse, votre carri\u00e8re, votre sant\u00e9, votre famille, et bien davantage. Gr\u00e2ce \u00e0 un [&hellip;]<\/p>\n","protected":false},"featured_media":47976,"template":"","meta":{"_acf_changed":false,"wds_primary_classe-produit":0,"wds_primary_categories-produits":0,"wds_primary_thematique":0,"wds_primary_product_brand":0,"wds_primary_product_cat":0},"classe-produit":[380,366],"categories-produits":[],"thematique":[529,747,745],"product_brand":[],"class_list":{"0":"post-37053","1":"product","2":"type-product","3":"status-publish","4":"has-post-thumbnail","6":"classe-produit-oracles-en","7":"classe-produit-visionary-tools","8":"thematique-angels-world","9":"thematique-angels","10":"thematique-angels-archangels","12":"first","13":"instock","14":"taxable","15":"shipping-taxable","16":"purchasable","17":"product-type-simple"},"acf":{"modele_type":"blog","modele_email":"single","acf-general_shortdesc":"","modele_single":{"lead_magnet":"","lead_click":"","post_hasvideo":"no","video_associee":{"post_video":"","description_video":"","thumb_video":null}},"modele_default":{"desc":"","lead_click":"Clique ici pour plus d'information"},"modele_hook":{"image_height":null,"lead_magnet":"","key_phase":"","desc":"","lead_click":"Clique ici pour plus d'information"},"modele_bullets":{"image_height":null,"bullets":null,"lead_click":"Clique ici pour plus d'information"}},"_links":{"self":[{"href":"https:\/\/www.lessence-ciel.com\/en\/wp-json\/wp\/v2\/product\/37053","targetHints":{"allow":["GET"]}}],"collection":[{"href":"https:\/\/www.lessence-ciel.com\/en\/wp-json\/wp\/v2\/product"}],"about":[{"href":"https:\/\/www.lessence-ciel.com\/en\/wp-json\/wp\/v2\/types\/product"}],"wp:featuredmedia":[{"embeddable":true,"href":"https:\/\/www.lessence-ciel.com\/en\/wp-json\/wp\/v2\/media\/47976"}],"wp:attachment":[{"href":"https:\/\/www.lessence-ciel.com\/en\/wp-json\/wp\/v2\/media?parent=37053"}],"wp:term":[{"taxonomy":"classe-produit","embeddable":true,"href":"https:\/\/www.lessence-ciel.com\/en\/wp-json\/wp\/v2\/classe-produit?post=37053"},{"taxonomy":"categories-produits","embeddable":true,"href":"https:\/\/www.lessence-ciel.com\/en\/wp-json\/wp\/v2\/categories-produits?post=37053"},{"taxonomy":"thematique","embeddable":true,"href":"https:\/\/www.lessence-ciel.com\/en\/wp-json\/wp\/v2\/thematique?post=37053"},{"taxonomy":"product_brand","embeddable":true,"href":"https:\/\/www.lessence-ciel.com\/en\/wp-json\/wp\/v2\/product_brand?post=37053"}],"curies":[{"name":"wp","href":"https:\/\/api.w.org\/{rel}","templated":true}]}}