{"id":37059,"date":"2015-02-23T00:45:50","date_gmt":"2015-02-23T05:45:50","guid":{"rendered":"https:\/\/www.lessence-ciel.com\/?post_type=product&#038;p=37059"},"modified":"2019-05-24T19:22:14","modified_gmt":"2019-05-24T23:22:14","slug":"maitres-ascensionnes","status":"publish","type":"product","link":"https:\/\/www.lessence-ciel.com\/en\/products-store\/maitres-ascensionnes\/","title":{"rendered":"Ma\u00eetres  Ascensionn\u00e9s"},"content":{"rendered":"<p><span style=\"font-family: Candara; font-size: 15px; font-style: normal;\">Ce jeu comprend un livre qui est un excellent guide sur l\u2019ang\u00e9ologie et le monde des anges. A l\u2019aide du pr\u00e9cieux jeu de cartes les anges s\u2019introduisent doucement dans votre vie et comme par magie vos dons et vos forces vous sont r\u00e9v\u00e9l\u00e9s.<\/span><br style=\"font-size: 15px;\"\/><span style=\"font-family: Candara; font-size: 15px; font-style: normal;\">&nbsp;<\/span><br style=\"font-size: 15px;\"\/><span style=\"font-family: Candara; font-size: 15px; font-style: normal;\">Un cheminement spirituel essentiel et pr\u00e9cieux.<\/span><\/p>\n","protected":false},"excerpt":{"rendered":"<p>Ce jeu comprend un livre qui est un excellent guide sur l\u2019ang\u00e9ologie et le monde des anges. A l\u2019aide du pr\u00e9cieux jeu de cartes les anges s\u2019introduisent doucement dans votre vie et comme par magie vos dons et vos forces vous sont r\u00e9v\u00e9l\u00e9s.&nbsp;Un cheminement spirituel essentiel et pr\u00e9cieux.<\/p>\n","protected":false},"featured_media":51031,"template":"","meta":{"_acf_changed":false,"wds_primary_classe-produit":0,"wds_primary_categories-produits":0,"wds_primary_thematique":0,"wds_primary_product_brand":0,"wds_primary_product_cat":0},"classe-produit":[380,366],"categories-produits":[],"thematique":[529,747,745],"product_brand":[],"class_list":{"0":"post-37059","1":"product","2":"type-product","3":"status-publish","4":"has-post-thumbnail","6":"classe-produit-oracles-en","7":"classe-produit-visionary-tools","8":"thematique-angels-world","9":"thematique-angels","10":"thematique-angels-archangels","12":"first","13":"instock","14":"taxable","15":"shipping-taxable","16":"purchasable","17":"product-type-simple"},"acf":{"modele_type":"blog","modele_email":"single","acf-general_shortdesc":"","modele_single":{"lead_magnet":"","lead_click":"","post_hasvideo":"no","video_associee":{"post_video":"","description_video":"","thumb_video":null}},"modele_default":{"desc":"","lead_click":"Clique ici pour plus d'information"},"modele_hook":{"image_height":null,"lead_magnet":"","key_phase":"","desc":"","lead_click":"Clique ici pour plus d'information"},"modele_bullets":{"image_height":null,"bullets":null,"lead_click":"Clique ici pour plus d'information"}},"_links":{"self":[{"href":"https:\/\/www.lessence-ciel.com\/en\/wp-json\/wp\/v2\/product\/37059","targetHints":{"allow":["GET"]}}],"collection":[{"href":"https:\/\/www.lessence-ciel.com\/en\/wp-json\/wp\/v2\/product"}],"about":[{"href":"https:\/\/www.lessence-ciel.com\/en\/wp-json\/wp\/v2\/types\/product"}],"wp:featuredmedia":[{"embeddable":true,"href":"https:\/\/www.lessence-ciel.com\/en\/wp-json\/wp\/v2\/media\/51031"}],"wp:attachment":[{"href":"https:\/\/www.lessence-ciel.com\/en\/wp-json\/wp\/v2\/media?parent=37059"}],"wp:term":[{"taxonomy":"classe-produit","embeddable":true,"href":"https:\/\/www.lessence-ciel.com\/en\/wp-json\/wp\/v2\/classe-produit?post=37059"},{"taxonomy":"categories-produits","embeddable":true,"href":"https:\/\/www.lessence-ciel.com\/en\/wp-json\/wp\/v2\/categories-produits?post=37059"},{"taxonomy":"thematique","embeddable":true,"href":"https:\/\/www.lessence-ciel.com\/en\/wp-json\/wp\/v2\/thematique?post=37059"},{"taxonomy":"product_brand","embeddable":true,"href":"https:\/\/www.lessence-ciel.com\/en\/wp-json\/wp\/v2\/product_brand?post=37059"}],"curies":[{"name":"wp","href":"https:\/\/api.w.org\/{rel}","templated":true}]}}