{"id":37124,"date":"2015-02-23T00:46:06","date_gmt":"2015-02-23T05:46:06","guid":{"rendered":"https:\/\/www.lessence-ciel.com\/?post_type=product&#038;p=37124"},"modified":"2019-05-24T19:03:25","modified_gmt":"2019-05-24T23:03:25","slug":"calling-my-angels","status":"publish","type":"product","link":"https:\/\/www.lessence-ciel.com\/en\/products-store\/calling-my-angels\/","title":{"rendered":"Calling my Angels"},"content":{"rendered":"<p>Avec la participation de Juliana et sa voix ang\u00e9lique, &#8220;&#8221;Calling My Angels&#8221;&#8221; est un superbe album, c\u00e9leste et relaxant. Compos\u00e9 et interpr\u00e9t\u00e9 par Niall (Reiki River), c&#8217;est un excellent support pour les soins de Reiki ou les massages. L&#8217;album procure une ambiance parfaite pour se ressourcer et facilite la gu\u00e9rison. Co-produit par Llewellynn et Niall.<\/p>\n","protected":false},"excerpt":{"rendered":"<p>Avec la participation de Juliana et sa voix ang\u00e9lique, &#8220;&#8221;Calling My Angels&#8221;&#8221; est un superbe album, c\u00e9leste et relaxant. Compos\u00e9 et interpr\u00e9t\u00e9 par Niall (Reiki River), c&#8217;est un excellent support pour les soins de Reiki ou les massages. L&#8217;album procure une ambiance parfaite pour se ressourcer et facilite la gu\u00e9rison. [&hellip;]<\/p>\n","protected":false},"featured_media":45758,"template":"","meta":{"_acf_changed":false,"wds_primary_classe-produit":0,"wds_primary_categories-produits":0,"wds_primary_thematique":0,"wds_primary_product_brand":0,"wds_primary_product_cat":0},"classe-produit":[351,1136,1132,357],"categories-produits":[],"thematique":[529,747,745,810,886,818,531,880,806,800],"product_brand":[],"class_list":{"0":"post-37124","1":"product","2":"type-product","3":"status-publish","4":"has-post-thumbnail","6":"classe-produit-cd-en","7":"classe-produit-cd-musique-angelique-en","8":"classe-produit-cd-musique-pour-le-reiki-en","9":"classe-produit-music-cd","10":"thematique-angels-world","11":"thematique-angels","12":"thematique-angels-archangels","13":"thematique-harmonisation","14":"thematique-massage-reflexology","15":"thematique-music","16":"thematique-natures-realm","17":"thematique-physical-health","18":"thematique-reiki","19":"thematique-reiki-light-work","21":"first","22":"instock","23":"taxable","24":"shipping-taxable","25":"purchasable","26":"product-type-simple"},"acf":{"modele_type":"blog","modele_email":"single","acf-general_shortdesc":"","modele_single":{"lead_magnet":"","lead_click":"","post_hasvideo":"no","video_associee":{"post_video":"","description_video":"","thumb_video":null}},"modele_default":{"desc":"","lead_click":"Clique ici pour plus d'information"},"modele_hook":{"image_height":null,"lead_magnet":"","key_phase":"","desc":"","lead_click":"Clique ici pour plus d'information"},"modele_bullets":{"image_height":null,"bullets":null,"lead_click":"Clique ici pour plus d'information"}},"_links":{"self":[{"href":"https:\/\/www.lessence-ciel.com\/en\/wp-json\/wp\/v2\/product\/37124","targetHints":{"allow":["GET"]}}],"collection":[{"href":"https:\/\/www.lessence-ciel.com\/en\/wp-json\/wp\/v2\/product"}],"about":[{"href":"https:\/\/www.lessence-ciel.com\/en\/wp-json\/wp\/v2\/types\/product"}],"wp:featuredmedia":[{"embeddable":true,"href":"https:\/\/www.lessence-ciel.com\/en\/wp-json\/wp\/v2\/media\/45758"}],"wp:attachment":[{"href":"https:\/\/www.lessence-ciel.com\/en\/wp-json\/wp\/v2\/media?parent=37124"}],"wp:term":[{"taxonomy":"classe-produit","embeddable":true,"href":"https:\/\/www.lessence-ciel.com\/en\/wp-json\/wp\/v2\/classe-produit?post=37124"},{"taxonomy":"categories-produits","embeddable":true,"href":"https:\/\/www.lessence-ciel.com\/en\/wp-json\/wp\/v2\/categories-produits?post=37124"},{"taxonomy":"thematique","embeddable":true,"href":"https:\/\/www.lessence-ciel.com\/en\/wp-json\/wp\/v2\/thematique?post=37124"},{"taxonomy":"product_brand","embeddable":true,"href":"https:\/\/www.lessence-ciel.com\/en\/wp-json\/wp\/v2\/product_brand?post=37124"}],"curies":[{"name":"wp","href":"https:\/\/api.w.org\/{rel}","templated":true}]}}