{"id":37263,"date":"2015-02-23T00:49:14","date_gmt":"2015-02-23T05:49:14","guid":{"rendered":"https:\/\/www.lessence-ciel.com\/?post_type=enseignement&#038;p=37263"},"modified":"2019-07-27T16:23:09","modified_gmt":"2019-07-27T20:23:09","slug":"produits-orgonite","status":"publish","type":"product","link":"https:\/\/www.lessence-ciel.com\/en\/products-store\/produits-orgonite\/","title":{"rendered":"Orgonite products"},"content":{"rendered":"<p>L\u2019orgonite est un m\u00e9lange de particules de m\u00e9tal, de cristaux, de quartz et de r\u00e9sine.<\/p>\n<p>Les objets en orgonite auxquels on ajoute d\u2019autres cristaux et dont la proportion m\u00e9tal et r\u00e9sine est \u00e9gale, ont des propri\u00e9t\u00e9s tr\u00e8s int\u00e9ressantes dont la principale est de g\u00e9n\u00e9rer de l\u2019orgone. C\u2019est pourquoi on les appelle r\u00e9g\u00e9n\u00e9rateurs d\u2019orgone.<\/p>\n<p>L\u2019orgone est le nom qui fut donn\u00e9 par Wilheim Reich \u00e0 l\u2019\u00e9nergie vitale omnipr\u00e9sente de par la cr\u00e9ation. L\u2019orgone est \u00e9galement appel\u00e9e \u201cCh\u2019i\u201d, \u201cPrana\u201d, \u201cEther\u201d, \u2018\u00c9lan vital\u201d ou \u201ccinqui\u00e8me \u00e9l\u00e9ment\u201d. Cette \u00e9nergie vitale existe, de fa\u00e7on naturelle, sous plusieurs formes.<\/p>\n<p>Cet ensemble vibre \u00e0 une tr\u00e8s haute fr\u00e9quence (de 14000 \u00e018000 unit\u00e9s Bovis) ce qui lui conf\u00e8re les propri\u00e9t\u00e9s suivantes :<\/p>\n<ul>\n<li>\u00c9l\u00e8ve le taux vibratoire de l\u2019\u00e9nergie environnante (purification).<\/li>\n<li>Renforce le syst\u00e8me immunitaire.<\/li>\n<li>Intensifie le champ de protection de l\u2019aura.<\/li>\n<li>Facilite le d\u00e9veloppement des capacit\u00e9s psychiques individuelles.<\/li>\n<li>Att\u00e9nue les effets n\u00e9fastes des ondes \u00e9lectromagn\u00e9tiques des \u00e9crans de t\u00e9l\u00e9viseur et d\u2019ordinateur et des appareils \u00e9lectrom\u00e9nagers.<\/li>\n<\/ul>\n<p>Nos produits sont enti\u00e8rement fait \u00e0 la main et programm\u00e9s pour rayonner l\u2019harmonie. Ils sont compos\u00e9s de r\u00e9sine claire, de cristaux de quartz, de particules de bronze, de cuivre et d\u2019aluminium, de p\u00e9ridot, de kyanite, de pyrite et d\u2019une ou plusieurs de ces pierres telles am\u00e9thystes, amazonites, obsidiennes, quartz rose, aventurines et ainsi q\u2019un flocon d\u2019or et une spirale de cuivre.<\/p>\n","protected":false},"excerpt":{"rendered":"<p>L\u2019orgonite est un m\u00e9lange de particules de m\u00e9tal, de cristaux, de quartz et de r\u00e9sine. Les objets en orgonite auxquels on ajoute d\u2019autres cristaux et dont la proportion m\u00e9tal et r\u00e9sine est \u00e9gale, ont des propri\u00e9t\u00e9s tr\u00e8s int\u00e9ressantes dont la principale est de g\u00e9n\u00e9rer de l\u2019orgone. C\u2019est pourquoi on les [&hellip;]<\/p>\n","protected":false},"featured_media":65869,"template":"","meta":{"_acf_changed":false,"wds_primary_classe-produit":0,"wds_primary_categories-produits":0,"wds_primary_thematique":0,"wds_primary_product_brand":0,"wds_primary_product_cat":0},"classe-produit":[],"categories-produits":[],"thematique":[529,816,810,820,966,533,531,962],"product_brand":[],"class_list":{"0":"post-37263","1":"product","2":"type-product","3":"status-publish","4":"has-post-thumbnail","6":"thematique-angels-world","7":"thematique-feng-shui-geobiology","8":"thematique-harmonisation","9":"thematique-healing-harmonization-tools","10":"thematique-metaphysical-quantum-energy","11":"thematique-minds-sanctuary","12":"thematique-natures-realm","13":"thematique-unlocking-the-unknown","15":"first","16":"instock","17":"taxable","18":"shipping-taxable","19":"product-type-simple"},"acf":{"modele_type":"blog","modele_email":"single","acf-general_shortdesc":"","modele_single":{"lead_magnet":"","lead_click":"","post_hasvideo":"no","video_associee":{"post_video":"","description_video":"","thumb_video":null}},"modele_default":{"desc":"","lead_click":"Clique ici pour plus d'information"},"modele_hook":{"image_height":null,"lead_magnet":"","key_phase":"","desc":"","lead_click":"Clique ici pour plus d'information"},"modele_bullets":{"image_height":null,"bullets":null,"lead_click":"Clique ici pour plus d'information"}},"_links":{"self":[{"href":"https:\/\/www.lessence-ciel.com\/en\/wp-json\/wp\/v2\/product\/37263","targetHints":{"allow":["GET"]}}],"collection":[{"href":"https:\/\/www.lessence-ciel.com\/en\/wp-json\/wp\/v2\/product"}],"about":[{"href":"https:\/\/www.lessence-ciel.com\/en\/wp-json\/wp\/v2\/types\/product"}],"wp:featuredmedia":[{"embeddable":true,"href":"https:\/\/www.lessence-ciel.com\/en\/wp-json\/wp\/v2\/media\/65869"}],"wp:attachment":[{"href":"https:\/\/www.lessence-ciel.com\/en\/wp-json\/wp\/v2\/media?parent=37263"}],"wp:term":[{"taxonomy":"classe-produit","embeddable":true,"href":"https:\/\/www.lessence-ciel.com\/en\/wp-json\/wp\/v2\/classe-produit?post=37263"},{"taxonomy":"categories-produits","embeddable":true,"href":"https:\/\/www.lessence-ciel.com\/en\/wp-json\/wp\/v2\/categories-produits?post=37263"},{"taxonomy":"thematique","embeddable":true,"href":"https:\/\/www.lessence-ciel.com\/en\/wp-json\/wp\/v2\/thematique?post=37263"},{"taxonomy":"product_brand","embeddable":true,"href":"https:\/\/www.lessence-ciel.com\/en\/wp-json\/wp\/v2\/product_brand?post=37263"}],"curies":[{"name":"wp","href":"https:\/\/api.w.org\/{rel}","templated":true}]}}