{"id":37406,"date":"2015-02-23T00:55:52","date_gmt":"2015-02-23T05:55:52","guid":{"rendered":"https:\/\/www.lessence-ciel.com\/?post_type=enseignement&#038;p=37406"},"modified":"2018-12-02T12:42:30","modified_gmt":"2018-12-02T17:42:30","slug":"petits-cahiers-d-exercices-2","status":"publish","type":"product","link":"https:\/\/www.lessence-ciel.com\/en\/products-store\/petits-cahiers-d-exercices-2\/","title":{"rendered":"Petits cahiers d&#8217;exercices"},"content":{"rendered":"<div class=\"taxonomy-term-description\">\n<p class=\"rtejustify\"><img loading=\"lazy\" decoding=\"async\" class=\"wp-image-45907 aligncenter\" src=\"https:\/\/www.lessence-ciel.com\/wp-content\/uploads\/2015\/02\/pce-300x181.jpg\" alt=\"PCE\" width=\"355\" height=\"214\" \/><\/p>\n<p class=\"rtejustify\">Les \u00ab\u00a0Petits cahiers d\u2019exercices\u00a0\u00bb invitent le lecteur \u00e0 la mise en pratique concr\u00e8te, ludique et interactive.<\/p>\n<p class=\"rtejustify\">Ils sont des \u00e9l\u00e9ments actifs de transformation personnelle. Ils sont r\u00e9dig\u00e9s par des auteurs\u00a0confirm\u00e9s, exer\u00e7ant une activit\u00e9 en relation directe avec ce qu\u2019ils \u00e9crivent, comme la formation, la psychoth\u00e9rapie ou la relation d\u2019aide. Gr\u00e2ce aux Petits cahiers\u00a0dont vous \u00eates aussi l\u2019auteur, ils mettent leur savoir et leur savoir-faire au service de votre \u00e9panouissement et vous convient \u00e0 \u00eatre l\u2019acteur de votre changement. <strong>Faire les exercices, c\u2019est ainsi participer \u00e0 un de leurs stages de bien-\u00eatre\u00a0!<\/strong><\/p>\n<\/div>\n","protected":false},"excerpt":{"rendered":"<p>Les \u00ab\u00a0Petits cahiers d\u2019exercices\u00a0\u00bb invitent le lecteur \u00e0 la mise en pratique concr\u00e8te, ludique et interactive. Ils sont des \u00e9l\u00e9ments actifs de transformation personnelle. Ils sont r\u00e9dig\u00e9s par des auteurs\u00a0confirm\u00e9s, exer\u00e7ant une activit\u00e9 en relation directe avec ce qu\u2019ils \u00e9crivent, comme la formation, la psychoth\u00e9rapie ou la relation d\u2019aide. Gr\u00e2ce [&hellip;]<\/p>\n","protected":false},"featured_media":0,"template":"","meta":{"_acf_changed":false,"wds_primary_classe-produit":0,"wds_primary_categories-produits":0,"wds_primary_thematique":0,"wds_primary_product_brand":0,"wds_primary_product_cat":0},"classe-produit":[],"categories-produits":[],"thematique":[690,524,692],"product_brand":[],"class_list":{"0":"post-37406","1":"product","2":"type-product","3":"status-publish","5":"thematique-personal-growth","6":"thematique-souls-garden","7":"thematique-spiritual-renewal","9":"first","10":"instock","11":"taxable","12":"shipping-taxable","13":"product-type-simple"},"acf":{"modele_type":"blog","modele_email":"single","acf-general_shortdesc":"","modele_single":{"lead_magnet":"","lead_click":"","post_hasvideo":"no","video_associee":{"post_video":"","description_video":"","thumb_video":null}},"modele_default":{"desc":"","lead_click":"Clique ici pour plus d'information"},"modele_hook":{"image_height":null,"lead_magnet":"","key_phase":"","desc":"","lead_click":"Clique ici pour plus d'information"},"modele_bullets":{"image_height":null,"bullets":null,"lead_click":"Clique ici pour plus d'information"}},"_links":{"self":[{"href":"https:\/\/www.lessence-ciel.com\/en\/wp-json\/wp\/v2\/product\/37406","targetHints":{"allow":["GET"]}}],"collection":[{"href":"https:\/\/www.lessence-ciel.com\/en\/wp-json\/wp\/v2\/product"}],"about":[{"href":"https:\/\/www.lessence-ciel.com\/en\/wp-json\/wp\/v2\/types\/product"}],"wp:attachment":[{"href":"https:\/\/www.lessence-ciel.com\/en\/wp-json\/wp\/v2\/media?parent=37406"}],"wp:term":[{"taxonomy":"classe-produit","embeddable":true,"href":"https:\/\/www.lessence-ciel.com\/en\/wp-json\/wp\/v2\/classe-produit?post=37406"},{"taxonomy":"categories-produits","embeddable":true,"href":"https:\/\/www.lessence-ciel.com\/en\/wp-json\/wp\/v2\/categories-produits?post=37406"},{"taxonomy":"thematique","embeddable":true,"href":"https:\/\/www.lessence-ciel.com\/en\/wp-json\/wp\/v2\/thematique?post=37406"},{"taxonomy":"product_brand","embeddable":true,"href":"https:\/\/www.lessence-ciel.com\/en\/wp-json\/wp\/v2\/product_brand?post=37406"}],"curies":[{"name":"wp","href":"https:\/\/api.w.org\/{rel}","templated":true}]}}