{"id":37431,"date":"2015-02-23T00:55:58","date_gmt":"2015-02-23T05:55:58","guid":{"rendered":"https:\/\/www.lessence-ciel.com\/?post_type=enseignement&#038;p=37431"},"modified":"2018-11-25T16:50:23","modified_gmt":"2018-11-25T21:50:23","slug":"mandalas-a-colorier-de-suzanne-trudel-2","status":"publish","type":"product","link":"https:\/\/www.lessence-ciel.com\/en\/products-store\/mandalas-a-colorier-de-suzanne-trudel-2\/","title":{"rendered":"Mandalas \u00e0 colorier de Suzanne Trudel"},"content":{"rendered":"<p>Le mandala est un reflet de l&#8217;univers qui nous entoure. Il est un vaisseau porteur d&#8217;\u00e9nergie ralliant ce qui se voit et ne se voit pas. Colorier des mandalas favorise la d\u00e9tente et la concentration en harmonisant le corps et l&#8217;esprit. C&#8217;est un outil passionnant pour travailler sur soi-m\u00eame, sur notre entourage ou tout simplement pour r\u00e9pandre une \u00e9nergie positive autour de soi. Le mandala apportera r\u00e9confort, s\u00e9r\u00e9nit\u00e9, paix et joie \u00e0 votre \u00e2me. Puisant dans l&#8217;\u00e9nergie de l&#8217;univers, je laisse mon imagination libre de capter ces trac\u00e9s et ces formes qui deviendront des mandalas que je partage dans ce livre avec vous.<\/p>\n<p>Explorez-les, faites-les v\u00f4tres, coloriez-les en vous laissant guider par votre intuition. Je vous invite \u00e0 d\u00e9couvrir les multiples bienfaits des mandalas au travers de cette collection comportant quatre voies de r\u00e9flexion : Mandalas manifestation de vie, Mandalas \u00e9nergie de gu\u00e9rison, Mandalas du l\u00e2cher prise, Mandalas croissance personnelle. Je vous propose de d\u00e9velopper chacune de ces voies avec des th\u00e8mes qui toucheront des aspects pr\u00e9cis de la vie<\/p>\n<p>Suzanne Trudel<\/p>\n","protected":false},"excerpt":{"rendered":"<p>Le mandala est un reflet de l&#8217;univers qui nous entoure. Il est un vaisseau porteur d&#8217;\u00e9nergie ralliant ce qui se voit et ne se voit pas. Colorier des mandalas favorise la d\u00e9tente et la concentration en harmonisant le corps et l&#8217;esprit. C&#8217;est un outil passionnant pour travailler sur soi-m\u00eame, sur [&hellip;]<\/p>\n","protected":false},"featured_media":0,"template":"","meta":{"_acf_changed":false,"wds_primary_classe-produit":0,"wds_primary_categories-produits":0,"wds_primary_thematique":0,"wds_primary_product_brand":0,"wds_primary_product_cat":0},"classe-produit":[],"categories-produits":[],"thematique":[533,968],"product_brand":[],"class_list":{"0":"post-37431","1":"product","2":"type-product","3":"status-publish","5":"thematique-minds-sanctuary","6":"thematique-uplifting-the-mind","8":"first","9":"instock","10":"taxable","11":"shipping-taxable","12":"product-type-simple"},"acf":{"modele_type":"blog","modele_email":"single","acf-general_shortdesc":"","modele_single":{"lead_magnet":"","lead_click":"","post_hasvideo":"no","video_associee":{"post_video":"","description_video":"","thumb_video":null}},"modele_default":{"desc":"","lead_click":"Clique ici pour plus d'information"},"modele_hook":{"image_height":null,"lead_magnet":"","key_phase":"","desc":"","lead_click":"Clique ici pour plus d'information"},"modele_bullets":{"image_height":null,"bullets":null,"lead_click":"Clique ici pour plus d'information"}},"_links":{"self":[{"href":"https:\/\/www.lessence-ciel.com\/en\/wp-json\/wp\/v2\/product\/37431","targetHints":{"allow":["GET"]}}],"collection":[{"href":"https:\/\/www.lessence-ciel.com\/en\/wp-json\/wp\/v2\/product"}],"about":[{"href":"https:\/\/www.lessence-ciel.com\/en\/wp-json\/wp\/v2\/types\/product"}],"wp:attachment":[{"href":"https:\/\/www.lessence-ciel.com\/en\/wp-json\/wp\/v2\/media?parent=37431"}],"wp:term":[{"taxonomy":"classe-produit","embeddable":true,"href":"https:\/\/www.lessence-ciel.com\/en\/wp-json\/wp\/v2\/classe-produit?post=37431"},{"taxonomy":"categories-produits","embeddable":true,"href":"https:\/\/www.lessence-ciel.com\/en\/wp-json\/wp\/v2\/categories-produits?post=37431"},{"taxonomy":"thematique","embeddable":true,"href":"https:\/\/www.lessence-ciel.com\/en\/wp-json\/wp\/v2\/thematique?post=37431"},{"taxonomy":"product_brand","embeddable":true,"href":"https:\/\/www.lessence-ciel.com\/en\/wp-json\/wp\/v2\/product_brand?post=37431"}],"curies":[{"name":"wp","href":"https:\/\/api.w.org\/{rel}","templated":true}]}}