{"id":37936,"date":"2015-02-23T01:00:08","date_gmt":"2015-02-23T06:00:08","guid":{"rendered":"https:\/\/www.lessence-ciel.com\/?post_type=product&#038;p=37936"},"modified":"2018-11-25T15:58:58","modified_gmt":"2018-11-25T20:58:58","slug":"le-guide-des-cristaux-2","status":"publish","type":"product","link":"https:\/\/www.lessence-ciel.com\/en\/products-store\/le-guide-des-cristaux-2\/","title":{"rendered":"Le guide des cristaux"},"content":{"rendered":"<p><span id=\"ctl09_ctl01_mz1Div_ctl00_ctl00_lblResumeValue\" class=\"lblResumeValue\">Guide pour d\u00e9couvrir 500 cristaux, des plus rares aux plus connus, et la mani\u00e8re de les choisir, de les entretenir et de les purifier pour b\u00e9n\u00e9ficier de leurs effets th\u00e9rapeutiques sur le corps et l&#8217;esprit.<\/span><\/p>\n<p><span class=\"lblResumeValue\" style=\"font-family: Verdana;\">\u00a0<\/span><\/p>\n","protected":false},"excerpt":{"rendered":"<p>Guide pour d\u00e9couvrir 500 cristaux, des plus rares aux plus connus, et la mani\u00e8re de les choisir, de les entretenir et de les purifier pour b\u00e9n\u00e9ficier de leurs effets th\u00e9rapeutiques sur le corps et l&#8217;esprit. \u00a0<\/p>\n","protected":false},"featured_media":62127,"template":"","meta":{"_acf_changed":false,"wds_primary_classe-produit":0,"wds_primary_categories-produits":0,"wds_primary_thematique":0,"wds_primary_product_brand":0,"wds_primary_product_cat":0},"classe-produit":[428,431],"categories-produits":[],"thematique":[872,531],"product_brand":[],"class_list":{"0":"post-37936","1":"product","2":"type-product","3":"status-publish","4":"has-post-thumbnail","6":"classe-produit-books","7":"classe-produit-library-books","8":"thematique-crystals-semi-precious-stones","9":"thematique-natures-realm","11":"first","12":"instock","13":"taxable","14":"shipping-taxable","15":"purchasable","16":"product-type-simple"},"acf":{"modele_type":"blog","modele_email":"single","acf-general_shortdesc":"","modele_single":{"lead_magnet":"","lead_click":"","post_hasvideo":"no","video_associee":{"post_video":"","description_video":"","thumb_video":null}},"modele_default":{"desc":"","lead_click":"Clique ici pour plus d'information"},"modele_hook":{"image_height":null,"lead_magnet":"","key_phase":"","desc":"","lead_click":"Clique ici pour plus d'information"},"modele_bullets":{"image_height":null,"bullets":null,"lead_click":"Clique ici pour plus d'information"}},"_links":{"self":[{"href":"https:\/\/www.lessence-ciel.com\/en\/wp-json\/wp\/v2\/product\/37936","targetHints":{"allow":["GET"]}}],"collection":[{"href":"https:\/\/www.lessence-ciel.com\/en\/wp-json\/wp\/v2\/product"}],"about":[{"href":"https:\/\/www.lessence-ciel.com\/en\/wp-json\/wp\/v2\/types\/product"}],"wp:featuredmedia":[{"embeddable":true,"href":"https:\/\/www.lessence-ciel.com\/en\/wp-json\/wp\/v2\/media\/62127"}],"wp:attachment":[{"href":"https:\/\/www.lessence-ciel.com\/en\/wp-json\/wp\/v2\/media?parent=37936"}],"wp:term":[{"taxonomy":"classe-produit","embeddable":true,"href":"https:\/\/www.lessence-ciel.com\/en\/wp-json\/wp\/v2\/classe-produit?post=37936"},{"taxonomy":"categories-produits","embeddable":true,"href":"https:\/\/www.lessence-ciel.com\/en\/wp-json\/wp\/v2\/categories-produits?post=37936"},{"taxonomy":"thematique","embeddable":true,"href":"https:\/\/www.lessence-ciel.com\/en\/wp-json\/wp\/v2\/thematique?post=37936"},{"taxonomy":"product_brand","embeddable":true,"href":"https:\/\/www.lessence-ciel.com\/en\/wp-json\/wp\/v2\/product_brand?post=37936"}],"curies":[{"name":"wp","href":"https:\/\/api.w.org\/{rel}","templated":true}]}}