{"id":37957,"date":"2015-02-23T01:00:21","date_gmt":"2015-02-23T06:00:21","guid":{"rendered":"https:\/\/www.lessence-ciel.com\/?post_type=product&#038;p=37957"},"modified":"2018-11-25T15:27:12","modified_gmt":"2018-11-25T20:27:12","slug":"la-medecine-des-cristaux-4","status":"publish","type":"product","link":"https:\/\/www.lessence-ciel.com\/en\/products-store\/la-medecine-des-cristaux-4\/","title":{"rendered":"La m\u00e9decine des cristaux"},"content":{"rendered":"<p><em>La m\u00e9decine des cristaux<\/em>\u00a0est un guide utile expliquant les propri\u00e9t\u00e9s curatives de 94 cristaux et comprenant de merveilleuses photographies repr\u00e9sentant chaque famille de ces min\u00e9raux exceptionnels. Le livre s&#8217;adresse autant aux d\u00e9butants qu&#8217;aux praticiens exp\u00e9riment\u00e9s et ne porte que sur des cristaux faciles \u00e0 obtenir. Vous apprendrez \u00e0 choisir les cristaux appropri\u00e9s pour traiter des probl\u00e8mes particuliers au chapitre de la sant\u00e9 ou du mode de vie, obtiendrez des explications claires sur une s\u00e9rie de termes li\u00e9s au domaine des cristaux (comme fant\u00f4me et archiviste), d\u00e9couvrirez comment vous procurer des cristaux qui ont \u00e9t\u00e9 extraits \u00e0 l&#8217;aide de m\u00e9thodes respectueuses de l&#8217;environnement et prendrez connaissance des fascinants messages que nous livre chacun d&#8217;entre eux.<\/p>\n","protected":false},"excerpt":{"rendered":"<p>La m\u00e9decine des cristaux\u00a0est un guide utile expliquant les propri\u00e9t\u00e9s curatives de 94 cristaux et comprenant de merveilleuses photographies repr\u00e9sentant chaque famille de ces min\u00e9raux exceptionnels. Le livre s&#8217;adresse autant aux d\u00e9butants qu&#8217;aux praticiens exp\u00e9riment\u00e9s et ne porte que sur des cristaux faciles \u00e0 obtenir. Vous apprendrez \u00e0 choisir les [&hellip;]<\/p>\n","protected":false},"featured_media":62040,"template":"","meta":{"_acf_changed":false,"wds_primary_classe-produit":0,"wds_primary_categories-produits":0,"wds_primary_thematique":0,"wds_primary_product_brand":0,"wds_primary_product_cat":0},"classe-produit":[428,431],"categories-produits":[],"thematique":[872,531],"product_brand":[],"class_list":{"0":"post-37957","1":"product","2":"type-product","3":"status-publish","4":"has-post-thumbnail","6":"classe-produit-books","7":"classe-produit-library-books","8":"thematique-crystals-semi-precious-stones","9":"thematique-natures-realm","11":"first","12":"instock","13":"taxable","14":"shipping-taxable","15":"purchasable","16":"product-type-simple"},"acf":{"modele_type":"blog","modele_email":"single","acf-general_shortdesc":"","modele_single":{"lead_magnet":"","lead_click":"","post_hasvideo":"no","video_associee":{"post_video":"","description_video":"","thumb_video":null}},"modele_default":{"desc":"","lead_click":"Clique ici pour plus d'information"},"modele_hook":{"image_height":null,"lead_magnet":"","key_phase":"","desc":"","lead_click":"Clique ici pour plus d'information"},"modele_bullets":{"image_height":null,"bullets":null,"lead_click":"Clique ici pour plus d'information"}},"_links":{"self":[{"href":"https:\/\/www.lessence-ciel.com\/en\/wp-json\/wp\/v2\/product\/37957","targetHints":{"allow":["GET"]}}],"collection":[{"href":"https:\/\/www.lessence-ciel.com\/en\/wp-json\/wp\/v2\/product"}],"about":[{"href":"https:\/\/www.lessence-ciel.com\/en\/wp-json\/wp\/v2\/types\/product"}],"wp:featuredmedia":[{"embeddable":true,"href":"https:\/\/www.lessence-ciel.com\/en\/wp-json\/wp\/v2\/media\/62040"}],"wp:attachment":[{"href":"https:\/\/www.lessence-ciel.com\/en\/wp-json\/wp\/v2\/media?parent=37957"}],"wp:term":[{"taxonomy":"classe-produit","embeddable":true,"href":"https:\/\/www.lessence-ciel.com\/en\/wp-json\/wp\/v2\/classe-produit?post=37957"},{"taxonomy":"categories-produits","embeddable":true,"href":"https:\/\/www.lessence-ciel.com\/en\/wp-json\/wp\/v2\/categories-produits?post=37957"},{"taxonomy":"thematique","embeddable":true,"href":"https:\/\/www.lessence-ciel.com\/en\/wp-json\/wp\/v2\/thematique?post=37957"},{"taxonomy":"product_brand","embeddable":true,"href":"https:\/\/www.lessence-ciel.com\/en\/wp-json\/wp\/v2\/product_brand?post=37957"}],"curies":[{"name":"wp","href":"https:\/\/api.w.org\/{rel}","templated":true}]}}