{"id":37969,"date":"2015-02-23T01:00:24","date_gmt":"2015-02-23T06:00:24","guid":{"rendered":"https:\/\/www.lessence-ciel.com\/?post_type=product&#038;p=37969"},"modified":"2019-06-30T15:21:22","modified_gmt":"2019-06-30T19:21:22","slug":"101-jours-pour-apprendre-le-pendule","status":"publish","type":"product","link":"https:\/\/www.lessence-ciel.com\/en\/products-store\/101-jours-pour-apprendre-le-pendule\/","title":{"rendered":"101 jours pour apprendre le pendule"},"content":{"rendered":"<p><span id=\"ctl09_ctl01_mz1Div_ctl00_ctl00_lblResumeValue\" class=\"lblResumeValue\">Connaissez-vous la radiesth\u00e9sie ? Savez-vous que votre avenir peut \u00eatre r\u00e9v\u00e9l\u00e9 gr\u00e2ce \u00e0 un simple pendule ? Un petit poids, suspendu au bout d&#8217;une chaine et tenu du bout des doigts peut nous r\u00e9v\u00e9ler tant de choses.<br \/>\nEtes-vous pr\u00eats \u00e0 d\u00e9couvrir les nombreuses possibilit\u00e9s qu&#8217;offre le pendule ?<br \/>\nGr\u00e2ce \u00e0 des m\u00e9thodes simples et accessibles \u00e0 tous, vous pourrez apprendre \u00e0 utiliser cet instrument, au fil des jours. \u00c9tape par \u00e9tape, de l&#8217;histoire du pendule \u00e0 sa fabrication, de l&#8217;entrainement \u00e0 l&#8217;exploration, vous vous familiariserez avec cet objet mythique.<br \/>\nBien que l&#8217;on s&#8217;en serve le plus souvent pour la divination ou les recherches, vous d\u00e9couvrirez qu&#8217;il a la capacit\u00e9 d&#8217;explorer des domaines encore plus vastes. Parmi les nombreuses notions pr\u00e9sent\u00e9es dans ce livre, vous verrez entre autres comment questionner le pendule ; comment communiquer avec l&#8217;au-del\u00e0 ; comment fabriquer vos propres cadrans ; la recherche d&#8217;objets et de personnes ; les bienfaits de l&#8217;introspection ; le pouvoir d&#8217;analyse du pendule sur la sant\u00e9 ; le nettoyage des chakras ; le pouvoir des cristaux, ainsi que des notions \u00e9nerg\u00e9tiques plus complexes qui compl\u00e9menteront \u00e0 merveille vos nouvelles connaissances.<br \/>\nLa th\u00e9orie est \u00e9chelonn\u00e9e sur 101 jours et, \u00e0 tous les quatre jours, des exercices vous sont propos\u00e9s afin de mettre en pratique vos nouvelles connaissances. Si vous suivez la marche \u00e0 suivre, vous ne pourrez refermer ce livre sans en avoir retir\u00e9 une exp\u00e9rience concluante.<br \/>\nAllez, plongez dans cet univers nouveau qui s&#8217;ouvre \u00e0 vous !<\/span><\/p>\n<p><span class=\"lblResumeValue\" style=\"font-family: Verdana;\">&nbsp;<\/span><\/p>\n","protected":false},"excerpt":{"rendered":"<p>Connaissez-vous la radiesth\u00e9sie ? Savez-vous que votre avenir peut \u00eatre r\u00e9v\u00e9l\u00e9 gr\u00e2ce \u00e0 un simple pendule ? Un petit poids, suspendu au bout d&#8217;une chaine et tenu du bout des doigts peut nous r\u00e9v\u00e9ler tant de choses. Etes-vous pr\u00eats \u00e0 d\u00e9couvrir les nombreuses possibilit\u00e9s qu&#8217;offre le pendule ? Gr\u00e2ce \u00e0 [&hellip;]<\/p>\n","protected":false},"featured_media":61333,"template":"","meta":{"_acf_changed":false,"wds_primary_classe-produit":0,"wds_primary_categories-produits":0,"wds_primary_thematique":0,"wds_primary_product_brand":0,"wds_primary_product_cat":0},"classe-produit":[428,431],"categories-produits":[],"thematique":[913,533,919],"product_brand":[],"class_list":{"0":"post-37969","1":"product","2":"type-product","3":"status-publish","4":"has-post-thumbnail","6":"classe-produit-books","7":"classe-produit-library-books","8":"thematique-divination-oracles","9":"thematique-minds-sanctuary","10":"thematique-pendulums-dowsing","12":"first","13":"instock","14":"taxable","15":"shipping-taxable","16":"purchasable","17":"product-type-simple"},"acf":{"modele_type":"blog","modele_email":"single","acf-general_shortdesc":"","modele_single":{"lead_magnet":"","lead_click":"","post_hasvideo":"no","video_associee":{"post_video":"","description_video":"","thumb_video":null}},"modele_default":{"desc":"","lead_click":"Clique ici pour plus d'information"},"modele_hook":{"image_height":null,"lead_magnet":"","key_phase":"","desc":"","lead_click":"Clique ici pour plus d'information"},"modele_bullets":{"image_height":null,"bullets":null,"lead_click":"Clique ici pour plus d'information"}},"_links":{"self":[{"href":"https:\/\/www.lessence-ciel.com\/en\/wp-json\/wp\/v2\/product\/37969","targetHints":{"allow":["GET"]}}],"collection":[{"href":"https:\/\/www.lessence-ciel.com\/en\/wp-json\/wp\/v2\/product"}],"about":[{"href":"https:\/\/www.lessence-ciel.com\/en\/wp-json\/wp\/v2\/types\/product"}],"wp:featuredmedia":[{"embeddable":true,"href":"https:\/\/www.lessence-ciel.com\/en\/wp-json\/wp\/v2\/media\/61333"}],"wp:attachment":[{"href":"https:\/\/www.lessence-ciel.com\/en\/wp-json\/wp\/v2\/media?parent=37969"}],"wp:term":[{"taxonomy":"classe-produit","embeddable":true,"href":"https:\/\/www.lessence-ciel.com\/en\/wp-json\/wp\/v2\/classe-produit?post=37969"},{"taxonomy":"categories-produits","embeddable":true,"href":"https:\/\/www.lessence-ciel.com\/en\/wp-json\/wp\/v2\/categories-produits?post=37969"},{"taxonomy":"thematique","embeddable":true,"href":"https:\/\/www.lessence-ciel.com\/en\/wp-json\/wp\/v2\/thematique?post=37969"},{"taxonomy":"product_brand","embeddable":true,"href":"https:\/\/www.lessence-ciel.com\/en\/wp-json\/wp\/v2\/product_brand?post=37969"}],"curies":[{"name":"wp","href":"https:\/\/api.w.org\/{rel}","templated":true}]}}