{"id":37975,"date":"2015-02-23T01:00:27","date_gmt":"2015-02-23T06:00:27","guid":{"rendered":"https:\/\/www.lessence-ciel.com\/?post_type=product&#038;p=37975"},"modified":"2018-11-25T15:26:58","modified_gmt":"2018-11-25T20:26:58","slug":"la-magie-du-pendule-pour-debutant-2","status":"publish","type":"product","link":"https:\/\/www.lessence-ciel.com\/en\/products-store\/la-magie-du-pendule-pour-debutant-2\/","title":{"rendered":"La magie du pendule pour d\u00e9butant"},"content":{"rendered":"<p>Il est difficile de croire qu&#8217;un objet aussi simple qu&#8217;un poids suspendu au bout d&#8217;un fil puisse avoir des vertus magiques. Un pendule est un outil efficace, mais suffisamment petit pour pouvoir l&#8217;avoir sur soi et s&#8217;en servir pour sonder les profondeurs du subconscient et bien au-del\u00e0. Dans La magie du pendule pour d\u00e9butants, Richard Webster vous enseigne \u00e0 utiliser un pendule pour faire de la magie, vous am\u00e9liorer sur le plan personnel et d\u00e9velopper vos capacit\u00e9s psychiques. Il vous montrera \u00e9galement comment pratiquer le Huna, un rituel m\u00e9connu dont se servent les Kahunas hawa\u00efens pour faire de la magie et des miracles.<\/p>\n","protected":false},"excerpt":{"rendered":"<p>Il est difficile de croire qu&#8217;un objet aussi simple qu&#8217;un poids suspendu au bout d&#8217;un fil puisse avoir des vertus magiques. Un pendule est un outil efficace, mais suffisamment petit pour pouvoir l&#8217;avoir sur soi et s&#8217;en servir pour sonder les profondeurs du subconscient et bien au-del\u00e0. Dans La magie [&hellip;]<\/p>\n","protected":false},"featured_media":62038,"template":"","meta":{"_acf_changed":false,"wds_primary_classe-produit":0,"wds_primary_categories-produits":0,"wds_primary_thematique":0,"wds_primary_product_brand":0,"wds_primary_product_cat":0},"classe-produit":[428,431],"categories-produits":[],"thematique":[913,533,919],"product_brand":[],"class_list":{"0":"post-37975","1":"product","2":"type-product","3":"status-publish","4":"has-post-thumbnail","6":"classe-produit-books","7":"classe-produit-library-books","8":"thematique-divination-oracles","9":"thematique-minds-sanctuary","10":"thematique-pendulums-dowsing","12":"first","13":"instock","14":"taxable","15":"shipping-taxable","16":"purchasable","17":"product-type-simple"},"acf":{"modele_type":"blog","modele_email":"single","acf-general_shortdesc":"","modele_single":{"lead_magnet":"","lead_click":"","post_hasvideo":"no","video_associee":{"post_video":"","description_video":"","thumb_video":null}},"modele_default":{"desc":"","lead_click":"Clique ici pour plus d'information"},"modele_hook":{"image_height":null,"lead_magnet":"","key_phase":"","desc":"","lead_click":"Clique ici pour plus d'information"},"modele_bullets":{"image_height":null,"bullets":null,"lead_click":"Clique ici pour plus d'information"}},"_links":{"self":[{"href":"https:\/\/www.lessence-ciel.com\/en\/wp-json\/wp\/v2\/product\/37975","targetHints":{"allow":["GET"]}}],"collection":[{"href":"https:\/\/www.lessence-ciel.com\/en\/wp-json\/wp\/v2\/product"}],"about":[{"href":"https:\/\/www.lessence-ciel.com\/en\/wp-json\/wp\/v2\/types\/product"}],"wp:featuredmedia":[{"embeddable":true,"href":"https:\/\/www.lessence-ciel.com\/en\/wp-json\/wp\/v2\/media\/62038"}],"wp:attachment":[{"href":"https:\/\/www.lessence-ciel.com\/en\/wp-json\/wp\/v2\/media?parent=37975"}],"wp:term":[{"taxonomy":"classe-produit","embeddable":true,"href":"https:\/\/www.lessence-ciel.com\/en\/wp-json\/wp\/v2\/classe-produit?post=37975"},{"taxonomy":"categories-produits","embeddable":true,"href":"https:\/\/www.lessence-ciel.com\/en\/wp-json\/wp\/v2\/categories-produits?post=37975"},{"taxonomy":"thematique","embeddable":true,"href":"https:\/\/www.lessence-ciel.com\/en\/wp-json\/wp\/v2\/thematique?post=37975"},{"taxonomy":"product_brand","embeddable":true,"href":"https:\/\/www.lessence-ciel.com\/en\/wp-json\/wp\/v2\/product_brand?post=37975"}],"curies":[{"name":"wp","href":"https:\/\/api.w.org\/{rel}","templated":true}]}}