{"id":38011,"date":"2015-02-23T01:00:39","date_gmt":"2015-02-23T06:00:39","guid":{"rendered":"https:\/\/www.lessence-ciel.com\/?post_type=product&#038;p=38011"},"modified":"2019-05-24T16:38:19","modified_gmt":"2019-05-24T20:38:19","slug":"tarot-gaien","status":"publish","type":"product","link":"https:\/\/www.lessence-ciel.com\/en\/products-store\/tarot-gaien\/","title":{"rendered":"Tarot Ga\u00efen"},"content":{"rendered":"<p><span id=\"ctl09_ctl01_mz1Div_ctl00_ctl00_lblResumeValue\" class=\"lblResumeValue\">La beaut\u00e9 sacr\u00e9e de la terre peut \u00eatre retrouv\u00e9e dans le battement des ailes d&#8217;un oiseau mouche, dans l&#8217;eau glac\u00e9e qui glisse sur les roches du lit d&#8217;une<br \/>\nrivi\u00e8re, et dans les branches d&#8217;un ch\u00eane majestueux qui ondulent dans le vent. Consolidez votre relation avec Ga\u00efa et impr\u00e9gnez votre vie de sa sagesse \u00e9ternelle alors que vous explorez le Tarot de Ga\u00efa avec sa richesse spirituelle. Le guide d&#8217;accompagnement donne vie \u00e0 toutes les 78 cartes con\u00e7ues par des interpr\u00e9tations \u00e9vocatrices du symbolisme de l&#8217;imagerie.<br \/>\nVous y trouverez \u00e9galement des instructions pour d\u00e9butants, qui aideront \u00e0 interpr\u00e9ter les cartes ; des significations divinatoires, incluant le c\u00f4t\u00e9 cach\u00e9 de chaque carte; et des m\u00e9thodes de tirage original.<br \/>\n<\/span><\/p>\n<p><span class=\"lblResumeValue\" style=\"font-family: Verdana;\">&nbsp;<\/span><\/p>\n","protected":false},"excerpt":{"rendered":"<p>La beaut\u00e9 sacr\u00e9e de la terre peut \u00eatre retrouv\u00e9e dans le battement des ailes d&#8217;un oiseau mouche, dans l&#8217;eau glac\u00e9e qui glisse sur les roches du lit d&#8217;une rivi\u00e8re, et dans les branches d&#8217;un ch\u00eane majestueux qui ondulent dans le vent. Consolidez votre relation avec Ga\u00efa et impr\u00e9gnez votre vie [&hellip;]<\/p>\n","protected":false},"featured_media":51232,"template":"","meta":{"_acf_changed":false,"wds_primary_classe-produit":0,"wds_primary_categories-produits":0,"wds_primary_thematique":0,"wds_primary_product_brand":0,"wds_primary_product_cat":0},"classe-produit":[374,366],"categories-produits":[],"thematique":[],"product_brand":[],"class_list":{"0":"post-38011","1":"product","2":"type-product","3":"status-publish","4":"has-post-thumbnail","6":"classe-produit-tarots","7":"classe-produit-visionary-tools","9":"first","10":"instock","11":"taxable","12":"shipping-taxable","13":"purchasable","14":"product-type-simple"},"acf":{"modele_type":"blog","modele_email":"single","acf-general_shortdesc":"","modele_single":{"lead_magnet":"","lead_click":"","post_hasvideo":"no","video_associee":{"post_video":"","description_video":"","thumb_video":null}},"modele_default":{"desc":"","lead_click":"Clique ici pour plus d'information"},"modele_hook":{"image_height":null,"lead_magnet":"","key_phase":"","desc":"","lead_click":"Clique ici pour plus d'information"},"modele_bullets":{"image_height":null,"bullets":null,"lead_click":"Clique ici pour plus d'information"}},"_links":{"self":[{"href":"https:\/\/www.lessence-ciel.com\/en\/wp-json\/wp\/v2\/product\/38011","targetHints":{"allow":["GET"]}}],"collection":[{"href":"https:\/\/www.lessence-ciel.com\/en\/wp-json\/wp\/v2\/product"}],"about":[{"href":"https:\/\/www.lessence-ciel.com\/en\/wp-json\/wp\/v2\/types\/product"}],"wp:featuredmedia":[{"embeddable":true,"href":"https:\/\/www.lessence-ciel.com\/en\/wp-json\/wp\/v2\/media\/51232"}],"wp:attachment":[{"href":"https:\/\/www.lessence-ciel.com\/en\/wp-json\/wp\/v2\/media?parent=38011"}],"wp:term":[{"taxonomy":"classe-produit","embeddable":true,"href":"https:\/\/www.lessence-ciel.com\/en\/wp-json\/wp\/v2\/classe-produit?post=38011"},{"taxonomy":"categories-produits","embeddable":true,"href":"https:\/\/www.lessence-ciel.com\/en\/wp-json\/wp\/v2\/categories-produits?post=38011"},{"taxonomy":"thematique","embeddable":true,"href":"https:\/\/www.lessence-ciel.com\/en\/wp-json\/wp\/v2\/thematique?post=38011"},{"taxonomy":"product_brand","embeddable":true,"href":"https:\/\/www.lessence-ciel.com\/en\/wp-json\/wp\/v2\/product_brand?post=38011"}],"curies":[{"name":"wp","href":"https:\/\/api.w.org\/{rel}","templated":true}]}}