{"id":38014,"date":"2015-02-23T01:00:40","date_gmt":"2015-02-23T06:00:40","guid":{"rendered":"https:\/\/www.lessence-ciel.com\/?post_type=product&#038;p=38014"},"modified":"2018-12-02T14:12:12","modified_gmt":"2018-12-02T19:12:12","slug":"tarot-du-graal-2","status":"publish","type":"product","link":"https:\/\/www.lessence-ciel.com\/en\/products-store\/tarot-du-graal-2\/","title":{"rendered":"Tarot du Graal"},"content":{"rendered":"<p>Le tarot du Graal associe deux des plus grands mythes de l&#8217;histoire du christianisme : la qu\u00eate du Graal et l&#8217;ordre des Templiers. Les relations entre le tarot et le Graal sont connues depuis longtemps. Par exemple, la s\u00e9rie des quatre arcanes mineurs est analogue aux quatre objets sacr\u00e9s mentionn\u00e9s dans les textes du Graal. Ce guide spirituel peut \u00eatre un v\u00e9ritable support de divination.<\/p>\n","protected":false},"excerpt":{"rendered":"<p>Le tarot du Graal associe deux des plus grands mythes de l&#8217;histoire du christianisme : la qu\u00eate du Graal et l&#8217;ordre des Templiers. Les relations entre le tarot et le Graal sont connues depuis longtemps. Par exemple, la s\u00e9rie des quatre arcanes mineurs est analogue aux quatre objets sacr\u00e9s mentionn\u00e9s [&hellip;]<\/p>\n","protected":false},"featured_media":62671,"template":"","meta":{"_acf_changed":false,"wds_primary_classe-produit":0,"wds_primary_categories-produits":0,"wds_primary_thematique":0,"wds_primary_product_brand":0,"wds_primary_product_cat":0},"classe-produit":[374,366],"categories-produits":[],"thematique":[913,533,923],"product_brand":[],"class_list":{"0":"post-38014","1":"product","2":"type-product","3":"status-publish","4":"has-post-thumbnail","6":"classe-produit-tarots","7":"classe-produit-visionary-tools","8":"thematique-divination-oracles","9":"thematique-minds-sanctuary","10":"thematique-tarot","12":"first","13":"instock","14":"taxable","15":"shipping-taxable","16":"purchasable","17":"product-type-simple"},"acf":{"modele_type":"blog","modele_email":"single","acf-general_shortdesc":"","modele_single":{"lead_magnet":"","lead_click":"","post_hasvideo":"no","video_associee":{"post_video":"","description_video":"","thumb_video":null}},"modele_default":{"desc":"","lead_click":"Clique ici pour plus d'information"},"modele_hook":{"image_height":null,"lead_magnet":"","key_phase":"","desc":"","lead_click":"Clique ici pour plus d'information"},"modele_bullets":{"image_height":null,"bullets":null,"lead_click":"Clique ici pour plus d'information"}},"_links":{"self":[{"href":"https:\/\/www.lessence-ciel.com\/en\/wp-json\/wp\/v2\/product\/38014","targetHints":{"allow":["GET"]}}],"collection":[{"href":"https:\/\/www.lessence-ciel.com\/en\/wp-json\/wp\/v2\/product"}],"about":[{"href":"https:\/\/www.lessence-ciel.com\/en\/wp-json\/wp\/v2\/types\/product"}],"wp:featuredmedia":[{"embeddable":true,"href":"https:\/\/www.lessence-ciel.com\/en\/wp-json\/wp\/v2\/media\/62671"}],"wp:attachment":[{"href":"https:\/\/www.lessence-ciel.com\/en\/wp-json\/wp\/v2\/media?parent=38014"}],"wp:term":[{"taxonomy":"classe-produit","embeddable":true,"href":"https:\/\/www.lessence-ciel.com\/en\/wp-json\/wp\/v2\/classe-produit?post=38014"},{"taxonomy":"categories-produits","embeddable":true,"href":"https:\/\/www.lessence-ciel.com\/en\/wp-json\/wp\/v2\/categories-produits?post=38014"},{"taxonomy":"thematique","embeddable":true,"href":"https:\/\/www.lessence-ciel.com\/en\/wp-json\/wp\/v2\/thematique?post=38014"},{"taxonomy":"product_brand","embeddable":true,"href":"https:\/\/www.lessence-ciel.com\/en\/wp-json\/wp\/v2\/product_brand?post=38014"}],"curies":[{"name":"wp","href":"https:\/\/api.w.org\/{rel}","templated":true}]}}