{"id":38026,"date":"2015-02-23T01:00:42","date_gmt":"2015-02-23T06:00:42","guid":{"rendered":"https:\/\/www.lessence-ciel.com\/?post_type=product&#038;p=38026"},"modified":"2019-05-19T11:14:55","modified_gmt":"2019-05-19T15:14:55","slug":"tarot-mystique-du-reveur","status":"publish","type":"product","link":"https:\/\/www.lessence-ciel.com\/en\/products-store\/tarot-mystique-du-reveur\/","title":{"rendered":"Tarot Mystique du R\u00eaveur"},"content":{"rendered":"<p><span id=\"ctl09_ctl01_mz1Div_ctl00_ctl00_lblResumeValue\" class=\"lblResumeValue\">Des lambeaux de brume aux reflets lunaires balaient un bois t\u00e9n\u00e9breux. Dans une atmosph\u00e8re \u00e9touffante, des flammes jettent une lueur orang\u00e9e sur un ciel voil\u00e9. Le moment est venu de p\u00e9n\u00e9trer dans le monde lumineux de l&#8217;imagination sans bornes et de l&#8217;intuition d\u00e9brid\u00e9e. Somptueusement saisissants, les paysages oniriques cr\u00e9\u00e9s pour ce jeu de tarot \u00e9vocateur vous transporteront dans des royaumes spirituels propices \u00e0 l&#8217;introspection.<\/span><\/p>\n<p><span class=\"lblResumeValue\" style=\"font-family: Verdana;\">&nbsp;<\/span><\/p>\n","protected":false},"excerpt":{"rendered":"<p>Des lambeaux de brume aux reflets lunaires balaient un bois t\u00e9n\u00e9breux. Dans une atmosph\u00e8re \u00e9touffante, des flammes jettent une lueur orang\u00e9e sur un ciel voil\u00e9. Le moment est venu de p\u00e9n\u00e9trer dans le monde lumineux de l&#8217;imagination sans bornes et de l&#8217;intuition d\u00e9brid\u00e9e. Somptueusement saisissants, les paysages oniriques cr\u00e9\u00e9s pour [&hellip;]<\/p>\n","protected":false},"featured_media":62672,"template":"","meta":{"_acf_changed":false,"wds_primary_classe-produit":0,"wds_primary_categories-produits":0,"wds_primary_thematique":0,"wds_primary_product_brand":0,"wds_primary_product_cat":0},"classe-produit":[374,366],"categories-produits":[],"thematique":[913,533,923],"product_brand":[],"class_list":{"0":"post-38026","1":"product","2":"type-product","3":"status-publish","4":"has-post-thumbnail","6":"classe-produit-tarots","7":"classe-produit-visionary-tools","8":"thematique-divination-oracles","9":"thematique-minds-sanctuary","10":"thematique-tarot","12":"first","13":"instock","14":"taxable","15":"shipping-taxable","16":"purchasable","17":"product-type-simple"},"acf":{"modele_type":"blog","modele_email":"single","acf-general_shortdesc":"","modele_single":{"lead_magnet":"","lead_click":"","post_hasvideo":"no","video_associee":{"post_video":"","description_video":"","thumb_video":null}},"modele_default":{"desc":"","lead_click":"Clique ici pour plus d'information"},"modele_hook":{"image_height":null,"lead_magnet":"","key_phase":"","desc":"","lead_click":"Clique ici pour plus d'information"},"modele_bullets":{"image_height":null,"bullets":null,"lead_click":"Clique ici pour plus d'information"}},"_links":{"self":[{"href":"https:\/\/www.lessence-ciel.com\/en\/wp-json\/wp\/v2\/product\/38026","targetHints":{"allow":["GET"]}}],"collection":[{"href":"https:\/\/www.lessence-ciel.com\/en\/wp-json\/wp\/v2\/product"}],"about":[{"href":"https:\/\/www.lessence-ciel.com\/en\/wp-json\/wp\/v2\/types\/product"}],"wp:featuredmedia":[{"embeddable":true,"href":"https:\/\/www.lessence-ciel.com\/en\/wp-json\/wp\/v2\/media\/62672"}],"wp:attachment":[{"href":"https:\/\/www.lessence-ciel.com\/en\/wp-json\/wp\/v2\/media?parent=38026"}],"wp:term":[{"taxonomy":"classe-produit","embeddable":true,"href":"https:\/\/www.lessence-ciel.com\/en\/wp-json\/wp\/v2\/classe-produit?post=38026"},{"taxonomy":"categories-produits","embeddable":true,"href":"https:\/\/www.lessence-ciel.com\/en\/wp-json\/wp\/v2\/categories-produits?post=38026"},{"taxonomy":"thematique","embeddable":true,"href":"https:\/\/www.lessence-ciel.com\/en\/wp-json\/wp\/v2\/thematique?post=38026"},{"taxonomy":"product_brand","embeddable":true,"href":"https:\/\/www.lessence-ciel.com\/en\/wp-json\/wp\/v2\/product_brand?post=38026"}],"curies":[{"name":"wp","href":"https:\/\/api.w.org\/{rel}","templated":true}]}}