{"id":38038,"date":"2015-02-23T01:00:44","date_gmt":"2015-02-23T06:00:44","guid":{"rendered":"https:\/\/www.lessence-ciel.com\/?post_type=product&#038;p=38038"},"modified":"2019-05-24T16:34:50","modified_gmt":"2019-05-24T20:34:50","slug":"tarot-esotherique-du-monde-des-fees","status":"publish","type":"product","link":"https:\/\/www.lessence-ciel.com\/en\/products-store\/tarot-esotherique-du-monde-des-fees\/","title":{"rendered":"Tarot \u00e9soth\u00e9rique du monde des F\u00e9es"},"content":{"rendered":"<p>Imaginez vous d\u00e9ambulant dans un jardin depuis longtemps oubli\u00e9. Le vent murmure dans l&#8217;herbe scintillante et les fleurs sauvages se balancent, alanguies, dans la brise. Vous \u00eates invit\u00e9 \u00e0 emprunter les m\u00e9andres d&#8217;un sentier menant \u00e0 l&#8217;univers enchant\u00e9 des f\u00e9es, des farfadets, des elfes et des nymphes, \u00e0 la d\u00e9couverte de la magie dans votre propre vie. Agr\u00e9ment\u00e9 des magnifiques aquarelles de Linda Ravenscroft, artiste renomm\u00e9e du fantastique, Le tarot \u00e9sot\u00e9rique du monde des f\u00e9es est sign\u00e9 Barbara Moore, c\u00e9l\u00e8bre pour ses ouvrages sur le tarot.<\/p>\n","protected":false},"excerpt":{"rendered":"<p>Imaginez vous d\u00e9ambulant dans un jardin depuis longtemps oubli\u00e9. Le vent murmure dans l&#8217;herbe scintillante et les fleurs sauvages se balancent, alanguies, dans la brise. Vous \u00eates invit\u00e9 \u00e0 emprunter les m\u00e9andres d&#8217;un sentier menant \u00e0 l&#8217;univers enchant\u00e9 des f\u00e9es, des farfadets, des elfes et des nymphes, \u00e0 la d\u00e9couverte [&hellip;]<\/p>\n","protected":false},"featured_media":51238,"template":"","meta":{"_acf_changed":false,"wds_primary_classe-produit":0,"wds_primary_categories-produits":0,"wds_primary_thematique":0,"wds_primary_product_brand":0,"wds_primary_product_cat":0},"classe-produit":[374,366],"categories-produits":[],"thematique":[913,533,923],"product_brand":[],"class_list":{"0":"post-38038","1":"product","2":"type-product","3":"status-publish","4":"has-post-thumbnail","6":"classe-produit-tarots","7":"classe-produit-visionary-tools","8":"thematique-divination-oracles","9":"thematique-minds-sanctuary","10":"thematique-tarot","12":"first","13":"instock","14":"taxable","15":"shipping-taxable","16":"purchasable","17":"product-type-simple"},"acf":{"modele_type":"blog","modele_email":"single","acf-general_shortdesc":"","modele_single":{"lead_magnet":"","lead_click":"","post_hasvideo":"no","video_associee":{"post_video":"","description_video":"","thumb_video":null}},"modele_default":{"desc":"","lead_click":"Clique ici pour plus d'information"},"modele_hook":{"image_height":null,"lead_magnet":"","key_phase":"","desc":"","lead_click":"Clique ici pour plus d'information"},"modele_bullets":{"image_height":null,"bullets":null,"lead_click":"Clique ici pour plus d'information"}},"_links":{"self":[{"href":"https:\/\/www.lessence-ciel.com\/en\/wp-json\/wp\/v2\/product\/38038","targetHints":{"allow":["GET"]}}],"collection":[{"href":"https:\/\/www.lessence-ciel.com\/en\/wp-json\/wp\/v2\/product"}],"about":[{"href":"https:\/\/www.lessence-ciel.com\/en\/wp-json\/wp\/v2\/types\/product"}],"wp:featuredmedia":[{"embeddable":true,"href":"https:\/\/www.lessence-ciel.com\/en\/wp-json\/wp\/v2\/media\/51238"}],"wp:attachment":[{"href":"https:\/\/www.lessence-ciel.com\/en\/wp-json\/wp\/v2\/media?parent=38038"}],"wp:term":[{"taxonomy":"classe-produit","embeddable":true,"href":"https:\/\/www.lessence-ciel.com\/en\/wp-json\/wp\/v2\/classe-produit?post=38038"},{"taxonomy":"categories-produits","embeddable":true,"href":"https:\/\/www.lessence-ciel.com\/en\/wp-json\/wp\/v2\/categories-produits?post=38038"},{"taxonomy":"thematique","embeddable":true,"href":"https:\/\/www.lessence-ciel.com\/en\/wp-json\/wp\/v2\/thematique?post=38038"},{"taxonomy":"product_brand","embeddable":true,"href":"https:\/\/www.lessence-ciel.com\/en\/wp-json\/wp\/v2\/product_brand?post=38038"}],"curies":[{"name":"wp","href":"https:\/\/api.w.org\/{rel}","templated":true}]}}