{"id":38041,"date":"2015-02-23T01:00:45","date_gmt":"2015-02-23T06:00:45","guid":{"rendered":"https:\/\/www.lessence-ciel.com\/?post_type=product&#038;p=38041"},"modified":"2019-05-24T16:34:22","modified_gmt":"2019-05-24T20:34:22","slug":"tarot-des-mondes-oniriques","status":"publish","type":"product","link":"https:\/\/www.lessence-ciel.com\/en\/products-store\/tarot-des-mondes-oniriques\/","title":{"rendered":"Tarot des Mondes Oniriques"},"content":{"rendered":"<p>&#8230; o\u00f9 les papillons flottent sur des brumes mouvantes illumin\u00e9es par le soleil levant. Un lieu o\u00f9 les branches tress\u00e9es s&#8217;arquent au-dessus des cieux \u00e9tincelants, o\u00f9 les fluettes f\u00e9es dansent dans la sph\u00e8re c\u00e9leste, o\u00f9 les esprits les arbres chantent au sommet d&#8217;un ch\u00eane sacr\u00e9. Plongez dans le myst\u00e8re de vos r\u00eaves &#8211; \u00e9veillez-vous \u00e0 votre v\u00e9rit\u00e9. Alliant dans son art les inspirations asiatique, celtique et fantastique, ce magnifique tarot con\u00e7u par l&#8217;artiste renomm\u00e9e Stephanie Pui-Mun Law \u00e0 partir du jeu de Rider-Waite-Smith s&#8217;anime des symboles universels issus des contes de f\u00e9es, des mythes et du folklore des cultures du monde. Un livret d&#8217;accompagnement vous pr\u00e9sente les interpr\u00e9tations \u00e9vocatrices de l&#8217;artiste sur la signification de chaque carte. Il inclut \u00e9galement une introduction de la sp\u00e9cialiste en tarot Barbara Moore, prim\u00e9e pour son oeuvre, dans laquelle elle expose les rudiments du tarot, vous prodigue ses conseils pour une lecture riche de sens et partage avec vous ses exemples de tirages.<\/p>\n","protected":false},"excerpt":{"rendered":"<p>&#8230; o\u00f9 les papillons flottent sur des brumes mouvantes illumin\u00e9es par le soleil levant. Un lieu o\u00f9 les branches tress\u00e9es s&#8217;arquent au-dessus des cieux \u00e9tincelants, o\u00f9 les fluettes f\u00e9es dansent dans la sph\u00e8re c\u00e9leste, o\u00f9 les esprits les arbres chantent au sommet d&#8217;un ch\u00eane sacr\u00e9. Plongez dans le myst\u00e8re de [&hellip;]<\/p>\n","protected":false},"featured_media":62669,"template":"","meta":{"_acf_changed":false,"wds_primary_classe-produit":0,"wds_primary_categories-produits":0,"wds_primary_thematique":0,"wds_primary_product_brand":0,"wds_primary_product_cat":0},"classe-produit":[374,366],"categories-produits":[],"thematique":[913,533,923],"product_brand":[],"class_list":{"0":"post-38041","1":"product","2":"type-product","3":"status-publish","4":"has-post-thumbnail","6":"classe-produit-tarots","7":"classe-produit-visionary-tools","8":"thematique-divination-oracles","9":"thematique-minds-sanctuary","10":"thematique-tarot","12":"first","13":"instock","14":"taxable","15":"shipping-taxable","16":"purchasable","17":"product-type-simple"},"acf":{"modele_type":"blog","modele_email":"single","acf-general_shortdesc":"","modele_single":{"lead_magnet":"","lead_click":"","post_hasvideo":"no","video_associee":{"post_video":"","description_video":"","thumb_video":null}},"modele_default":{"desc":"","lead_click":"Clique ici pour plus d'information"},"modele_hook":{"image_height":null,"lead_magnet":"","key_phase":"","desc":"","lead_click":"Clique ici pour plus d'information"},"modele_bullets":{"image_height":null,"bullets":null,"lead_click":"Clique ici pour plus d'information"}},"_links":{"self":[{"href":"https:\/\/www.lessence-ciel.com\/en\/wp-json\/wp\/v2\/product\/38041","targetHints":{"allow":["GET"]}}],"collection":[{"href":"https:\/\/www.lessence-ciel.com\/en\/wp-json\/wp\/v2\/product"}],"about":[{"href":"https:\/\/www.lessence-ciel.com\/en\/wp-json\/wp\/v2\/types\/product"}],"wp:featuredmedia":[{"embeddable":true,"href":"https:\/\/www.lessence-ciel.com\/en\/wp-json\/wp\/v2\/media\/62669"}],"wp:attachment":[{"href":"https:\/\/www.lessence-ciel.com\/en\/wp-json\/wp\/v2\/media?parent=38041"}],"wp:term":[{"taxonomy":"classe-produit","embeddable":true,"href":"https:\/\/www.lessence-ciel.com\/en\/wp-json\/wp\/v2\/classe-produit?post=38041"},{"taxonomy":"categories-produits","embeddable":true,"href":"https:\/\/www.lessence-ciel.com\/en\/wp-json\/wp\/v2\/categories-produits?post=38041"},{"taxonomy":"thematique","embeddable":true,"href":"https:\/\/www.lessence-ciel.com\/en\/wp-json\/wp\/v2\/thematique?post=38041"},{"taxonomy":"product_brand","embeddable":true,"href":"https:\/\/www.lessence-ciel.com\/en\/wp-json\/wp\/v2\/product_brand?post=38041"}],"curies":[{"name":"wp","href":"https:\/\/api.w.org\/{rel}","templated":true}]}}