{"id":38047,"date":"2015-02-23T01:00:46","date_gmt":"2015-02-23T06:00:46","guid":{"rendered":"https:\/\/www.lessence-ciel.com\/?post_type=product&#038;p=38047"},"modified":"2019-05-24T16:21:58","modified_gmt":"2019-05-24T20:21:58","slug":"les-cartes-de-l-enfant-interieur","status":"publish","type":"product","link":"https:\/\/www.lessence-ciel.com\/en\/products-store\/les-cartes-de-l-enfant-interieur\/","title":{"rendered":"Les Cartes de l&#8217;Enfant Int\u00e9rieur"},"content":{"rendered":"<p>Un coffret comprenant : un livre et un tarot de 78 cartes en couleurs.<br \/>\nA une \u00e9poque o\u00f9 nous sommes en passe de vendre notre imagination \u00e0 une t\u00e9l\u00e9vision et une publicit\u00e9 omnipr\u00e9sentes, il s&#8217;agit de renouer avec les racines euro-am\u00e9ricaines des contes de f\u00e9es, des grandes traditions mythologiques. Les cartes de l&#8217;Enfant Int\u00e9rieur font r\u00e9sonner les cordes de la m\u00e9moire \u00e9motionnelle et de la vie psychique, enrichissent les profondeurs de notre c?ur, d&#8217;o\u00f9 naissent nos espoirs et notre id\u00e9al.<\/p>\n<p>Ce langage des images est comme une voix depuis longtemps perdue qui se fait r\u00e9entendre. Le petit Chaperon Rouge, Aladin, La m\u00e8re l&#8217;Oye, Hansel et Gretel, Cendrillon, etc., mis en rapport avec les qualit\u00e9s propres aux lames du tarot traditionnel, nous guiderons dans notre voyage de connaissance int\u00e9rieure. De la perception profonde des arch\u00e9types du conte naissent des forces subconscientes qui, avec le temps, gu\u00e9rissent l&#8217;esprit.<\/p>\n<p>Un jeu que les parents, les \u00e9ducateurs, les familles, pourront utiliser facilement, par exemple en pique-nique, ou au moment du coucher avec les enfants, sans se perdre dans des significations compliqu\u00e9es. Toute image qui appara\u00eet peut servir de point de d\u00e9part d&#8217;une histoire ou d&#8217;un jeu. Une belle mani\u00e8re de raconter des histoires ! Les 78 cartes ont \u00e9t\u00e9 con\u00e7ues et peintes de mani\u00e8re totalement nouvelle par rapport aux tarots traditionnels, avec beaucoup de fra\u00eecheur, de joie et d&#8217;innocence.<\/p>\n<p>Chacune renvoie \u00e0 un conte (un chapitre) du livre.&nbsp;<\/p>\n","protected":false},"excerpt":{"rendered":"<p>Un coffret comprenant : un livre et un tarot de 78 cartes en couleurs. A une \u00e9poque o\u00f9 nous sommes en passe de vendre notre imagination \u00e0 une t\u00e9l\u00e9vision et une publicit\u00e9 omnipr\u00e9sentes, il s&#8217;agit de renouer avec les racines euro-am\u00e9ricaines des contes de f\u00e9es, des grandes traditions mythologiques. Les [&hellip;]<\/p>\n","protected":false},"featured_media":62181,"template":"","meta":{"_acf_changed":false,"wds_primary_classe-produit":0,"wds_primary_categories-produits":0,"wds_primary_thematique":0,"wds_primary_product_brand":0,"wds_primary_product_cat":0},"classe-produit":[374,366],"categories-produits":[],"thematique":[913,533,923],"product_brand":[],"class_list":{"0":"post-38047","1":"product","2":"type-product","3":"status-publish","4":"has-post-thumbnail","6":"classe-produit-tarots","7":"classe-produit-visionary-tools","8":"thematique-divination-oracles","9":"thematique-minds-sanctuary","10":"thematique-tarot","12":"first","13":"instock","14":"taxable","15":"shipping-taxable","16":"purchasable","17":"product-type-simple"},"acf":{"modele_type":"blog","modele_email":"single","acf-general_shortdesc":"","modele_single":{"lead_magnet":"","lead_click":"","post_hasvideo":"no","video_associee":{"post_video":"","description_video":"","thumb_video":null}},"modele_default":{"desc":"","lead_click":"Clique ici pour plus d'information"},"modele_hook":{"image_height":null,"lead_magnet":"","key_phase":"","desc":"","lead_click":"Clique ici pour plus d'information"},"modele_bullets":{"image_height":null,"bullets":null,"lead_click":"Clique ici pour plus d'information"}},"_links":{"self":[{"href":"https:\/\/www.lessence-ciel.com\/en\/wp-json\/wp\/v2\/product\/38047","targetHints":{"allow":["GET"]}}],"collection":[{"href":"https:\/\/www.lessence-ciel.com\/en\/wp-json\/wp\/v2\/product"}],"about":[{"href":"https:\/\/www.lessence-ciel.com\/en\/wp-json\/wp\/v2\/types\/product"}],"wp:featuredmedia":[{"embeddable":true,"href":"https:\/\/www.lessence-ciel.com\/en\/wp-json\/wp\/v2\/media\/62181"}],"wp:attachment":[{"href":"https:\/\/www.lessence-ciel.com\/en\/wp-json\/wp\/v2\/media?parent=38047"}],"wp:term":[{"taxonomy":"classe-produit","embeddable":true,"href":"https:\/\/www.lessence-ciel.com\/en\/wp-json\/wp\/v2\/classe-produit?post=38047"},{"taxonomy":"categories-produits","embeddable":true,"href":"https:\/\/www.lessence-ciel.com\/en\/wp-json\/wp\/v2\/categories-produits?post=38047"},{"taxonomy":"thematique","embeddable":true,"href":"https:\/\/www.lessence-ciel.com\/en\/wp-json\/wp\/v2\/thematique?post=38047"},{"taxonomy":"product_brand","embeddable":true,"href":"https:\/\/www.lessence-ciel.com\/en\/wp-json\/wp\/v2\/product_brand?post=38047"}],"curies":[{"name":"wp","href":"https:\/\/api.w.org\/{rel}","templated":true}]}}