{"id":38053,"date":"2015-02-23T01:00:47","date_gmt":"2015-02-23T06:00:47","guid":{"rendered":"https:\/\/www.lessence-ciel.com\/?post_type=product&#038;p=38053"},"modified":"2019-05-24T16:27:40","modified_gmt":"2019-05-24T20:27:40","slug":"tarot-du-chercheur-de-verite","status":"publish","type":"product","link":"https:\/\/www.lessence-ciel.com\/en\/products-store\/tarot-du-chercheur-de-verite\/","title":{"rendered":"Tarot du Chercheur de V\u00e9rit\u00e9"},"content":{"rendered":"<p>Ce nouveau jeu de tarot, aux magnifiques illustrations dor\u00e9es \u00e0 la feuille, avec son guide d&#8217;accompagnement con\u00e7u par le tarologue r\u00e9put\u00e9, David Fontana, vous invitera \u00e0 entreprendre un fascinant voyage sur la voie de la d\u00e9couverte int\u00e9rieure.<\/p>\n","protected":false},"excerpt":{"rendered":"<p>Ce nouveau jeu de tarot, aux magnifiques illustrations dor\u00e9es \u00e0 la feuille, avec son guide d&#8217;accompagnement con\u00e7u par le tarologue r\u00e9put\u00e9, David Fontana, vous invitera \u00e0 entreprendre un fascinant voyage sur la voie de la d\u00e9couverte int\u00e9rieure.<\/p>\n","protected":false},"featured_media":62670,"template":"","meta":{"_acf_changed":false,"wds_primary_classe-produit":0,"wds_primary_categories-produits":0,"wds_primary_thematique":0,"wds_primary_product_brand":0,"wds_primary_product_cat":0},"classe-produit":[374,366],"categories-produits":[],"thematique":[913,533,923],"product_brand":[],"class_list":{"0":"post-38053","1":"product","2":"type-product","3":"status-publish","4":"has-post-thumbnail","6":"classe-produit-tarots","7":"classe-produit-visionary-tools","8":"thematique-divination-oracles","9":"thematique-minds-sanctuary","10":"thematique-tarot","12":"first","13":"instock","14":"taxable","15":"shipping-taxable","16":"purchasable","17":"product-type-simple"},"acf":{"modele_type":"blog","modele_email":"single","acf-general_shortdesc":"","modele_single":{"lead_magnet":"","lead_click":"","post_hasvideo":"no","video_associee":{"post_video":"","description_video":"","thumb_video":null}},"modele_default":{"desc":"","lead_click":"Clique ici pour plus d'information"},"modele_hook":{"image_height":null,"lead_magnet":"","key_phase":"","desc":"","lead_click":"Clique ici pour plus d'information"},"modele_bullets":{"image_height":null,"bullets":null,"lead_click":"Clique ici pour plus d'information"}},"_links":{"self":[{"href":"https:\/\/www.lessence-ciel.com\/en\/wp-json\/wp\/v2\/product\/38053","targetHints":{"allow":["GET"]}}],"collection":[{"href":"https:\/\/www.lessence-ciel.com\/en\/wp-json\/wp\/v2\/product"}],"about":[{"href":"https:\/\/www.lessence-ciel.com\/en\/wp-json\/wp\/v2\/types\/product"}],"wp:featuredmedia":[{"embeddable":true,"href":"https:\/\/www.lessence-ciel.com\/en\/wp-json\/wp\/v2\/media\/62670"}],"wp:attachment":[{"href":"https:\/\/www.lessence-ciel.com\/en\/wp-json\/wp\/v2\/media?parent=38053"}],"wp:term":[{"taxonomy":"classe-produit","embeddable":true,"href":"https:\/\/www.lessence-ciel.com\/en\/wp-json\/wp\/v2\/classe-produit?post=38053"},{"taxonomy":"categories-produits","embeddable":true,"href":"https:\/\/www.lessence-ciel.com\/en\/wp-json\/wp\/v2\/categories-produits?post=38053"},{"taxonomy":"thematique","embeddable":true,"href":"https:\/\/www.lessence-ciel.com\/en\/wp-json\/wp\/v2\/thematique?post=38053"},{"taxonomy":"product_brand","embeddable":true,"href":"https:\/\/www.lessence-ciel.com\/en\/wp-json\/wp\/v2\/product_brand?post=38053"}],"curies":[{"name":"wp","href":"https:\/\/api.w.org\/{rel}","templated":true}]}}