{"id":38071,"date":"2015-02-23T01:00:50","date_gmt":"2015-02-23T06:00:50","guid":{"rendered":"https:\/\/www.lessence-ciel.com\/?post_type=product&#038;p=38071"},"modified":"2019-05-24T19:26:40","modified_gmt":"2019-05-24T23:26:40","slug":"guerison-par-l-archange-raphael","status":"publish","type":"product","link":"https:\/\/www.lessence-ciel.com\/en\/products-store\/guerison-par-l-archange-raphael\/","title":{"rendered":"Gu\u00e9rison par l&#8217;Archange Rapha\u00ebl"},"content":{"rendered":"<p style=\"text-align: justify;\"><span id=\"ctl09_ctl01_mz1Div_ctl00_ctl00_lblResumeValue\" class=\"lblResumeValue\">Ce jeu de cartes vous permet de faire une lecture pr\u00e9cise, utile et remplie d&#8217;amour en lien avec la sant\u00e9 et la gu\u00e9rison pour vous et d&#8217;autres personnes. Chaque carte pr\u00e9sente une magnifique illustration de l&#8217;archange Rapha\u00ebl. Le guide d&#8217;accompagnement vous explique, \u00e9tape par \u00e9tape, comment effectuer des lectures puissantes en lien avec votre sant\u00e9 et celle de vos proches et de vos clients. On y trouve la signification g\u00e9n\u00e9rale de chaque carte ainsi que des d\u00e9tails qui pourront vous \u00e9clairer et vous aider \u00e0 entrer en contact avec votre intuition. Que vous d\u00e9siriez obtenir une gu\u00e9rison pour vous-m\u00eame, pour quelqu&#8217;un d&#8217;autre ou que vous vouliez \u00e9veiller votre talent naturel pour la gu\u00e9rison, l&#8217;archange Rapha\u00ebl vous offre des miracles et une guidance fiable. Tout ce qu&#8217;il faut, c&#8217;est demander!<\/span><\/p>\n<p style=\"text-align: justify;\"><span class=\"lblResumeValue\" style=\"font-family: Verdana;\">&nbsp;<\/span><\/p>\n","protected":false},"excerpt":{"rendered":"<p>Ce jeu de cartes vous permet de faire une lecture pr\u00e9cise, utile et remplie d&#8217;amour en lien avec la sant\u00e9 et la gu\u00e9rison pour vous et d&#8217;autres personnes. Chaque carte pr\u00e9sente une magnifique illustration de l&#8217;archange Rapha\u00ebl. Le guide d&#8217;accompagnement vous explique, \u00e9tape par \u00e9tape, comment effectuer des lectures puissantes [&hellip;]<\/p>\n","protected":false},"featured_media":61886,"template":"","meta":{"_acf_changed":false,"wds_primary_classe-produit":0,"wds_primary_categories-produits":0,"wds_primary_thematique":0,"wds_primary_product_brand":0,"wds_primary_product_cat":0},"classe-produit":[380,366],"categories-produits":[],"thematique":[529,747,745,751],"product_brand":[],"class_list":{"0":"post-38071","1":"product","2":"type-product","3":"status-publish","4":"has-post-thumbnail","6":"classe-produit-oracles-en","7":"classe-produit-visionary-tools","8":"thematique-angels-world","9":"thematique-angels","10":"thematique-angels-archangels","11":"thematique-archangels","13":"first","14":"instock","15":"taxable","16":"shipping-taxable","17":"purchasable","18":"product-type-simple"},"acf":{"modele_type":"blog","modele_email":"single","acf-general_shortdesc":"","modele_single":{"lead_magnet":"","lead_click":"","post_hasvideo":"no","video_associee":{"post_video":"","description_video":"","thumb_video":null}},"modele_default":{"desc":"","lead_click":"Clique ici pour plus d'information"},"modele_hook":{"image_height":null,"lead_magnet":"","key_phase":"","desc":"","lead_click":"Clique ici pour plus d'information"},"modele_bullets":{"image_height":null,"bullets":null,"lead_click":"Clique ici pour plus d'information"}},"_links":{"self":[{"href":"https:\/\/www.lessence-ciel.com\/en\/wp-json\/wp\/v2\/product\/38071","targetHints":{"allow":["GET"]}}],"collection":[{"href":"https:\/\/www.lessence-ciel.com\/en\/wp-json\/wp\/v2\/product"}],"about":[{"href":"https:\/\/www.lessence-ciel.com\/en\/wp-json\/wp\/v2\/types\/product"}],"wp:featuredmedia":[{"embeddable":true,"href":"https:\/\/www.lessence-ciel.com\/en\/wp-json\/wp\/v2\/media\/61886"}],"wp:attachment":[{"href":"https:\/\/www.lessence-ciel.com\/en\/wp-json\/wp\/v2\/media?parent=38071"}],"wp:term":[{"taxonomy":"classe-produit","embeddable":true,"href":"https:\/\/www.lessence-ciel.com\/en\/wp-json\/wp\/v2\/classe-produit?post=38071"},{"taxonomy":"categories-produits","embeddable":true,"href":"https:\/\/www.lessence-ciel.com\/en\/wp-json\/wp\/v2\/categories-produits?post=38071"},{"taxonomy":"thematique","embeddable":true,"href":"https:\/\/www.lessence-ciel.com\/en\/wp-json\/wp\/v2\/thematique?post=38071"},{"taxonomy":"product_brand","embeddable":true,"href":"https:\/\/www.lessence-ciel.com\/en\/wp-json\/wp\/v2\/product_brand?post=38071"}],"curies":[{"name":"wp","href":"https:\/\/api.w.org\/{rel}","templated":true}]}}