{"id":38074,"date":"2015-02-23T01:00:51","date_gmt":"2015-02-23T06:00:51","guid":{"rendered":"https:\/\/www.lessence-ciel.com\/?post_type=product&#038;p=38074"},"modified":"2018-11-25T13:11:31","modified_gmt":"2018-11-25T18:11:31","slug":"cartes-oui-je-peux-2","status":"publish","type":"product","link":"https:\/\/www.lessence-ciel.com\/en\/products-store\/cartes-oui-je-peux-2\/","title":{"rendered":"Cartes Oui, Je Peux!"},"content":{"rendered":"<p>Louise L. Hay, auteure du best-seller international Transformez votre vie, vous propose 60 cartes contenant chacune une affirmation sur divers sujets tels que la sant\u00e9, la richesse, le pardon, la cr\u00e9ativit\u00e9, la r\u00e9ussite professionnelle et l&#8217;estime de soi. Ces cartes ne manqueront pas d&#8217;accro\u00eetre votre joie, votre pouvoir et votre satisfaction !<\/p>\n","protected":false},"excerpt":{"rendered":"<p>Louise L. Hay, auteure du best-seller international Transformez votre vie, vous propose 60 cartes contenant chacune une affirmation sur divers sujets tels que la sant\u00e9, la richesse, le pardon, la cr\u00e9ativit\u00e9, la r\u00e9ussite professionnelle et l&#8217;estime de soi. Ces cartes ne manqueront pas d&#8217;accro\u00eetre votre joie, votre pouvoir et votre [&hellip;]<\/p>\n","protected":false},"featured_media":61661,"template":"","meta":{"_acf_changed":false,"wds_primary_classe-produit":0,"wds_primary_categories-produits":0,"wds_primary_thematique":0,"wds_primary_product_brand":0,"wds_primary_product_cat":0},"classe-produit":[380,366],"categories-produits":[],"thematique":[974,533,968],"product_brand":[],"class_list":{"0":"post-38074","1":"product","2":"type-product","3":"status-publish","4":"has-post-thumbnail","6":"classe-produit-oracles-en","7":"classe-produit-visionary-tools","8":"thematique-coaching-motivation","9":"thematique-minds-sanctuary","10":"thematique-uplifting-the-mind","12":"first","13":"instock","14":"taxable","15":"shipping-taxable","16":"purchasable","17":"product-type-simple"},"acf":{"modele_type":"blog","modele_email":"single","acf-general_shortdesc":"","modele_single":{"lead_magnet":"","lead_click":"","post_hasvideo":"no","video_associee":{"post_video":"","description_video":"","thumb_video":null}},"modele_default":{"desc":"","lead_click":"Clique ici pour plus d'information"},"modele_hook":{"image_height":null,"lead_magnet":"","key_phase":"","desc":"","lead_click":"Clique ici pour plus d'information"},"modele_bullets":{"image_height":null,"bullets":null,"lead_click":"Clique ici pour plus d'information"}},"_links":{"self":[{"href":"https:\/\/www.lessence-ciel.com\/en\/wp-json\/wp\/v2\/product\/38074","targetHints":{"allow":["GET"]}}],"collection":[{"href":"https:\/\/www.lessence-ciel.com\/en\/wp-json\/wp\/v2\/product"}],"about":[{"href":"https:\/\/www.lessence-ciel.com\/en\/wp-json\/wp\/v2\/types\/product"}],"wp:featuredmedia":[{"embeddable":true,"href":"https:\/\/www.lessence-ciel.com\/en\/wp-json\/wp\/v2\/media\/61661"}],"wp:attachment":[{"href":"https:\/\/www.lessence-ciel.com\/en\/wp-json\/wp\/v2\/media?parent=38074"}],"wp:term":[{"taxonomy":"classe-produit","embeddable":true,"href":"https:\/\/www.lessence-ciel.com\/en\/wp-json\/wp\/v2\/classe-produit?post=38074"},{"taxonomy":"categories-produits","embeddable":true,"href":"https:\/\/www.lessence-ciel.com\/en\/wp-json\/wp\/v2\/categories-produits?post=38074"},{"taxonomy":"thematique","embeddable":true,"href":"https:\/\/www.lessence-ciel.com\/en\/wp-json\/wp\/v2\/thematique?post=38074"},{"taxonomy":"product_brand","embeddable":true,"href":"https:\/\/www.lessence-ciel.com\/en\/wp-json\/wp\/v2\/product_brand?post=38074"}],"curies":[{"name":"wp","href":"https:\/\/api.w.org\/{rel}","templated":true}]}}