{"id":38077,"date":"2015-02-23T01:00:52","date_gmt":"2015-02-23T06:00:52","guid":{"rendered":"https:\/\/www.lessence-ciel.com\/?post_type=product&#038;p=38077"},"modified":"2019-05-24T19:46:42","modified_gmt":"2019-05-24T23:46:42","slug":"cartes-oracles-des-anges-romantiques","status":"publish","type":"product","link":"https:\/\/www.lessence-ciel.com\/en\/products-store\/cartes-oracles-des-anges-romantiques\/","title":{"rendered":"Cartes oracles des Anges Romantiques"},"content":{"rendered":"<p>Ces cartes oracles pourront vous \u00e9clairer davantage au sujet des relations entre \u00e2mes soeurs, favoriser la gu\u00e9rison avec votre pass\u00e9 et faire affluer l&#8217;amour dans votre vie. Ces cartes peuvent vous offrir des indications pr\u00e9cieuses.<\/p>\n","protected":false},"excerpt":{"rendered":"<p>Ces cartes oracles pourront vous \u00e9clairer davantage au sujet des relations entre \u00e2mes soeurs, favoriser la gu\u00e9rison avec votre pass\u00e9 et faire affluer l&#8217;amour dans votre vie. Ces cartes peuvent vous offrir des indications pr\u00e9cieuses.<\/p>\n","protected":false},"featured_media":51249,"template":"","meta":{"_acf_changed":false,"wds_primary_classe-produit":0,"wds_primary_categories-produits":0,"wds_primary_thematique":0,"wds_primary_product_brand":0,"wds_primary_product_cat":0},"classe-produit":[380,366],"categories-produits":[],"thematique":[529,747,745,531,880,888],"product_brand":[],"class_list":{"0":"post-38077","1":"product","2":"type-product","3":"status-publish","4":"has-post-thumbnail","6":"classe-produit-oracles-en","7":"classe-produit-visionary-tools","8":"thematique-angels-world","9":"thematique-angels","10":"thematique-angels-archangels","11":"thematique-natures-realm","12":"thematique-physical-health","13":"thematique-romantic-relationships","15":"first","16":"instock","17":"taxable","18":"shipping-taxable","19":"purchasable","20":"product-type-simple"},"acf":{"modele_type":"blog","modele_email":"single","acf-general_shortdesc":"","modele_single":{"lead_magnet":"","lead_click":"","post_hasvideo":"no","video_associee":{"post_video":"","description_video":"","thumb_video":null}},"modele_default":{"desc":"","lead_click":"Clique ici pour plus d'information"},"modele_hook":{"image_height":null,"lead_magnet":"","key_phase":"","desc":"","lead_click":"Clique ici pour plus d'information"},"modele_bullets":{"image_height":null,"bullets":null,"lead_click":"Clique ici pour plus d'information"}},"_links":{"self":[{"href":"https:\/\/www.lessence-ciel.com\/en\/wp-json\/wp\/v2\/product\/38077","targetHints":{"allow":["GET"]}}],"collection":[{"href":"https:\/\/www.lessence-ciel.com\/en\/wp-json\/wp\/v2\/product"}],"about":[{"href":"https:\/\/www.lessence-ciel.com\/en\/wp-json\/wp\/v2\/types\/product"}],"wp:featuredmedia":[{"embeddable":true,"href":"https:\/\/www.lessence-ciel.com\/en\/wp-json\/wp\/v2\/media\/51249"}],"wp:attachment":[{"href":"https:\/\/www.lessence-ciel.com\/en\/wp-json\/wp\/v2\/media?parent=38077"}],"wp:term":[{"taxonomy":"classe-produit","embeddable":true,"href":"https:\/\/www.lessence-ciel.com\/en\/wp-json\/wp\/v2\/classe-produit?post=38077"},{"taxonomy":"categories-produits","embeddable":true,"href":"https:\/\/www.lessence-ciel.com\/en\/wp-json\/wp\/v2\/categories-produits?post=38077"},{"taxonomy":"thematique","embeddable":true,"href":"https:\/\/www.lessence-ciel.com\/en\/wp-json\/wp\/v2\/thematique?post=38077"},{"taxonomy":"product_brand","embeddable":true,"href":"https:\/\/www.lessence-ciel.com\/en\/wp-json\/wp\/v2\/product_brand?post=38077"}],"curies":[{"name":"wp","href":"https:\/\/api.w.org\/{rel}","templated":true}]}}