{"id":38080,"date":"2015-02-23T01:00:53","date_gmt":"2015-02-23T06:00:53","guid":{"rendered":"https:\/\/www.lessence-ciel.com\/?post_type=product&#038;p=38080"},"modified":"2019-05-24T19:49:36","modified_gmt":"2019-05-24T23:49:36","slug":"cartes-oracles-la-sagesse-d-avalon","status":"publish","type":"product","link":"https:\/\/www.lessence-ciel.com\/en\/products-store\/cartes-oracles-la-sagesse-d-avalon\/","title":{"rendered":"Cartes oracles : La Sagesse d&#8217;Avalon"},"content":{"rendered":"<p>Les Cartes divinatoires La Sagesse d&#8217;Avalon, de Colette Baron-Reid, composent un coffret de 52 cartes avec un guide, qui vous aidera \u00e0 jeter un pont entre le monde mat\u00e9riel dans lequel nous \u00e9voluons au quotidien et le monde invisible de l&#8217;Esprit. Inspir\u00e9 de la riche mythologie de l&#8217;\u00eele d&#8217;Avalon &#8211; que la l\u00e9gende situe dans l&#8217;actuelle Grande-Bretagne &#8211; et de la sagesse de ses pr\u00eatresses, ce coffret vous donnera acc\u00e8s \u00e0 un puissant savoir intuitif touchant tous les aspects de votre vie.<\/p>\n","protected":false},"excerpt":{"rendered":"<p>Les Cartes divinatoires La Sagesse d&#8217;Avalon, de Colette Baron-Reid, composent un coffret de 52 cartes avec un guide, qui vous aidera \u00e0 jeter un pont entre le monde mat\u00e9riel dans lequel nous \u00e9voluons au quotidien et le monde invisible de l&#8217;Esprit. Inspir\u00e9 de la riche mythologie de l&#8217;\u00eele d&#8217;Avalon &#8211; [&hellip;]<\/p>\n","protected":false},"featured_media":51250,"template":"","meta":{"_acf_changed":false,"wds_primary_classe-produit":0,"wds_primary_categories-produits":0,"wds_primary_thematique":0,"wds_primary_product_brand":0,"wds_primary_product_cat":0},"classe-produit":[380,366],"categories-produits":[],"thematique":[529,763,755],"product_brand":[],"class_list":{"0":"post-38080","1":"product","2":"type-product","3":"status-publish","4":"has-post-thumbnail","6":"classe-produit-oracles-en","7":"classe-produit-visionary-tools","8":"thematique-angels-world","9":"thematique-ascended-masters-deities-saints","10":"thematique-spiritual-teaching","12":"first","13":"instock","14":"taxable","15":"shipping-taxable","16":"purchasable","17":"product-type-simple"},"acf":{"modele_type":"blog","modele_email":"single","acf-general_shortdesc":"","modele_single":{"lead_magnet":"","lead_click":"","post_hasvideo":"no","video_associee":{"post_video":"","description_video":"","thumb_video":null}},"modele_default":{"desc":"","lead_click":"Clique ici pour plus d'information"},"modele_hook":{"image_height":null,"lead_magnet":"","key_phase":"","desc":"","lead_click":"Clique ici pour plus d'information"},"modele_bullets":{"image_height":null,"bullets":null,"lead_click":"Clique ici pour plus d'information"}},"_links":{"self":[{"href":"https:\/\/www.lessence-ciel.com\/en\/wp-json\/wp\/v2\/product\/38080","targetHints":{"allow":["GET"]}}],"collection":[{"href":"https:\/\/www.lessence-ciel.com\/en\/wp-json\/wp\/v2\/product"}],"about":[{"href":"https:\/\/www.lessence-ciel.com\/en\/wp-json\/wp\/v2\/types\/product"}],"wp:featuredmedia":[{"embeddable":true,"href":"https:\/\/www.lessence-ciel.com\/en\/wp-json\/wp\/v2\/media\/51250"}],"wp:attachment":[{"href":"https:\/\/www.lessence-ciel.com\/en\/wp-json\/wp\/v2\/media?parent=38080"}],"wp:term":[{"taxonomy":"classe-produit","embeddable":true,"href":"https:\/\/www.lessence-ciel.com\/en\/wp-json\/wp\/v2\/classe-produit?post=38080"},{"taxonomy":"categories-produits","embeddable":true,"href":"https:\/\/www.lessence-ciel.com\/en\/wp-json\/wp\/v2\/categories-produits?post=38080"},{"taxonomy":"thematique","embeddable":true,"href":"https:\/\/www.lessence-ciel.com\/en\/wp-json\/wp\/v2\/thematique?post=38080"},{"taxonomy":"product_brand","embeddable":true,"href":"https:\/\/www.lessence-ciel.com\/en\/wp-json\/wp\/v2\/product_brand?post=38080"}],"curies":[{"name":"wp","href":"https:\/\/api.w.org\/{rel}","templated":true}]}}