{"id":38083,"date":"2015-02-23T01:00:53","date_gmt":"2015-02-23T06:00:53","guid":{"rendered":"https:\/\/www.lessence-ciel.com\/?post_type=product&#038;p=38083"},"modified":"2019-05-24T19:47:18","modified_gmt":"2019-05-24T23:47:18","slug":"les-cartes-des-7-chakras","status":"publish","type":"product","link":"https:\/\/www.lessence-ciel.com\/en\/products-store\/les-cartes-des-7-chakras\/","title":{"rendered":"Les cartes des 7 chakras"},"content":{"rendered":"<p>Un coffret-chavalet et 52 cartes de m\u00e9ditation, avec des conseils pratiques et des exercices sur les 7 chakras, pour avancer sur la voie de l&#8217;\u00e9quilibre physique, spirituel et \u00e9motionnel.<\/p>\n","protected":false},"excerpt":{"rendered":"<p>Un coffret-chavalet et 52 cartes de m\u00e9ditation, avec des conseils pratiques et des exercices sur les 7 chakras, pour avancer sur la voie de l&#8217;\u00e9quilibre physique, spirituel et \u00e9motionnel.<\/p>\n","protected":false},"featured_media":62182,"template":"","meta":{"_acf_changed":false,"wds_primary_classe-produit":0,"wds_primary_categories-produits":0,"wds_primary_thematique":0,"wds_primary_product_brand":0,"wds_primary_product_cat":0},"classe-produit":[380,366],"categories-produits":[],"thematique":[529,1206,800],"product_brand":[],"class_list":{"0":"post-38083","1":"product","2":"type-product","3":"status-publish","4":"has-post-thumbnail","6":"classe-produit-oracles-en","7":"classe-produit-visionary-tools","8":"thematique-angels-world","9":"thematique-the-chakras","10":"thematique-reiki-light-work","12":"first","13":"instock","14":"taxable","15":"shipping-taxable","16":"purchasable","17":"product-type-simple"},"acf":{"modele_type":"blog","modele_email":"single","acf-general_shortdesc":"","modele_single":{"lead_magnet":"","lead_click":"","post_hasvideo":"no","video_associee":{"post_video":"","description_video":"","thumb_video":null}},"modele_default":{"desc":"","lead_click":"Clique ici pour plus d'information"},"modele_hook":{"image_height":null,"lead_magnet":"","key_phase":"","desc":"","lead_click":"Clique ici pour plus d'information"},"modele_bullets":{"image_height":null,"bullets":null,"lead_click":"Clique ici pour plus d'information"}},"_links":{"self":[{"href":"https:\/\/www.lessence-ciel.com\/en\/wp-json\/wp\/v2\/product\/38083","targetHints":{"allow":["GET"]}}],"collection":[{"href":"https:\/\/www.lessence-ciel.com\/en\/wp-json\/wp\/v2\/product"}],"about":[{"href":"https:\/\/www.lessence-ciel.com\/en\/wp-json\/wp\/v2\/types\/product"}],"wp:featuredmedia":[{"embeddable":true,"href":"https:\/\/www.lessence-ciel.com\/en\/wp-json\/wp\/v2\/media\/62182"}],"wp:attachment":[{"href":"https:\/\/www.lessence-ciel.com\/en\/wp-json\/wp\/v2\/media?parent=38083"}],"wp:term":[{"taxonomy":"classe-produit","embeddable":true,"href":"https:\/\/www.lessence-ciel.com\/en\/wp-json\/wp\/v2\/classe-produit?post=38083"},{"taxonomy":"categories-produits","embeddable":true,"href":"https:\/\/www.lessence-ciel.com\/en\/wp-json\/wp\/v2\/categories-produits?post=38083"},{"taxonomy":"thematique","embeddable":true,"href":"https:\/\/www.lessence-ciel.com\/en\/wp-json\/wp\/v2\/thematique?post=38083"},{"taxonomy":"product_brand","embeddable":true,"href":"https:\/\/www.lessence-ciel.com\/en\/wp-json\/wp\/v2\/product_brand?post=38083"}],"curies":[{"name":"wp","href":"https:\/\/api.w.org\/{rel}","templated":true}]}}