{"id":38086,"date":"2015-02-23T01:00:55","date_gmt":"2015-02-23T06:00:55","guid":{"rendered":"https:\/\/www.lessence-ciel.com\/?post_type=product&#038;p=38086"},"modified":"2019-05-24T15:40:32","modified_gmt":"2019-05-24T19:40:32","slug":"cartes-oracles-la-therapie-par-les-anges","status":"publish","type":"product","link":"https:\/\/www.lessence-ciel.com\/en\/products-store\/cartes-oracles-la-therapie-par-les-anges\/","title":{"rendered":"Cartes oracles: La th\u00e9rapie par les anges"},"content":{"rendered":"<p>Ce jeu de cartes peut \u00eatre utilis\u00e9 tant par les d\u00e9butants que par les personnes qui ont de l&#8217;exp\u00e9rience avec les cartes divinatoires. La th\u00e9rapie par les anges est une technique puissante de gu\u00e9rison et de guidance qui implique de travailler avec ses anges gardiens et les archanges (plus particuli\u00e8rement Michael et Rapha\u00ebl). Ces cartes divinatoires et le guide qui les accompagne vous expliquent les gestes \u00e0 poser pour amorcer un processus de gu\u00e9rison; vous aident \u00e0 vous lib\u00e9rer de vos peurs et de vos blocages \u00e9motionnels; et vous offrent des messages en lien avec votre objectif de vie, vos relations, vos r\u00eaves et bien d&#8217;autres sujets<\/p>\n","protected":false},"excerpt":{"rendered":"<p>Ce jeu de cartes peut \u00eatre utilis\u00e9 tant par les d\u00e9butants que par les personnes qui ont de l&#8217;exp\u00e9rience avec les cartes divinatoires. La th\u00e9rapie par les anges est une technique puissante de gu\u00e9rison et de guidance qui implique de travailler avec ses anges gardiens et les archanges (plus particuli\u00e8rement [&hellip;]<\/p>\n","protected":false},"featured_media":51252,"template":"","meta":{"_acf_changed":false,"wds_primary_classe-produit":0,"wds_primary_categories-produits":0,"wds_primary_thematique":0,"wds_primary_product_brand":0,"wds_primary_product_cat":0},"classe-produit":[380,366],"categories-produits":[],"thematique":[529,747,745],"product_brand":[],"class_list":{"0":"post-38086","1":"product","2":"type-product","3":"status-publish","4":"has-post-thumbnail","6":"classe-produit-oracles-en","7":"classe-produit-visionary-tools","8":"thematique-angels-world","9":"thematique-angels","10":"thematique-angels-archangels","12":"first","13":"instock","14":"taxable","15":"shipping-taxable","16":"purchasable","17":"product-type-simple"},"acf":{"modele_type":"blog","modele_email":"single","acf-general_shortdesc":"","modele_single":{"lead_magnet":"","lead_click":"","post_hasvideo":"no","video_associee":{"post_video":"","description_video":"","thumb_video":null}},"modele_default":{"desc":"","lead_click":"Clique ici pour plus d'information"},"modele_hook":{"image_height":null,"lead_magnet":"","key_phase":"","desc":"","lead_click":"Clique ici pour plus d'information"},"modele_bullets":{"image_height":null,"bullets":null,"lead_click":"Clique ici pour plus d'information"}},"_links":{"self":[{"href":"https:\/\/www.lessence-ciel.com\/en\/wp-json\/wp\/v2\/product\/38086","targetHints":{"allow":["GET"]}}],"collection":[{"href":"https:\/\/www.lessence-ciel.com\/en\/wp-json\/wp\/v2\/product"}],"about":[{"href":"https:\/\/www.lessence-ciel.com\/en\/wp-json\/wp\/v2\/types\/product"}],"wp:featuredmedia":[{"embeddable":true,"href":"https:\/\/www.lessence-ciel.com\/en\/wp-json\/wp\/v2\/media\/51252"}],"wp:attachment":[{"href":"https:\/\/www.lessence-ciel.com\/en\/wp-json\/wp\/v2\/media?parent=38086"}],"wp:term":[{"taxonomy":"classe-produit","embeddable":true,"href":"https:\/\/www.lessence-ciel.com\/en\/wp-json\/wp\/v2\/classe-produit?post=38086"},{"taxonomy":"categories-produits","embeddable":true,"href":"https:\/\/www.lessence-ciel.com\/en\/wp-json\/wp\/v2\/categories-produits?post=38086"},{"taxonomy":"thematique","embeddable":true,"href":"https:\/\/www.lessence-ciel.com\/en\/wp-json\/wp\/v2\/thematique?post=38086"},{"taxonomy":"product_brand","embeddable":true,"href":"https:\/\/www.lessence-ciel.com\/en\/wp-json\/wp\/v2\/product_brand?post=38086"}],"curies":[{"name":"wp","href":"https:\/\/api.w.org\/{rel}","templated":true}]}}