{"id":38089,"date":"2015-02-23T01:00:55","date_gmt":"2015-02-23T06:00:55","guid":{"rendered":"https:\/\/www.lessence-ciel.com\/?post_type=product&#038;p=38089"},"modified":"2019-05-24T19:22:24","modified_gmt":"2019-05-24T23:22:24","slug":"cartes-de-l-affirmation-je-passe-a-l-action","status":"publish","type":"product","link":"https:\/\/www.lessence-ciel.com\/en\/products-store\/cartes-de-l-affirmation-je-passe-a-l-action\/","title":{"rendered":"Cartes de l&#8217;affirmation: Je passe \u00e0 l&#8217;action!"},"content":{"rendered":"<p style=\"text-align: justify;\">Osez poser vos questions et revecez les messages qui vont vous aider \u00e0 passer v\u00e9ritablement \u00e0 l&#8217;actions! &nbsp;Les cartes de l&#8217;affirmation vous permettront de faire des choix plus \u00e9clair\u00e9s et de prendre des d\u00e9cisions qui vous feront \u00e9voluer vers un mieux-\u00eatre.<\/p>\n<p style=\"text-align: justify;\">Apr\u00e8s avoir trac\u00e9 le chemin vers la transformation avec son jeu <em>J&#8217;ouvre mes ailes<\/em>, best-seller au Qu\u00e9bec, l&#8217;auteure vous invite maintenant \u00e0 prendre la voie de l&#8217;action avec ce nouveau jeu.<\/p>\n<p style=\"text-align: justify;\">Ce jeu vous aidera \u00e0 devenir davantage ma\u00eetre de votre vie. &nbsp;N&#8217;h\u00e9sitez plus, c&#8217;est le temps de passer \u00e0 l&#8217;action!<\/p>\n","protected":false},"excerpt":{"rendered":"<p>Osez poser vos questions et revecez les messages qui vont vous aider \u00e0 passer v\u00e9ritablement \u00e0 l&#8217;actions! &nbsp;Les cartes de l&#8217;affirmation vous permettront de faire des choix plus \u00e9clair\u00e9s et de prendre des d\u00e9cisions qui vous feront \u00e9voluer vers un mieux-\u00eatre. Apr\u00e8s avoir trac\u00e9 le chemin vers la transformation avec [&hellip;]<\/p>\n","protected":false},"featured_media":51253,"template":"","meta":{"_acf_changed":false,"wds_primary_classe-produit":0,"wds_primary_categories-produits":0,"wds_primary_thematique":0,"wds_primary_product_brand":0,"wds_primary_product_cat":0},"classe-produit":[380,366],"categories-produits":[],"thematique":[974,533,968],"product_brand":[],"class_list":{"0":"post-38089","1":"product","2":"type-product","3":"status-publish","4":"has-post-thumbnail","6":"classe-produit-oracles-en","7":"classe-produit-visionary-tools","8":"thematique-coaching-motivation","9":"thematique-minds-sanctuary","10":"thematique-uplifting-the-mind","12":"first","13":"instock","14":"taxable","15":"shipping-taxable","16":"purchasable","17":"product-type-simple"},"acf":{"modele_type":"blog","modele_email":"single","acf-general_shortdesc":"","modele_single":{"lead_magnet":"","lead_click":"","post_hasvideo":"no","video_associee":{"post_video":"","description_video":"","thumb_video":null}},"modele_default":{"desc":"","lead_click":"Clique ici pour plus d'information"},"modele_hook":{"image_height":null,"lead_magnet":"","key_phase":"","desc":"","lead_click":"Clique ici pour plus d'information"},"modele_bullets":{"image_height":null,"bullets":null,"lead_click":"Clique ici pour plus d'information"}},"_links":{"self":[{"href":"https:\/\/www.lessence-ciel.com\/en\/wp-json\/wp\/v2\/product\/38089","targetHints":{"allow":["GET"]}}],"collection":[{"href":"https:\/\/www.lessence-ciel.com\/en\/wp-json\/wp\/v2\/product"}],"about":[{"href":"https:\/\/www.lessence-ciel.com\/en\/wp-json\/wp\/v2\/types\/product"}],"wp:featuredmedia":[{"embeddable":true,"href":"https:\/\/www.lessence-ciel.com\/en\/wp-json\/wp\/v2\/media\/51253"}],"wp:attachment":[{"href":"https:\/\/www.lessence-ciel.com\/en\/wp-json\/wp\/v2\/media?parent=38089"}],"wp:term":[{"taxonomy":"classe-produit","embeddable":true,"href":"https:\/\/www.lessence-ciel.com\/en\/wp-json\/wp\/v2\/classe-produit?post=38089"},{"taxonomy":"categories-produits","embeddable":true,"href":"https:\/\/www.lessence-ciel.com\/en\/wp-json\/wp\/v2\/categories-produits?post=38089"},{"taxonomy":"thematique","embeddable":true,"href":"https:\/\/www.lessence-ciel.com\/en\/wp-json\/wp\/v2\/thematique?post=38089"},{"taxonomy":"product_brand","embeddable":true,"href":"https:\/\/www.lessence-ciel.com\/en\/wp-json\/wp\/v2\/product_brand?post=38089"}],"curies":[{"name":"wp","href":"https:\/\/api.w.org\/{rel}","templated":true}]}}