{"id":38101,"date":"2015-02-23T01:00:58","date_gmt":"2015-02-23T06:00:58","guid":{"rendered":"https:\/\/www.lessence-ciel.com\/?post_type=product&#038;p=38101"},"modified":"2019-05-24T19:49:13","modified_gmt":"2019-05-24T23:49:13","slug":"cartes-divinatoires-des-archanges","status":"publish","type":"product","link":"https:\/\/www.lessence-ciel.com\/en\/products-store\/cartes-divinatoires-des-archanges\/","title":{"rendered":"Cartes divinatoires des Archanges"},"content":{"rendered":"<p style=\"text-align: justify;\">Les archanges sont des guides tr\u00e8s puissants, sages etaimants qui peuvent vous motiver et vous apaiser de mani\u00e8res miraculeuses. &nbsp;Ce jeu de 45 cartes divinatoires r\u00e9alis\u00e9 par Doreen Virtue vous permettra de vous familiariser avec les 15 archanges, vous apportera des messages d&#8217;eux, vous aidera \u00e0 les invoquer, et r\u00e9pondra \u00e0 certaines de vos grandes questions de vie. &nbsp;Vous apprendrez \u00e0 tirer les cartes des archanges avec pr\u00e9cision, \u00e0 vous et aux autres, \u00e0 l&#8217;aide du guide d&#8217;accompagnement ci-inclus.<\/p>\n","protected":false},"excerpt":{"rendered":"<p>Les archanges sont des guides tr\u00e8s puissants, sages etaimants qui peuvent vous motiver et vous apaiser de mani\u00e8res miraculeuses. &nbsp;Ce jeu de 45 cartes divinatoires r\u00e9alis\u00e9 par Doreen Virtue vous permettra de vous familiariser avec les 15 archanges, vous apportera des messages d&#8217;eux, vous aidera \u00e0 les invoquer, et r\u00e9pondra [&hellip;]<\/p>\n","protected":false},"featured_media":61656,"template":"","meta":{"_acf_changed":false,"wds_primary_classe-produit":0,"wds_primary_categories-produits":0,"wds_primary_thematique":0,"wds_primary_product_brand":0,"wds_primary_product_cat":0},"classe-produit":[380,366],"categories-produits":[],"thematique":[529,747,745,751],"product_brand":[],"class_list":{"0":"post-38101","1":"product","2":"type-product","3":"status-publish","4":"has-post-thumbnail","6":"classe-produit-oracles-en","7":"classe-produit-visionary-tools","8":"thematique-angels-world","9":"thematique-angels","10":"thematique-angels-archangels","11":"thematique-archangels","13":"first","14":"instock","15":"taxable","16":"shipping-taxable","17":"purchasable","18":"product-type-simple"},"acf":{"modele_type":"blog","modele_email":"single","acf-general_shortdesc":"","modele_single":{"lead_magnet":"","lead_click":"","post_hasvideo":"no","video_associee":{"post_video":"","description_video":"","thumb_video":null}},"modele_default":{"desc":"","lead_click":"Clique ici pour plus d'information"},"modele_hook":{"image_height":null,"lead_magnet":"","key_phase":"","desc":"","lead_click":"Clique ici pour plus d'information"},"modele_bullets":{"image_height":null,"bullets":null,"lead_click":"Clique ici pour plus d'information"}},"_links":{"self":[{"href":"https:\/\/www.lessence-ciel.com\/en\/wp-json\/wp\/v2\/product\/38101","targetHints":{"allow":["GET"]}}],"collection":[{"href":"https:\/\/www.lessence-ciel.com\/en\/wp-json\/wp\/v2\/product"}],"about":[{"href":"https:\/\/www.lessence-ciel.com\/en\/wp-json\/wp\/v2\/types\/product"}],"wp:featuredmedia":[{"embeddable":true,"href":"https:\/\/www.lessence-ciel.com\/en\/wp-json\/wp\/v2\/media\/61656"}],"wp:attachment":[{"href":"https:\/\/www.lessence-ciel.com\/en\/wp-json\/wp\/v2\/media?parent=38101"}],"wp:term":[{"taxonomy":"classe-produit","embeddable":true,"href":"https:\/\/www.lessence-ciel.com\/en\/wp-json\/wp\/v2\/classe-produit?post=38101"},{"taxonomy":"categories-produits","embeddable":true,"href":"https:\/\/www.lessence-ciel.com\/en\/wp-json\/wp\/v2\/categories-produits?post=38101"},{"taxonomy":"thematique","embeddable":true,"href":"https:\/\/www.lessence-ciel.com\/en\/wp-json\/wp\/v2\/thematique?post=38101"},{"taxonomy":"product_brand","embeddable":true,"href":"https:\/\/www.lessence-ciel.com\/en\/wp-json\/wp\/v2\/product_brand?post=38101"}],"curies":[{"name":"wp","href":"https:\/\/api.w.org\/{rel}","templated":true}]}}