{"id":38122,"date":"2015-02-23T01:01:04","date_gmt":"2015-02-23T06:01:04","guid":{"rendered":"https:\/\/www.lessence-ciel.com\/?post_type=product&#038;p=38122"},"modified":"2019-05-24T16:04:43","modified_gmt":"2019-05-24T20:04:43","slug":"a-l-ecoute-de-vos-vibrations-5","status":"publish","type":"product","link":"https:\/\/www.lessence-ciel.com\/en\/products-store\/a-l-ecoute-de-vos-vibrations-5\/","title":{"rendered":"\u00c0 l&#8217;\u00e9coute de vos vibrations"},"content":{"rendered":"<p style=\"text-align: justify;\">\u00c9vitez de vous perdre en conjectures lorsque vous devez prendre des d\u00e9cisions; servez-vous plut\u00f4t de votre sixi\u00e8me sens! Gu\u00e9risseuse vibratoire et enseignante r\u00e9volutionnaire, auteure de Journal d&#8217;un m\u00e9dium et de A l&#8217;\u00e9coute de vos vibrations, Sonia Choquette a cr\u00e9\u00e9 ce puissant jeu de cartes qui est con\u00e7u pour activer votre voix psychique et vous montrer comment vivre une vie bas\u00e9e sur vos six sens. Chacune des 52 cartes de ce jeu est un outil cr\u00e9atif qui vous permettra d&#8217;employer vos muscles psychiques. Ces cartes vous permettront d&#8217;acc\u00e9der \u00e0 votre syst\u00e8me de soutien Divin et d&#8217;approfondir votre lien avec Dieu, avec votre Moi Sup\u00e9rieur et avec vos aides spirituels de l&#8217;Autre c\u00f4t\u00e9. Servez-vous quotidiennement de ce jeu et du guide qui l&#8217;accompagne ; vous apprendrez \u00e0 faire confiance \u00e0 vos vibrations et vous ferez l&#8217;exp\u00e9rience du bien-\u00eatre et de l&#8217;abandon qui accompagnent une vie avec les six sens.<\/p>\n","protected":false},"excerpt":{"rendered":"<p>\u00c9vitez de vous perdre en conjectures lorsque vous devez prendre des d\u00e9cisions; servez-vous plut\u00f4t de votre sixi\u00e8me sens! Gu\u00e9risseuse vibratoire et enseignante r\u00e9volutionnaire, auteure de Journal d&#8217;un m\u00e9dium et de A l&#8217;\u00e9coute de vos vibrations, Sonia Choquette a cr\u00e9\u00e9 ce puissant jeu de cartes qui est con\u00e7u pour activer votre [&hellip;]<\/p>\n","protected":false},"featured_media":43516,"template":"","meta":{"_acf_changed":false,"wds_primary_classe-produit":0,"wds_primary_categories-produits":0,"wds_primary_thematique":0,"wds_primary_product_brand":0,"wds_primary_product_cat":0},"classe-produit":[380,366],"categories-produits":[],"thematique":[931,533],"product_brand":[],"class_list":{"0":"post-38122","1":"product","2":"type-product","3":"status-publish","4":"has-post-thumbnail","6":"classe-produit-oracles-en","7":"classe-produit-visionary-tools","8":"thematique-intuition-psychic-development-mediums","9":"thematique-minds-sanctuary","11":"first","12":"instock","13":"taxable","14":"shipping-taxable","15":"purchasable","16":"product-type-simple"},"acf":{"modele_type":"blog","modele_email":"single","acf-general_shortdesc":"","modele_single":{"lead_magnet":"","lead_click":"","post_hasvideo":"no","video_associee":{"post_video":"","description_video":"","thumb_video":null}},"modele_default":{"desc":"","lead_click":"Clique ici pour plus d'information"},"modele_hook":{"image_height":null,"lead_magnet":"","key_phase":"","desc":"","lead_click":"Clique ici pour plus d'information"},"modele_bullets":{"image_height":null,"bullets":null,"lead_click":"Clique ici pour plus d'information"}},"_links":{"self":[{"href":"https:\/\/www.lessence-ciel.com\/en\/wp-json\/wp\/v2\/product\/38122","targetHints":{"allow":["GET"]}}],"collection":[{"href":"https:\/\/www.lessence-ciel.com\/en\/wp-json\/wp\/v2\/product"}],"about":[{"href":"https:\/\/www.lessence-ciel.com\/en\/wp-json\/wp\/v2\/types\/product"}],"wp:featuredmedia":[{"embeddable":true,"href":"https:\/\/www.lessence-ciel.com\/en\/wp-json\/wp\/v2\/media\/43516"}],"wp:attachment":[{"href":"https:\/\/www.lessence-ciel.com\/en\/wp-json\/wp\/v2\/media?parent=38122"}],"wp:term":[{"taxonomy":"classe-produit","embeddable":true,"href":"https:\/\/www.lessence-ciel.com\/en\/wp-json\/wp\/v2\/classe-produit?post=38122"},{"taxonomy":"categories-produits","embeddable":true,"href":"https:\/\/www.lessence-ciel.com\/en\/wp-json\/wp\/v2\/categories-produits?post=38122"},{"taxonomy":"thematique","embeddable":true,"href":"https:\/\/www.lessence-ciel.com\/en\/wp-json\/wp\/v2\/thematique?post=38122"},{"taxonomy":"product_brand","embeddable":true,"href":"https:\/\/www.lessence-ciel.com\/en\/wp-json\/wp\/v2\/product_brand?post=38122"}],"curies":[{"name":"wp","href":"https:\/\/api.w.org\/{rel}","templated":true}]}}