{"id":38131,"date":"2015-02-23T01:01:09","date_gmt":"2015-02-23T06:01:09","guid":{"rendered":"https:\/\/www.lessence-ciel.com\/?post_type=product&#038;p=38131"},"modified":"2019-05-24T19:24:05","modified_gmt":"2019-05-24T23:24:05","slug":"comment-developper-son-intuition","status":"publish","type":"product","link":"https:\/\/www.lessence-ciel.com\/en\/products-store\/comment-developper-son-intuition\/","title":{"rendered":"Comment d\u00e9velopper son intuition"},"content":{"rendered":"<p style=\"text-align: justify;\">Aimeriez-vous r\u00e9inventer votre vie, sauf que vous n&#8217;avez m\u00eame pas le temps de vous y mettre ? En avez-vous assez de jongler avec autant de responsabilit\u00e9s pour si peu de r\u00e9sultats ? L&#8217;auteure de best-sellers et th\u00e9rapeute Doreen Virtue. (elle-m\u00eame \u00e9pouse, m\u00e8re de deux enfants et femme de carri\u00e8re), vous propose des solutions \u00e9prouv\u00e9es, inspir\u00e9es de la psychologie et de la spiritualit\u00e9, pour que le temps travaille pour vous ! Doreen Virtue vous aidera \u00e0 \u00e9viter les nombreux pi\u00e8ges complexes sem\u00e9s par votre esprit. Vous d\u00e9couvrirez qu&#8217;il est possible de trouver du temps pour soi et de rationaliser son emploi du temps avec le soutien affectueux de ses proches. Vous apprendrez \u00e9galement comment accro\u00eetre votre confiance en vous, apaiser votre peur de l&#8217;\u00e9chec, d\u00e9velopper votre intuition et lib\u00e9rer votre sens inn\u00e9 de la r\u00e9ussite. Vous m\u00e9ritez d&#8217;avoir une vie riche \u00e0 tous points de vue : plaisir, d\u00e9tente, prosp\u00e9rit\u00e9 et amour. Pourquoi ne pas commencer tout de suite ?<\/p>\n","protected":false},"excerpt":{"rendered":"<p>Aimeriez-vous r\u00e9inventer votre vie, sauf que vous n&#8217;avez m\u00eame pas le temps de vous y mettre ? En avez-vous assez de jongler avec autant de responsabilit\u00e9s pour si peu de r\u00e9sultats ? L&#8217;auteure de best-sellers et th\u00e9rapeute Doreen Virtue. (elle-m\u00eame \u00e9pouse, m\u00e8re de deux enfants et femme de carri\u00e8re), vous [&hellip;]<\/p>\n","protected":false},"featured_media":61708,"template":"","meta":{"_acf_changed":false,"wds_primary_classe-produit":0,"wds_primary_categories-produits":0,"wds_primary_thematique":0,"wds_primary_product_brand":0,"wds_primary_product_cat":0},"classe-produit":[380,366],"categories-produits":[],"thematique":[931,533],"product_brand":[],"class_list":{"0":"post-38131","1":"product","2":"type-product","3":"status-publish","4":"has-post-thumbnail","6":"classe-produit-oracles-en","7":"classe-produit-visionary-tools","8":"thematique-intuition-psychic-development-mediums","9":"thematique-minds-sanctuary","11":"first","12":"instock","13":"taxable","14":"shipping-taxable","15":"purchasable","16":"product-type-simple"},"acf":{"modele_type":"blog","modele_email":"single","acf-general_shortdesc":"","modele_single":{"lead_magnet":"","lead_click":"","post_hasvideo":"no","video_associee":{"post_video":"","description_video":"","thumb_video":null}},"modele_default":{"desc":"","lead_click":"Clique ici pour plus d'information"},"modele_hook":{"image_height":null,"lead_magnet":"","key_phase":"","desc":"","lead_click":"Clique ici pour plus d'information"},"modele_bullets":{"image_height":null,"bullets":null,"lead_click":"Clique ici pour plus d'information"}},"_links":{"self":[{"href":"https:\/\/www.lessence-ciel.com\/en\/wp-json\/wp\/v2\/product\/38131","targetHints":{"allow":["GET"]}}],"collection":[{"href":"https:\/\/www.lessence-ciel.com\/en\/wp-json\/wp\/v2\/product"}],"about":[{"href":"https:\/\/www.lessence-ciel.com\/en\/wp-json\/wp\/v2\/types\/product"}],"wp:featuredmedia":[{"embeddable":true,"href":"https:\/\/www.lessence-ciel.com\/en\/wp-json\/wp\/v2\/media\/61708"}],"wp:attachment":[{"href":"https:\/\/www.lessence-ciel.com\/en\/wp-json\/wp\/v2\/media?parent=38131"}],"wp:term":[{"taxonomy":"classe-produit","embeddable":true,"href":"https:\/\/www.lessence-ciel.com\/en\/wp-json\/wp\/v2\/classe-produit?post=38131"},{"taxonomy":"categories-produits","embeddable":true,"href":"https:\/\/www.lessence-ciel.com\/en\/wp-json\/wp\/v2\/categories-produits?post=38131"},{"taxonomy":"thematique","embeddable":true,"href":"https:\/\/www.lessence-ciel.com\/en\/wp-json\/wp\/v2\/thematique?post=38131"},{"taxonomy":"product_brand","embeddable":true,"href":"https:\/\/www.lessence-ciel.com\/en\/wp-json\/wp\/v2\/product_brand?post=38131"}],"curies":[{"name":"wp","href":"https:\/\/api.w.org\/{rel}","templated":true}]}}